{"id":729,"date":"2024-08-04T13:30:18","date_gmt":"2024-08-04T13:30:18","guid":{"rendered":"https:\/\/new.having1ball.ch\/?page_id=729"},"modified":"2026-02-01T16:04:36","modified_gmt":"2026-02-01T15:04:36","slug":"danke-fur-ihre-unterstutzung","status":"publish","type":"page","link":"https:\/\/having1ball.ch\/index.php\/de\/danke-fur-ihre-unterstutzung\/","title":{"rendered":"Merci de votre soutien &#8211; DE"},"content":{"rendered":"<h1>Vielen Dank f\u00fcr Ihre Unterst\u00fctzung!<\/h1>\n<div>\n<p>Ihre Anmeldung wurde erfolgreich registriert. Sie werden in den n\u00e4chsten Stunden eine Best\u00e4tigungs-E-Mail erhalten.<\/p>\n<p>Bitte \u00fcberweisen Sie Ihren Mitgliedsbeitrag mithilfe der untenstehenden QR-Rechnungen auf das Bankkonto des Vereins.<\/p>\n<p>Bei Zahlungen aus dem Ausland finden Sie die <a href=\"#banque\">Bankverbindung unten aur der Seite.<\/a><\/p>\n<\/div>\n<hr>\n<div>\n<h2>Mitglied : CHF 50.-<\/h2>\n<\/div>\n<p><img decoding=\"async\" src=\"\/wp-content\/uploads\/2026\/02\/HAB-QRCotisationMembre.png\" alt=\"\"><\/p>\n<div>\n<h2>PDF<\/h2>\n<\/div>\n<p><p>\n        <a href=\"\/wp-content\/uploads\/2026\/02\/HAB-QRCotisationMembre.pdf\">QR-Rechnung herunterladen<\/a>\n    <\/p>\n<\/p>\n<hr>\n<div>\n<h2>Joey&rsquo;s Friend : CHF 150.-<\/h2>\n<\/div>\n<p><img decoding=\"async\" src=\"\/wp-content\/uploads\/2026\/02\/HAB-QRCotisationAmiJoey.png\" alt=\"\"><\/p>\n<div>\n<h2>PDF<\/h2>\n<\/div>\n<p><p>\n        <a href=\"\/wp-content\/uploads\/2026\/02\/HAB-QRCotisationAmiJoey.pdf\">QR-Rechnung herunterladen<\/a>\n    <\/p>\n<\/p>\n<hr>\n<div>\n<h2>Familie : CHF 90.-<\/h2>\n<\/div>\n<p><img decoding=\"async\" src=\"\/wp-content\/uploads\/2026\/02\/HAB-QRCotisationFamille.png\" alt=\"\"><\/p>\n<div>\n<h2>PDF<\/h2>\n<\/div>\n<p><p>\n        <a href=\"\/wp-content\/uploads\/2026\/02\/HAB-QRCotisationFamille.pdf\">QR-Rechnung herunterladen<\/a>\n    <\/p>\n<\/p>\n<hr>\n<div>\n<h2>Spende<\/h2>\n<\/div>\n<p><img decoding=\"async\" src=\"\/wp-content\/uploads\/2025\/01\/QR_DonationLibre.webp\" alt=\"\"><\/p>\n<div>\n<h2>PDF<\/h2>\n<\/div>\n<p><p>\n        <a href=\"\/wp-content\/uploads\/2025\/01\/QR_DonationLibre.pdf\">QR-Rechnung herunterladen<\/a>\n    <\/p>\n<\/p>\n<hr>\n<div>\n<h2>Bankverbindung<\/h2>\n<\/div>\n<div>\n<div class=\"uk-panel uk-margin\" data-id=\"page#0-0-0-5\" data-element=\"\">\n<p style=\"text-align: center;\">Having a Ball : Joseph Barnes Ass. for Testicular Cancer Awareness<br \/>Banque Cantonale Neuch\u00e2teloise<br \/>CH-2001 Neuch\u00e2tel<\/p>\n<p style=\"text-align: center;\">BIC \/ SWIFT : BCNNCH22XXX<br \/>IBAN : CH76 0076 6000 1042 2278 8<\/p>\n<\/div>\n<\/div>\n<p><!--more--><br \/>\n<!-- {\"type\":\"layout\",\"children\":[{\"type\":\"section\",\"props\":{\"image_position\":\"center-center\",\"style\":\"default\",\"title_breakpoint\":\"xl\",\"title_position\":\"top-left\",\"title_rotation\":\"left\",\"vertical_align\":\"middle\",\"width\":\"default\"},\"children\":[{\"type\":\"row\",\"children\":[{\"type\":\"column\",\"props\":{\"image_position\":\"center-center\",\"position_sticky_breakpoint\":\"m\"},\"children\":[{\"type\":\"headline\",\"props\":{\"content\":\"Vielen Dank f\u00fcr Ihre Unterst\u00fctzung!\",\"image_align\":\"left\",\"image_margin\":\"xsmall\",\"title_element\":\"h1\"}},{\"type\":\"text\",\"props\":{\"column_breakpoint\":\"m\",\"content\":\"\n\n<p>Ihre Anmeldung wurde erfolgreich registriert. Sie werden in den n\u00e4chsten Stunden eine Best\u00e4tigungs-E-Mail erhalten.<\/p>\n\n\\n\n\n<p>Bitte \u00fcberweisen Sie Ihren Mitgliedsbeitrag mithilfe der untenstehenden QR-Rechnungen auf das Bankkonto des Vereins.<\/p>\n\n\\n\n\n<p>Bei Zahlungen aus dem Ausland finden Sie die <a href=\\\"#banque\\\">Bankverbindung unten aur der Seite.<\/a><\/p>\n\n\",\"margin_bottom\":\"default\",\"margin_top\":\"default\"}}]}]},{\"type\":\"row\",\"children\":[{\"type\":\"column\",\"props\":{\"image_position\":\"center-center\",\"position_sticky_breakpoint\":\"m\"},\"children\":[{\"type\":\"divider\",\"props\":{\"divider_element\":\"hr\"}}]}]},{\"type\":\"row\",\"props\":{\"layout\":\"3-4,1-4\"},\"children\":[{\"type\":\"column\",\"props\":{\"image_position\":\"center-center\",\"position_sticky_breakpoint\":\"m\",\"width_medium\":\"3-4\"},\"children\":[{\"type\":\"text\",\"props\":{\"column_breakpoint\":\"m\",\"content\":\"\n\n<h2>Mitglied : CHF 50.-<\/h2>\n\n\",\"margin_bottom\":\"default\",\"margin_top\":\"default\"}},{\"type\":\"image\",\"props\":{\"image\":\"\/wp-content\/uploads\/2026\/02\/HAB-QRCotisationMembre.png\",\"image_svg_color\":\"emphasis\",\"margin_bottom\":\"default\",\"margin_top\":\"default\"}}]},{\"type\":\"column\",\"props\":{\"image_position\":\"center-center\",\"position_sticky_breakpoint\":\"m\",\"width_medium\":\"1-4\"},\"children\":[{\"type\":\"text\",\"props\":{\"column_breakpoint\":\"m\",\"content\":\"\n\n<h2>PDF<\/h2>\n\n\",\"margin_bottom\":\"default\",\"margin_top\":\"default\"}},{\"type\":\"button\",\"props\":{\"grid_column_gap\":\"small\",\"grid_row_gap\":\"small\",\"margin_bottom\":\"default\",\"margin_top\":\"default\"},\"children\":[{\"type\":\"button_item\",\"props\":{\"button_style\":\"default\",\"content\":\"QR-Rechnung herunterladen\",\"dialog_layout\":\"modal\",\"dialog_offcanvas_flip\":true,\"icon_align\":\"left\",\"link\":\"wp-content\/uploads\/2026\/02\/HAB-QRCotisationMembre.pdf\",\"link_target\":true,\"link_title\":\"T\u00e9l\u00e9charger version PDF \"}}]}]}]},{\"type\":\"row\",\"children\":[{\"type\":\"column\",\"props\":{\"image_position\":\"center-center\",\"position_sticky_breakpoint\":\"m\"},\"children\":[{\"type\":\"divider\",\"props\":{\"divider_element\":\"hr\"}}]}]},{\"type\":\"row\",\"props\":{\"layout\":\"3-4,1-4\"},\"children\":[{\"type\":\"column\",\"props\":{\"image_position\":\"center-center\",\"position_sticky_breakpoint\":\"m\",\"width_medium\":\"3-4\"},\"children\":[{\"type\":\"text\",\"props\":{\"column_breakpoint\":\"m\",\"content\":\"\n\n<h2>Joey's Friend : CHF 150.-<\/h2>\n\n\",\"margin_bottom\":\"default\",\"margin_top\":\"default\"}},{\"type\":\"image\",\"props\":{\"image\":\"\/wp-content\/uploads\/2026\/02\/HAB-QRCotisationAmiJoey.png\",\"image_svg_color\":\"emphasis\",\"margin_bottom\":\"default\",\"margin_top\":\"default\"}}]},{\"type\":\"column\",\"props\":{\"image_position\":\"center-center\",\"position_sticky_breakpoint\":\"m\",\"width_medium\":\"1-4\"},\"children\":[{\"type\":\"text\",\"props\":{\"column_breakpoint\":\"m\",\"content\":\"\n\n<h2>PDF<\/h2>\n\n\",\"margin_bottom\":\"default\",\"margin_top\":\"default\"}},{\"type\":\"button\",\"props\":{\"grid_column_gap\":\"small\",\"grid_row_gap\":\"small\",\"margin_bottom\":\"default\",\"margin_top\":\"default\"},\"children\":[{\"type\":\"button_item\",\"props\":{\"button_style\":\"default\",\"content\":\"QR-Rechnung herunterladen\",\"dialog_layout\":\"modal\",\"dialog_offcanvas_flip\":true,\"icon_align\":\"left\",\"link\":\"\/wp-content\/uploads\/2026\/02\/HAB-QRCotisationAmiJoey.pdf\",\"link_target\":true,\"link_title\":\"T\u00e9l\u00e9charger version PDF\"}}]}]}]},{\"type\":\"row\",\"children\":[{\"type\":\"column\",\"props\":{\"image_position\":\"center-center\",\"position_sticky_breakpoint\":\"m\"},\"children\":[{\"type\":\"divider\",\"props\":{\"divider_element\":\"hr\"}}]}]},{\"type\":\"row\",\"props\":{\"layout\":\"3-4,1-4\"},\"children\":[{\"type\":\"column\",\"props\":{\"image_position\":\"center-center\",\"position_sticky_breakpoint\":\"m\",\"width_medium\":\"3-4\"},\"children\":[{\"type\":\"text\",\"props\":{\"column_breakpoint\":\"m\",\"content\":\"\n\n<h2>Familie : CHF 90.-<\/h2>\n\n\",\"margin_bottom\":\"default\",\"margin_top\":\"default\"}},{\"type\":\"image\",\"props\":{\"image\":\"\/wp-content\/uploads\/2026\/02\/HAB-QRCotisationFamille.png\",\"image_svg_color\":\"emphasis\",\"margin_bottom\":\"default\",\"margin_top\":\"default\"}}]},{\"type\":\"column\",\"props\":{\"image_position\":\"center-center\",\"position_sticky_breakpoint\":\"m\",\"width_medium\":\"1-4\"},\"children\":[{\"type\":\"text\",\"props\":{\"column_breakpoint\":\"m\",\"content\":\"\n\n<h2>PDF<\/h2>\n\n\",\"margin_bottom\":\"default\",\"margin_top\":\"default\"}},{\"type\":\"button\",\"props\":{\"grid_column_gap\":\"small\",\"grid_row_gap\":\"small\",\"margin_bottom\":\"default\",\"margin_top\":\"default\"},\"children\":[{\"type\":\"button_item\",\"props\":{\"button_style\":\"default\",\"content\":\"QR-Rechnung herunterladen\",\"dialog_layout\":\"modal\",\"dialog_offcanvas_flip\":true,\"icon_align\":\"left\",\"link\":\"\/wp-content\/uploads\/2026\/02\/HAB-QRCotisationFamille.pdf\",\"link_target\":true,\"link_title\":\"T\u00e9l\u00e9charger version PDF\"}}]}]}]},{\"type\":\"row\",\"children\":[{\"type\":\"column\",\"props\":{\"image_position\":\"center-center\",\"position_sticky_breakpoint\":\"m\"},\"children\":[{\"type\":\"divider\",\"props\":{\"divider_element\":\"hr\"}}]}]},{\"type\":\"row\",\"props\":{\"layout\":\"3-4,1-4\"},\"children\":[{\"type\":\"column\",\"props\":{\"image_position\":\"center-center\",\"position_sticky_breakpoint\":\"m\",\"width_medium\":\"3-4\"},\"children\":[{\"type\":\"text\",\"props\":{\"column_breakpoint\":\"m\",\"content\":\"\n\n<h2>Spende<\/h2>\n\n\",\"margin_bottom\":\"default\",\"margin_top\":\"default\"}},{\"type\":\"image\",\"props\":{\"image\":\"wp-content\/uploads\/2025\/01\/QR_DonationLibre.webp\",\"image_svg_color\":\"emphasis\",\"margin_bottom\":\"default\",\"margin_top\":\"default\"}}]},{\"type\":\"column\",\"props\":{\"image_position\":\"center-center\",\"position_sticky_breakpoint\":\"m\",\"width_medium\":\"1-4\"},\"children\":[{\"type\":\"text\",\"props\":{\"column_breakpoint\":\"m\",\"content\":\"\n\n<h2>PDF<\/h2>\n\n\",\"margin_bottom\":\"default\",\"margin_top\":\"default\"}},{\"type\":\"button\",\"props\":{\"grid_column_gap\":\"small\",\"grid_row_gap\":\"small\",\"margin_bottom\":\"default\",\"margin_top\":\"default\"},\"children\":[{\"type\":\"button_item\",\"props\":{\"button_style\":\"default\",\"content\":\"QR-Rechnung herunterladen\",\"dialog_layout\":\"modal\",\"dialog_offcanvas_flip\":true,\"icon_align\":\"left\",\"link\":\"wp-content\/uploads\/2025\/01\/QR_DonationLibre.pdf\",\"link_target\":true,\"link_title\":\"T\u00e9l\u00e9charger version PDF\"}}]}]}]},{\"type\":\"row\",\"children\":[{\"type\":\"column\",\"props\":{\"image_position\":\"center-center\",\"position_sticky_breakpoint\":\"m\"},\"children\":[{\"type\":\"divider\",\"props\":{\"divider_element\":\"hr\"}}]}]},{\"type\":\"row\",\"props\":{\"id\":\"banque\"},\"children\":[{\"type\":\"column\",\"props\":{\"image_position\":\"center-center\",\"position_sticky_breakpoint\":\"m\"},\"children\":[{\"type\":\"text\",\"props\":{\"column_breakpoint\":\"m\",\"content\":\"\n\n<h2>Bankverbindung<\/h2>\n\n\",\"margin_bottom\":\"default\",\"margin_top\":\"default\"}},{\"type\":\"text\",\"props\":{\"column_breakpoint\":\"m\",\"content\":\"\n\n<div class=\\\"uk-panel uk-margin\\\" data-id=\\\"page#0-0-0-5\\\" data-element=\\\"\\\">\\n\n\n<p style=\\\"text-align: center;\\\">Having a Ball : Joseph Barnes Ass. for Testicular Cancer Awareness<br \/>Banque Cantonale Neuch\u00e2teloise<br \/>CH-2001 Neuch\u00e2tel<\/p>\n\n\\n\n\n<p style=\\\"text-align: center;\\\">BIC \/ SWIFT : BCNNCH22XXX<br \/>IBAN : CH76 0076 6000 1042 2278 8<\/p>\n\n\\n<\/div>\n\n\",\"margin_bottom\":\"default\",\"margin_top\":\"default\",\"text_align\":\"center\"}}]}]}]}],\"version\":\"5.0.9\"} --><\/p>\n","protected":false},"excerpt":{"rendered":"<p>Vielen Dank f\u00fcr Ihre Unterst\u00fctzung! Ihre Anmeldung wurde erfolgreich registriert. Sie werden in den n\u00e4chsten Stunden eine Best\u00e4tigungs-E-Mail erhalten. Bitte \u00fcberweisen Sie Ihren Mitgliedsbeitrag mithilfe der untenstehenden QR-Rechnungen auf das Bankkonto des Vereins. Bei Zahlungen aus dem Ausland finden Sie die Bankverbindung unten aur der Seite. Mitglied : CHF 50.- PDF QR-Rechnung herunterladen Joey&rsquo;s Friend [&hellip;]<\/p>\n","protected":false},"author":3,"featured_media":0,"parent":0,"menu_order":0,"comment_status":"closed","ping_status":"closed","template":"","meta":{"footnotes":""},"class_list":["post-729","page","type-page","status-publish","hentry"],"_links":{"self":[{"href":"https:\/\/having1ball.ch\/index.php\/wp-json\/wp\/v2\/pages\/729","targetHints":{"allow":["GET"]}}],"collection":[{"href":"https:\/\/having1ball.ch\/index.php\/wp-json\/wp\/v2\/pages"}],"about":[{"href":"https:\/\/having1ball.ch\/index.php\/wp-json\/wp\/v2\/types\/page"}],"author":[{"embeddable":true,"href":"https:\/\/having1ball.ch\/index.php\/wp-json\/wp\/v2\/users\/3"}],"replies":[{"embeddable":true,"href":"https:\/\/having1ball.ch\/index.php\/wp-json\/wp\/v2\/comments?post=729"}],"version-history":[{"count":16,"href":"https:\/\/having1ball.ch\/index.php\/wp-json\/wp\/v2\/pages\/729\/revisions"}],"predecessor-version":[{"id":2001,"href":"https:\/\/having1ball.ch\/index.php\/wp-json\/wp\/v2\/pages\/729\/revisions\/2001"}],"wp:attachment":[{"href":"https:\/\/having1ball.ch\/index.php\/wp-json\/wp\/v2\/media?parent=729"}],"curies":[{"name":"wp","href":"https:\/\/api.w.org\/{rel}","templated":true}]}}