{"id":630,"date":"2024-08-04T13:30:18","date_gmt":"2024-08-04T13:30:18","guid":{"rendered":"https:\/\/new.having1ball.ch\/?page_id=630"},"modified":"2025-08-20T09:55:40","modified_gmt":"2025-08-20T08:55:40","slug":"hodenkrebs","status":"publish","type":"page","link":"https:\/\/having1ball.ch\/index.php\/de\/hodenkrebs\/","title":{"rendered":"Cancer du testicule &#8211; DE"},"content":{"rendered":"<h1>\n<h1 class=\"font_0 wixui-rich-text__text\">Hodenkrebs<\/h1>\n<\/h1>\n<div>\n<h3>Was ist Hodenkrebs?<\/h3>\n<div>\n<p>Hodenkrebs ist eine Krankheit, bei der sich in einem oder beiden Hoden Krebs entwickelt. Er tritt auf, wenn die Keimzellen ein abnormales Wachstum erfahren und eine Masse von Zellen bilden, die als Tumore bezeichnet werden und beginnen, in normales Gewebe einzudringen.<\/p>\n<p>Hodenkrebs ist keine h\u00e4ufige Krebsart. Er kann in jedem Alter auftreten, am h\u00e4ufigsten jedoch zwischen 15 und 44 Jahren.<\/p>\n<p>Hodenkrebs kann metastasieren, d. h. er kann sich \u00fcber Blut- und Lymphgef\u00e4sse in andere Teile des K\u00f6rpers ausbreiten und dort neue Tumore bilden. Am h\u00e4ufigsten breitet sich Hodenkrebs in den Bauchraum, die Leber, die Lunge, die Knochen und das Gehirn aus. Wenn er nicht rechtzeitig erkannt wird, k\u00f6nnen Krebstumore schnell wachsen und ihre Gr\u00f6sse innerhalb von 10 bis 30 Tagen verdoppeln. Er ist t\u00f6dlich, wenn er nicht behandelt wird.<\/p>\n<p>Doch selbst wenn er sich auf andere K\u00f6rperteile ausbreitet, l\u00e4sst sich Hodenkrebs in der Regel sehr gut behandeln. Die Behandlungen h\u00e4ngen davon ab, an welcher Art von Hodenkrebs Sie leiden und wie weit er sich ausgebreitet hat. Zu den g\u00e4ngigen Behandlungen geh\u00f6ren Operationen, Chemotherapie und Strahlentherapie.<\/p>\n<p>Hodenkrebs nimmt immer mehr zu. In der Schweiz gibt es jedes Jahr etwa 470 neue F\u00e4lle von Hodenkrebs.<\/p>\n<\/div>\n<\/div>\n<hr>\n<h1>\n<h5>Risikofaktoren<\/h5>\n<\/h1>\n<div>\n<p><span class=\"wixui-rich-text__text\"><span class=\"color_37 wixui-rich-text__text\">Die folgenden Faktoren k\u00f6nnen das Risiko f\u00fcr Hodenkrebs erh\u00f6hen :<br \/>\u2022 ein Hoden, der nicht in den Hodensack abgestiegen ist (Hodenfehlstellung)<br \/>\u2022 <\/span><\/span><span class=\"wixui-rich-text__text\"><span class=\"color_37 wixui-rich-text__text\">Hodenkrebs in der Vorgeschichte<br \/><\/span><\/span><span class=\"wixui-rich-text__text\"><span class=\"color_37 wixui-rich-text__text\">\u2022 erbliche Faktoren.<\/span><\/span><\/p>\n<\/div>\n<hr>\n<div>\n<h3>SYMPTOME<\/h3>\n<div>\n<p>M\u00f6gliche spezifische Symptome\u00a0: <br \/>\u2022 Ein geschwollener oder vergr\u00f6sserter Hoden (normalerweise schmerzlos);<br \/>\u2022 eine h\u00e4rtere Stelle oder ein Knoten in einem Hoden (meist schmerzlos);<br \/>\u2022 ein Ziehen, Spannen oder Schweregef\u00fchl im Hoden oder in der Leistengegend;<br \/>\u2022 eine ber\u00fchrungsempfindliche Stelle im Bereich des Hodens;<br \/>\u2022 eine Schwellung der Brustdr\u00fcsen (bei einigen Hodenkrebsarten werden weibliche Hormone ausgesch\u00fcttet).<\/p>\n<p>M\u00f6gliche Allgemeinsymptome :<br \/>\u2022 M\u00fcdigkeit, verminderte Vitalit\u00e4t<br \/>\u2022 Appetitlosigkeit, \u00dcbelkeit<br \/>\u2022 Gewichtsverlust<br \/>\u2022 R\u00fcckenschmerzen<br \/>\u2022 Atembeschwerden<\/p>\n<p><strong>WENN SIE ANZEICHEN UND SYMPTOME VON HODENKREBS HABEN, GEHEN SIE SOFORT ZUM ARZT.<\/strong><\/p>\n<\/div>\n<\/div>\n<hr>\n<p><img decoding=\"async\" src=\"\/wp-content\/uploads\/2024\/08\/AutoCheck_DE.webp\" alt=\"\"><\/p>\n<div>\n<p><a href=\"https:\/\/www.youtube.com\/watch?v=PphL6YLTD3U&amp;t=29s\">Selbsttest<\/a><span class=\"Y2IQFc\" lang=\"de\"> auf YouTube ansehen<\/span><\/p>\n<\/div>\n<ul>\n<li>\n<h3>DIAGNOSE<\/h3>\n<div>\n<p><strong>Wie wird Hodenkrebs diagnostiziert ?<\/strong><\/p>\n<p>VORGESCHICHTE UND K\u00d6RPERLICHE UNTERSUCHUNG<\/p>\n<p>Im ersten Schritt verschafft sich der Arzt einen \u00dcberblick \u00fcber die gesamte Krankengeschichte und pr\u00fcft Risikofaktoren und Symptome. Bei der k\u00f6rperlichen Untersuchung wird der Arzt die Hoden auf Anzeichen von Schwellung oder Empfindlichkeit abtasten und die Gr\u00f6\u00dfe und Lage etwaiger Knoten feststellen. Der Arzt wird auch den Bauchraum auf vergr\u00f6\u00dferte Lymphknoten untersuchen, ein Zeichen daf\u00fcr, dass sich der Krebs auf die retroperitonealen Lymphknoten ausgebreitet hat.<\/p>\n<p>ULTRASCHALL<\/p>\n<p>Wenn eine Masse oder ein Knoten vorliegt, m\u00f6chte der Arzt wahrscheinlich eine Ultraschalluntersuchung des Hodens durchf\u00fchren, um festzustellen, ob die Masse krebsartig ist oder nicht. Beim Ultraschall werden Schallwellen verwendet, um \u00ab\u00a0Echos\u00a0\u00bb von inneren Organen zu erzeugen. Anhand der Form der reflektierten Echos kann eine Hydrozele von anderen gutartigen Massen unterschieden werden. Wenn die Geschwulst fest ist, handelt es sich h\u00f6chstwahrscheinlich um Krebs.<\/p>\n<p>BLUTUNTERSUCHUNGEN<\/p>\n<p>Bluttests sind oft hilfreich bei der Diagnose von Hodentumoren. Einige Hodenkrebsarten, sondern erh\u00f6hte Mengen bestimmter Proteine ab, die als Tumormarker bezeichnet werden.<\/p>\n<\/div>\n<\/li>\n<li>\n<h3>BEHANDLUNG<\/h3>\n<div>\n<p>Hodenkrebs bietet sowohl im Fr\u00fchstadium als auch im fortgeschrittenen Stadium, wenn er bereits Metastasen gebildet hat, gute Heilungschancen.<\/p>\n<p>CHIRURGIE<\/p>\n<p>Wenn die Krebsdiagnose best\u00e4tigt ist, wird der befallene Hoden zun\u00e4chst in einem chirurgischen Eingriff entfernt (die Entfernung des krebsbefallenen Hodens = Orchiektomie). Der entfernte Tumor wird dann zur Analyse in ein Labor geschickt.<\/p>\n<p>CHEMOTHERAPIE<\/p>\n<p>Bei der Chemotherapie werden starke Medikamente eingesetzt, um die Krebszellen abzut\u00f6ten, h\u00e4ufig nach einer Operation. Die Chemotherapie breitet sich im ganzen K\u00f6rper aus und kann Krebszellen abt\u00f6ten, die sich \u00fcber den Hoden hinaus ausgebreitet haben.<\/p>\n<\/p>\n<p>Die Chemotherapie kann dazu f\u00fchren, dass Ihr K\u00f6rper die Spermienproduktion einstellt. H\u00e4ufiger kommt es jedoch zu einer Wiederaufnahme der Spermienproduktion, wenn Sie sich von den Behandlungen erholen. Wenn der Verlust der Spermienproduktion dauerhaft ist, sollte die Entnahme sowie die Konservierung Ihrer Spermien vor der Chemotherapie in Betracht gezogen werden.<\/p>\n<\/div>\n<\/li>\n<\/ul>\n<p><!--more--><br \/>\n<!-- {\"type\":\"layout\",\"children\":[{\"type\":\"section\",\"props\":{\"image_position\":\"center-center\",\"padding\":\"xsmall\",\"padding_remove_top\":false,\"style\":\"default\",\"title_breakpoint\":\"xl\",\"title_position\":\"top-left\",\"title_rotation\":\"left\",\"vertical_align\":\"\",\"width\":\"default\"},\"children\":[{\"type\":\"row\",\"children\":[{\"type\":\"column\",\"props\":{\"image_position\":\"center-center\",\"position_sticky_breakpoint\":\"m\"},\"children\":[{\"type\":\"headline\",\"props\":{\"content\":\"\n\n<h1 class=\\\"font_0 wixui-rich-text__text\\\">Hodenkrebs<\\\/h1>\",\"title_element\":\"h1\"}}]}]},{\"type\":\"row\",\"children\":[{\"type\":\"column\",\"props\":{\"image_position\":\"center-center\",\"position_sticky_breakpoint\":\"m\"},\"children\":[{\"type\":\"accordion\",\"props\":{\"collapsible\":true,\"content_column_breakpoint\":\"m\",\"content_dropcap\":false,\"image_align\":\"top\",\"image_grid_breakpoint\":\"m\",\"image_grid_width\":\"1-2\",\"image_svg_color\":\"emphasis\",\"link_style\":\"default\",\"link_text\":\"Lire plus\",\"multiple\":false,\"show_image\":true,\"show_link\":true},\"children\":[{\"type\":\"accordion_item\",\"props\":{\"content\":\"\n\n<p>Hodenkrebs ist eine Krankheit, bei der sich in einem oder beiden Hoden Krebs entwickelt. Er tritt auf, wenn die Keimzellen ein abnormales Wachstum erfahren und eine Masse von Zellen bilden, die als Tumore bezeichnet werden und beginnen, in normales Gewebe einzudringen.<\\\/p>\\n\n\n<p>Hodenkrebs ist keine h\\u00e4ufige Krebsart. Er kann in jedem Alter auftreten, am h\\u00e4ufigsten jedoch zwischen 15 und 44 Jahren.<\\\/p>\\n\n\n<p>Hodenkrebs kann metastasieren, d. h. er kann sich \\u00fcber Blut- und Lymphgef\\u00e4sse in andere Teile des K\\u00f6rpers ausbreiten und dort neue Tumore bilden. Am h\\u00e4ufigsten breitet sich Hodenkrebs in den Bauchraum, die Leber, die Lunge, die Knochen und das Gehirn aus. Wenn er nicht rechtzeitig erkannt wird, k\\u00f6nnen Krebstumore schnell wachsen und ihre Gr\\u00f6sse innerhalb von 10 bis 30 Tagen verdoppeln. Er ist t\\u00f6dlich, wenn er nicht behandelt wird.<\\\/p>\\n\n\n<p>Doch selbst wenn er sich auf andere K\\u00f6rperteile ausbreitet, l\\u00e4sst sich Hodenkrebs in der Regel sehr gut behandeln. Die Behandlungen h\\u00e4ngen davon ab, an welcher Art von Hodenkrebs Sie leiden und wie weit er sich ausgebreitet hat. Zu den g\\u00e4ngigen Behandlungen geh\\u00f6ren Operationen, Chemotherapie und Strahlentherapie.<\\\/p>\\n\n\n<p>Hodenkrebs nimmt immer mehr zu. In der Schweiz gibt es jedes Jahr etwa 470 neue F\\u00e4lle von Hodenkrebs.<\\\/p>\",\"title\":\"Was ist Hodenkrebs?\"}}]},{\"type\":\"divider\",\"props\":{\"divider_element\":\"hr\"}},{\"type\":\"headline\",\"props\":{\"content\":\"\n\n<h5>Risikofaktoren<\\\/h5>\",\"title_element\":\"h1\"}},{\"type\":\"text\",\"props\":{\"column_breakpoint\":\"m\",\"content\":\"\n\n<p><span class=\\\"wixui-rich-text__text\\\"><span class=\\\"color_37 wixui-rich-text__text\\\">Die folgenden Faktoren k\\u00f6nnen das Risiko f\\u00fcr Hodenkrebs erh\\u00f6hen :<br \\\/>\\u2022 ein Hoden, der nicht in den Hodensack abgestiegen ist (Hodenfehlstellung)<br \\\/>\\u2022 <\\\/span><\\\/span><span class=\\\"wixui-rich-text__text\\\"><span class=\\\"color_37 wixui-rich-text__text\\\">Hodenkrebs in der Vorgeschichte<br \\\/><\\\/span><\\\/span><span class=\\\"wixui-rich-text__text\\\"><span class=\\\"color_37 wixui-rich-text__text\\\">\\u2022 erbliche Faktoren.<\\\/span><\\\/span><\\\/p>\",\"margin\":\"default\",\"margin_remove_bottom\":true}},{\"type\":\"divider\",\"props\":{\"divider_element\":\"hr\"}},{\"type\":\"accordion\",\"props\":{\"collapsible\":true,\"content_column_breakpoint\":\"m\",\"content_dropcap\":false,\"image_align\":\"top\",\"image_grid_breakpoint\":\"m\",\"image_grid_width\":\"1-2\",\"image_svg_color\":\"emphasis\",\"link_style\":\"default\",\"link_text\":\"Lire plus\",\"multiple\":false,\"show_image\":true,\"show_link\":true},\"children\":[{\"type\":\"accordion_item\",\"props\":{\"content\":\"\n\n<p>M\\u00f6gliche spezifische Symptome\\u00a0: <br \\\/>\\u2022 Ein geschwollener oder vergr\\u00f6sserter Hoden (normalerweise schmerzlos);<br \\\/>\\u2022 eine h\\u00e4rtere Stelle oder ein Knoten in einem Hoden (meist schmerzlos);<br \\\/>\\u2022 ein Ziehen, Spannen oder Schweregef\\u00fchl im Hoden oder in der Leistengegend;<br \\\/>\\u2022 eine ber\\u00fchrungsempfindliche Stelle im Bereich des Hodens;<br \\\/>\\u2022 eine Schwellung der Brustdr\\u00fcsen (bei einigen Hodenkrebsarten werden weibliche Hormone ausgesch\\u00fcttet).<\\\/p>\\n\n\n<p>M\\u00f6gliche Allgemeinsymptome :<br \\\/>\\u2022 M\\u00fcdigkeit, verminderte Vitalit\\u00e4t<br \\\/>\\u2022 Appetitlosigkeit, \\u00dcbelkeit<br \\\/>\\u2022 Gewichtsverlust<br \\\/>\\u2022 R\\u00fcckenschmerzen<br \\\/>\\u2022 Atembeschwerden<\\\/p>\\n\n\n<p><strong>WENN SIE ANZEICHEN UND SYMPTOME VON HODENKREBS HABEN, GEHEN SIE SOFORT ZUM ARZT.<\\\/strong><\\\/p>\",\"title\":\"SYMPTOME\"}}]},{\"type\":\"divider\",\"props\":{\"divider_element\":\"hr\"}},{\"type\":\"image\",\"props\":{\"image\":\"wp-content\\\/uploads\\\/2024\\\/08\\\/AutoCheck_DE.webp\",\"image_svg_color\":\"emphasis\",\"margin\":\"default\",\"text_align\":\"center\"}},{\"type\":\"text\",\"props\":{\"column_breakpoint\":\"m\",\"content\":\"\n\n<p><a href=\\\"https:\\\/\\\/www.youtube.com\\\/watch?v=PphL6YLTD3U&amp;t=29s\\\">Selbsttest<\\\/a><span class=\\\"Y2IQFc\\\" lang=\\\"de\\\"> auf YouTube ansehen<\\\/span><\\\/p>\",\"margin\":\"default\"}},{\"type\":\"accordion\",\"props\":{\"collapsible\":true,\"content_column_breakpoint\":\"m\",\"image_align\":\"top\",\"image_grid_breakpoint\":\"m\",\"image_grid_width\":\"1-2\",\"image_svg_color\":\"emphasis\",\"link_style\":\"default\",\"link_text\":\"Read more\",\"show_image\":true,\"show_link\":true},\"children\":[{\"type\":\"accordion_item\",\"props\":{\"content\":\"\n\n<p><strong>Wie wird Hodenkrebs diagnostiziert ?<\\\/strong><br \\\/><br \\\/>VORGESCHICHTE UND K\\u00d6RPERLICHE UNTERSUCHUNG<\\\/p>\\n\n\n<p>Im ersten Schritt verschafft sich der Arzt einen \\u00dcberblick \\u00fcber die gesamte Krankengeschichte und pr\\u00fcft Risikofaktoren und Symptome. Bei der k\\u00f6rperlichen Untersuchung wird der Arzt die Hoden auf Anzeichen von Schwellung oder Empfindlichkeit abtasten und die Gr\\u00f6\\u00dfe und Lage etwaiger Knoten feststellen. Der Arzt wird auch den Bauchraum auf vergr\\u00f6\\u00dferte Lymphknoten untersuchen, ein Zeichen daf\\u00fcr, dass sich der Krebs auf die retroperitonealen Lymphknoten ausgebreitet hat.<\\\/p>\\n\n\n<p>ULTRASCHALL<\\\/p>\\n\n\n<p>Wenn eine Masse oder ein Knoten vorliegt, m\\u00f6chte der Arzt wahrscheinlich eine Ultraschalluntersuchung des Hodens durchf\\u00fchren, um festzustellen, ob die Masse krebsartig ist oder nicht. Beim Ultraschall werden Schallwellen verwendet, um \\\"Echos\\\" von inneren Organen zu erzeugen. Anhand der Form der reflektierten Echos kann eine Hydrozele von anderen gutartigen Massen unterschieden werden. Wenn die Geschwulst fest ist, handelt es sich h\\u00f6chstwahrscheinlich um Krebs.<\\\/p>\\n\n\n<p>BLUTUNTERSUCHUNGEN<\\\/p>\\n\n\n<p>Bluttests sind oft hilfreich bei der Diagnose von Hodentumoren. Einige Hodenkrebsarten, sondern erh\\u00f6hte Mengen bestimmter Proteine ab, die als Tumormarker bezeichnet werden.<\\\/p>\",\"title\":\"DIAGNOSE\"}},{\"type\":\"accordion_item\",\"props\":{\"content\":\"\n\n<p>Hodenkrebs bietet sowohl im Fr\\u00fchstadium als auch im fortgeschrittenen Stadium, wenn er bereits Metastasen gebildet hat, gute Heilungschancen.<\\\/p>\\n\n\n<p>CHIRURGIE<\\\/p>\\n\n\n<p>Wenn die Krebsdiagnose best\\u00e4tigt ist, wird der befallene Hoden zun\\u00e4chst in einem chirurgischen Eingriff entfernt (die Entfernung des krebsbefallenen Hodens = Orchiektomie). Der entfernte Tumor wird dann zur Analyse in ein Labor geschickt.<\\\/p>\\n\n\n<p>CHEMOTHERAPIE<\\\/p>\\n\n\n<p>Bei der Chemotherapie werden starke Medikamente eingesetzt, um die Krebszellen abzut\\u00f6ten, h\\u00e4ufig nach einer Operation. Die Chemotherapie breitet sich im ganzen K\\u00f6rper aus und kann Krebszellen abt\\u00f6ten, die sich \\u00fcber den Hoden hinaus ausgebreitet haben.<\\\/p>\\n\n\n<p><\\\/p>\\n\n\n<p>Die Chemotherapie kann dazu f\\u00fchren, dass Ihr K\\u00f6rper die Spermienproduktion einstellt. H\\u00e4ufiger kommt es jedoch zu einer Wiederaufnahme der Spermienproduktion, wenn Sie sich von den Behandlungen erholen. Wenn der Verlust der Spermienproduktion dauerhaft ist, sollte die Entnahme sowie die Konservierung Ihrer Spermien vor der Chemotherapie in Betracht gezogen werden.<\\\/p>\",\"title\":\"BEHANDLUNG\"}}]}]}]}]}],\"version\":\"4.5.24\"} --><\/p>\n","protected":false},"excerpt":{"rendered":"<p>Hodenkrebs Was ist Hodenkrebs? Hodenkrebs ist eine Krankheit, bei der sich in einem oder beiden Hoden Krebs entwickelt. Er tritt auf, wenn die Keimzellen ein abnormales Wachstum erfahren und eine Masse von Zellen bilden, die als Tumore bezeichnet werden und beginnen, in normales Gewebe einzudringen. Hodenkrebs ist keine h\u00e4ufige Krebsart. Er kann in jedem Alter [&hellip;]<\/p>\n","protected":false},"author":3,"featured_media":0,"parent":0,"menu_order":0,"comment_status":"closed","ping_status":"closed","template":"","meta":{"footnotes":""},"class_list":["post-630","page","type-page","status-publish","hentry"],"_links":{"self":[{"href":"https:\/\/having1ball.ch\/index.php\/wp-json\/wp\/v2\/pages\/630","targetHints":{"allow":["GET"]}}],"collection":[{"href":"https:\/\/having1ball.ch\/index.php\/wp-json\/wp\/v2\/pages"}],"about":[{"href":"https:\/\/having1ball.ch\/index.php\/wp-json\/wp\/v2\/types\/page"}],"author":[{"embeddable":true,"href":"https:\/\/having1ball.ch\/index.php\/wp-json\/wp\/v2\/users\/3"}],"replies":[{"embeddable":true,"href":"https:\/\/having1ball.ch\/index.php\/wp-json\/wp\/v2\/comments?post=630"}],"version-history":[{"count":12,"href":"https:\/\/having1ball.ch\/index.php\/wp-json\/wp\/v2\/pages\/630\/revisions"}],"predecessor-version":[{"id":1808,"href":"https:\/\/having1ball.ch\/index.php\/wp-json\/wp\/v2\/pages\/630\/revisions\/1808"}],"wp:attachment":[{"href":"https:\/\/having1ball.ch\/index.php\/wp-json\/wp\/v2\/media?parent=630"}],"curies":[{"name":"wp","href":"https:\/\/api.w.org\/{rel}","templated":true}]}}