{"id":532,"date":"2024-08-04T13:30:18","date_gmt":"2024-08-04T13:30:18","guid":{"rendered":"https:\/\/new.having1ball.ch\/?page_id=532"},"modified":"2024-08-11T12:48:54","modified_gmt":"2024-08-11T12:48:54","slug":"wohig-geht-ihre-spende","status":"publish","type":"page","link":"https:\/\/having1ball.ch\/index.php\/de\/wohig-geht-ihre-spende\/","title":{"rendered":"O\u00f9 va votre don ? &#8211; DE"},"content":{"rendered":"<h1>\n<h2 class=\"font_2 wixui-rich-text__text\">Wohin fliesst das Geld?<\/h2>\n<\/h1>\n<div>\n<p>Ihre Spende hilft uns, die praktischen Aspekte unserer Sensibilisierungskampagnen zu organisieren, wie Zeltmiete, Strom, Versicherung, Druck von Flyern und Plakaten usw.\u00a0 Werbung, Verkaufsf\u00f6rderung und soziale Medien sind nat\u00fcrlich ebenfalls vorrangige Bereiche, um die Botschaft zu verbreiten.<\/p>\n<p>Zus\u00e4tzlich zu den speziellen Veranstaltungen werden wir Plakate und Flyer in Schulen, Sportvereinen, bei betrieblichen Gesundheitstagen und an anderen Orten, an denen junge M\u00e4nner zusammenkommen, verteilen. Dies mit dem Ziel, unsere Botschaft \u00fcber die Bedeutung von Selbstuntersuchungen und Fr\u00fcherkennung zu verbreiten.<\/p>\n<p>Ausserdem wollen wir den von Hodenkrebs Betroffenen moralische und finanzielle Unterst\u00fctzung bieten. Mit der Zeit wollen wir einen Beitrag zur Hodenkrebsforschung leisten.<\/p>\n<p>Transparenz ist f\u00fcr uns wichtig. Unsere Ausschussmitglieder werden f\u00fcr ihre Arbeit nicht entsch\u00e4digt. In \u00dcbereinstimmung mit unseren Statuten und dem Schweizer Recht wird unsere Buchhaltung j\u00e4hrlich von externen Revisoren gepr\u00fcft und unseren Mitgliedern an der Generalversammlung vorgelegt.<\/p>\n<\/div>\n<p><img decoding=\"async\" src=\"\/wp-content\/uploads\/2024\/04\/Poster1.webp\" alt=\"\"><\/p>\n<p><!--more--><br \/>\n<!-- {\"type\":\"layout\",\"children\":[{\"type\":\"section\",\"props\":{\"image_position\":\"center-center\",\"padding\":\"xsmall\",\"padding_remove_bottom\":true,\"padding_remove_top\":true,\"style\":\"default\",\"title_breakpoint\":\"xl\",\"title_position\":\"top-left\",\"title_rotation\":\"left\",\"vertical_align\":\"\",\"width\":\"default\"},\"children\":[{\"type\":\"row\",\"children\":[{\"type\":\"column\",\"props\":{\"image_position\":\"center-center\",\"position_sticky_breakpoint\":\"m\"},\"children\":[{\"type\":\"headline\",\"props\":{\"content\":\"\n\n<h2 class=\\\"font_2 wixui-rich-text__text\\\">Wohin fliesst das Geld?<\\\/h2>\",\"title_element\":\"h1\"}},{\"type\":\"text\",\"props\":{\"column_breakpoint\":\"m\",\"content\":\"\n\n<p>Ihre Spende hilft uns, die praktischen Aspekte unserer Sensibilisierungskampagnen zu organisieren, wie Zeltmiete, Strom, Versicherung, Druck von Flyern und Plakaten usw.\\u00a0 Werbung, Verkaufsf\\u00f6rderung und soziale Medien sind nat\\u00fcrlich ebenfalls vorrangige Bereiche, um die Botschaft zu verbreiten.<\\\/p>\\n\n\n<p>Zus\\u00e4tzlich zu den speziellen Veranstaltungen werden wir Plakate und Flyer in Schulen, Sportvereinen, bei betrieblichen Gesundheitstagen und an anderen Orten, an denen junge M\\u00e4nner zusammenkommen, verteilen. Dies mit dem Ziel, unsere Botschaft \\u00fcber die Bedeutung von Selbstuntersuchungen und Fr\\u00fcherkennung zu verbreiten.<\\\/p>\\n\n\n<p>Ausserdem wollen wir den von Hodenkrebs Betroffenen moralische und finanzielle Unterst\\u00fctzung bieten. Mit der Zeit wollen wir einen Beitrag zur Hodenkrebsforschung leisten.<\\\/p>\\n\n\n<p>Transparenz ist f\\u00fcr uns wichtig. Unsere Ausschussmitglieder werden f\\u00fcr ihre Arbeit nicht entsch\\u00e4digt. In \\u00dcbereinstimmung mit unseren Statuten und dem Schweizer Recht wird unsere Buchhaltung j\\u00e4hrlich von externen Revisoren gepr\\u00fcft und unseren Mitgliedern an der Generalversammlung vorgelegt.<\\\/p>\",\"margin\":\"default\"}}]}]},{\"type\":\"row\",\"children\":[{\"type\":\"column\",\"props\":{\"image_position\":\"center-center\",\"position_sticky_breakpoint\":\"m\"},\"children\":[{\"type\":\"image\",\"props\":{\"image\":\"wp-content\\\/uploads\\\/2024\\\/04\\\/Poster1.webp\",\"image_svg_color\":\"emphasis\",\"image_width\":1200,\"margin\":\"small\",\"margin_remove_top\":false}}]}]}]}],\"version\":\"4.4.7\"} --><\/p>\n","protected":false},"excerpt":{"rendered":"<p>Wohin fliesst das Geld? Ihre Spende hilft uns, die praktischen Aspekte unserer Sensibilisierungskampagnen zu organisieren, wie Zeltmiete, Strom, Versicherung, Druck von Flyern und Plakaten usw.\u00a0 Werbung, Verkaufsf\u00f6rderung und soziale Medien sind nat\u00fcrlich ebenfalls vorrangige Bereiche, um die Botschaft zu verbreiten. Zus\u00e4tzlich zu den speziellen Veranstaltungen werden wir Plakate und Flyer in Schulen, Sportvereinen, bei betrieblichen [&hellip;]<\/p>\n","protected":false},"author":3,"featured_media":0,"parent":0,"menu_order":0,"comment_status":"closed","ping_status":"closed","template":"","meta":{"footnotes":""},"class_list":["post-532","page","type-page","status-publish","hentry"],"_links":{"self":[{"href":"https:\/\/having1ball.ch\/index.php\/wp-json\/wp\/v2\/pages\/532","targetHints":{"allow":["GET"]}}],"collection":[{"href":"https:\/\/having1ball.ch\/index.php\/wp-json\/wp\/v2\/pages"}],"about":[{"href":"https:\/\/having1ball.ch\/index.php\/wp-json\/wp\/v2\/types\/page"}],"author":[{"embeddable":true,"href":"https:\/\/having1ball.ch\/index.php\/wp-json\/wp\/v2\/users\/3"}],"replies":[{"embeddable":true,"href":"https:\/\/having1ball.ch\/index.php\/wp-json\/wp\/v2\/comments?post=532"}],"version-history":[{"count":5,"href":"https:\/\/having1ball.ch\/index.php\/wp-json\/wp\/v2\/pages\/532\/revisions"}],"predecessor-version":[{"id":922,"href":"https:\/\/having1ball.ch\/index.php\/wp-json\/wp\/v2\/pages\/532\/revisions\/922"}],"wp:attachment":[{"href":"https:\/\/having1ball.ch\/index.php\/wp-json\/wp\/v2\/media?parent=532"}],"curies":[{"name":"wp","href":"https:\/\/api.w.org\/{rel}","templated":true}]}}