{"id":519,"date":"2024-08-04T13:30:18","date_gmt":"2024-08-04T13:30:18","guid":{"rendered":"https:\/\/new.having1ball.ch\/?page_id=519"},"modified":"2024-08-11T12:55:44","modified_gmt":"2024-08-11T12:55:44","slug":"joeys-geschichte","status":"publish","type":"page","link":"https:\/\/having1ball.ch\/index.php\/de\/joeys-geschichte\/","title":{"rendered":"L&rsquo;histoire de Joey &#8211; DE"},"content":{"rendered":"<h1>Joeys Geschichte<\/h1>\n<div>\n<p>Joey ist in Neuenburg in der Schweiz geboren und aufgewachsen, aber besass nur ein Kanadischen Pass durch seinen Vater, der aus Edmonton, Alberta, stammt. Obwohl er haupts\u00e4chlich auf Franz\u00f6sisch erzogen wurde und v\u00f6llig zweisprachig ist, betrachtet er Englisch als seine erste Sprache.<\/p>\n<p>Nach einer gl\u00fccklichen Kindheit und Jugend beschloss Joey, nach seinem Schulabschluss in die Fussstapfen seines Vaters zu treten und Naturwissenschaften zu studieren. Doch weder Physik noch das sp\u00e4tere Studium der Politik- und Wirtschaftswissenschaften begeisterten ihn ausreichend, um diesen Weg weiterzugehen. Er hatte sich schon immer f\u00fcr das Kino begeistert, und als er an der Metropolitan Film School in London angenommen wurde, war das wie ein wahr gewordener Traum. Die Jahre, die er dort verbrachte, geh\u00f6rten zu den gl\u00fccklichsten seines Erwachsenenlebens.<\/p>\n<p>Zur\u00fcck in der Schweiz arbeitete er acht Jahre lang als Radiomoderator und DJ, f\u00fchrte Hunderte von Interviews und wurde zu einer bekannten Pers\u00f6nlichkeit in der Region. Er war auch als Synchronsprecher f\u00fcr verschiedene Superm\u00e4rkte, IKEA Einrichtungsh\u00e4user, Uhrenhersteller, Krankenh\u00e4user usw. t\u00e4tig. Er hatte eine wunderbare, tiefe und klare Stimme, die er nicht nur beruflich, sondern auch in seiner Freizeit als S\u00e4nger einer Band einsetzte. Seine Arbeit am Neuch\u00e2tel International Fantastic Film Festival (NIFFF) wurde ebenfalls sehr gesch\u00e4tzt. Er war definitiv in seinem Element, als er Zeit mit so bekannten Hollywood-Regisseuren wie David Cronenberg, Kevin Smith, George R.R. Martin, um nur einige zu nennen, verbrachte. Zusammen mit seinem guten Freund Nico schrieb und inszenierte er eine Reihe von Kurzfilmen und drehte eine Dokumentarfilm auf Bali. Er war schon immer ein sehr lustiger Typ und hatte eine treue Fangemeinde f\u00fcr seine vielen, selbstironischen und cleveren Selfies auf Facebook.<\/p>\n<\/div>\n<ul>\n<li>\n<p>        <img decoding=\"async\" src=\"\/wp-content\/uploads\/2024\/04\/5e4b48_2a9077967de2478fbf55997aa45c1ee9mv2.webp\" alt=\"\"><\/p>\n<\/li>\n<li>\n<p>        <img decoding=\"async\" src=\"\/wp-content\/uploads\/2024\/04\/5e4b48_fef788d550e3409286fccb7e31bcabeemv2.webp\" alt=\"\"><\/p>\n<\/li>\n<li>\n<p>        <img decoding=\"async\" src=\"\/wp-content\/uploads\/2024\/04\/5e4b48_d7a4cdcaf5694e829a4c032205b447f0mv2.webp\" alt=\"\"><\/p>\n<\/li>\n<\/ul>\n<div>\n<p>Wegen Covid hatten wir Joey weniger gesehen als sonst, obwohl wir in derselben Gegend wohnten. Er war sehr streng gewesen, weil er seinen Vater und mich nicht versehentlich anstecken wollte. In den ersten Monaten des Jahres 2021 schien er ein wenig m\u00fcde zu sein und klagte hin und wieder \u00fcber R\u00fcckenschmerzen, aber er meinte, das l\u00e4ge nur daran, dass er sich nicht genug bewegte.<\/p>\n<p>Dann, eines Tages, \u00e4nderte sich unsere Welt, wie wir sie kannten, in einer Sekunde: Am 26. Juni 2021 kam Joey zum Kaffee nach Hause und \u00fcberbrachte uns die niederschmetternde Nachricht, dass bei ihm gerade Krebs diagnostiziert worden war! Der Diagnoseprozess war sehr schnell verlaufen: Er war schliesslich wegen seiner R\u00fcckenschmerzen in die Notaufnahme gegangen und wurde sofort zu einer Untersuchung geschickt, nachdem er einen Knoten erw\u00e4hnt hatte, den er einige Monate zuvor in einem seiner Hoden bemerkt hatte. Er hatte es vor lauter R\u00fcckenschmerzen vergessen. Am n\u00e4chsten Tag teilte ihm sein Urologe die Nachricht mit: Hodenkrebs. Da eine Chemotherapie unfruchtbar machen kann, liess er sein Sperma einfrieren. Obwohl er zu diesem Zeitpunkt alleinstehend war, wollte er die M\u00f6glichkeit, ein Kind zu zeugen, nicht ausschliessen. Das alles musste schnell gehen, denn eine Woche nach seiner Diagnose wurde bereits die Orchiektomie, die Entfernung des krebsbefallenen Hodens, durchgef\u00fchrt.<\/p>\n<p>Zun\u00e4chst waren wir zuversichtlich, dass er die Krankheit besiegen w\u00fcrde, auch wenn die Ergebnisse einer Biopsie zeigten, dass der Krebs bereits auf seine Lunge, Leber und Wirbels\u00e4ule \u00fcbergegriffen hatte. Metastasierender Hodenkrebs hat immer noch eine ausgezeichnete Heilungsprognose, also bat Joey seine Familie und Freunde, zusammen mit ihm und f\u00fcr ihn positiv zu bleiben. Wir waren nat\u00fcrlich ersch\u00fcttert, aber ich versuchte, nie vor ihm zu weinen.<\/p>\n<p>Die ersten Monate der Chemotherapie hat er sehr gut verkraftet und ausser M\u00fcdigkeit und einem metallischen Geschmack im Mund kaum Nebenwirkungen versp\u00fcrt. Die \u00dcbelkeit wurde mit Medikamenten in Schach gehalten. Er sch\u00e4tzte sich gl\u00fccklich. Als er das erste Protokoll abgeschlossen hatte, waren wir alle \u00fcbergl\u00fccklich, als ein neuer PET-Scan zeigte, dass die Tumore stark geschrumpft waren. Der n\u00e4chste Schritt war die RLA-Operation (retroperitoneale Lymphknotenentfernung), bei der die Lymphknoten in seinem Bauchraum entfernt werden sollten, um eine weitere Ausbreitung des Krebses zu verhindern.<\/p>\n<\/div>\n<ul>\n<li>\n<p>        <img decoding=\"async\" src=\"\/wp-content\/uploads\/2024\/04\/5e4b48_be646882e1144c918f022795be2162f9mv2.webp\" alt=\"\"><\/p>\n<\/li>\n<li>\n<p>        <img decoding=\"async\" src=\"\/wp-content\/uploads\/2024\/04\/5e4b48_240486913e054256822330f7c407da9emv2.webp\" alt=\"\"><\/p>\n<\/li>\n<\/ul>\n<div>\n<p>Die Wartezeit in jenem Herbst war lang und wurde m\u00f6glicherweise durch die Covid-Beschr\u00e4nkungen im Universit\u00e4tsspital Bern, wo die Operation durchgef\u00fchrt werden sollte, noch verl\u00e4ngert. Er wurde schliesslich am 3. Januar eingeliefert, aber in allerletzter Minute wurde die Operation abgesagt, da ein letztes Screening einen grossen Tumor auf seiner Lunge ergab. Ein Teil des Tumors wurde entfernt, ebenso wie ein Teil des linken Lungenfl\u00fcgels. Daraufhin wurde ein zweiter Zyklus einer neuen Chemotherapie eingeplant.<\/p>\n<p>Tragischerweise breitete sich der Tumor trotz weiterer Operationen, vier Chemotherapien, einer autologen Stammzellentransplantation, f\u00fcnf Tagen im k\u00fcnstlichen Koma und mehr als 100 Tagen in f\u00fcnf verschiedenen Krankenh\u00e4usern schliesslich auf sein Gehirn aus.<\/p>\n<p>Obwohl er wusste, dass sein Krebs unheilbar war, sollte er mit einer Strahlentherapie beginnen, um die Tumore zu ver\u00f6den. Wir hofften, dadurch etwas Zeit in einem Hospiz zu gewinnen und gleichzeitig seine Schmerzen zu lindern. In der letzten Woche seines Lebens wurde er mit einer hohen Dosis Fentanyl ruhiggestellt und konnte dann t\u00e4glich mit seiner Familie und seinen Freunden in den Krankenhausgarten gehen. Diese Tage waren ein Geschenk, das keiner von uns je vergessen wird! Traurigerweise hat er es nicht bis zum Hospiz geschafft. Sein Vater, sein Bruder und ich waren im Krankenhaus an seiner Seite, als er am 13. Oktober 2022 in aller Stille verstarb.<\/p>\n<\/div>\n<div>\n<p>    <img decoding=\"async\" src=\"\/wp-content\/uploads\/2024\/04\/5e4b48_2836a8b96b0f49f79f4cb647288d2d2bmv2.webp\" alt=\"\"><\/p>\n<\/div>\n<div>\n<p>Joeys St\u00e4rke w\u00e4hrend eines Grossteils seines Kampfes war einfach erstaunlich. Nat\u00fcrlich gab es in den 16 Monaten seiner Krankheit auch dunkle Tage, da er aufgrund seines geschw\u00e4chten Immunsystems so viele schmerzhafte Eingriffe hatte und st\u00e4ndig von Infektionen geplagt wurde. Aber am Ende des Tages war Joey ein positiver Mensch. Abgesehen davon, dass sein Vater, sein \u00e4lterer Bruder Kevin und ich nat\u00fcrlich immer f\u00fcr ihn da waren, war er immer von seinen Freunden umgeben.<\/p>\n<p>Was ihm aber auch viel Kraft gegeben hat, waren die Podcasts, die er mit seinem sehr engen Freund Andreas erstellt hat, um seine Krebserkrankung zu dokumentieren. Joeys brillanter Sinn f\u00fcr Humor, der sein ganzes Leben lang Teil seines Charakters war, hat ihm sehr geholfen. Die Podcasts inspirierten Menschen auf der ganzen Welt mit ihren informativen und mutigen Inhalten und ihren urkomischen Anspielungen auf Filme, Musik und Popkultur. F\u00fcr alle, die sie gesehen haben, ist die enge Beziehung zwischen den beiden M\u00e4nnern kristallklar. Andreas reiste in diesem Jahr mehrmals von Norwegen in die Schweiz, um bei seinem Freund zu sein.<\/p>\n<p>Da Joey selbst beim Radio gewesen war und daher \u00fcber viele Verbindungen zu den Medien verf\u00fcgte, aber auch aufgrund seines grossen Freundeskreises, wurde seine Geschichte bald von Radio, Nachrichtenmagazinen, Fernsehen und Zeitungen in der Schweiz ausf\u00fchrlich behandelt. Einer der Hauptgr\u00fcnde daf\u00fcr war seine F\u00e4higkeit, trotz des schlechten Blattes, das er gerade erhalten hatte, \u00fcber sich selbst zu lachen und sich vom grossen K (f\u00fcr Krebs) nicht unterkriegen zu lassen.<\/p>\n<p>Die letzte Folge von Having a Ball wurde nur 6 Tage vor Joeys Tod im Krankenhaus aufgenommen. Darin sagte er, wenn er nur einen einzigen anderen jungen Mann davor bewahren k\u00f6nnte, das Gleiche durchzumachen wie er, dann h\u00e4tte sein Tod vielleicht einen Sinn. Als seine Familie hatten wir das Gef\u00fchl, dass wir einfach fortsetzen m\u00fcssen, was er begonnen hat. Wir wissen, dass er stolz auf uns w\u00e4re.<\/p>\n<p>W\u00e4re Joey fr\u00fcher diagnostiziert worden, wer weiss, vielleicht h\u00e4tte er den Krebs besiegt.<\/p>\n<p>Wenn Sie also selbst ein junger Mann sind &#8211; oder wenn Sie einen Freund, Ehemann, Sohn oder Bruder haben, oder wenn Sie sich einfach nur engagieren m\u00f6chten &#8211; dann werden Sie bitte Mitglied bei Having a Ball, die Joseph-Barnes-Vereinigung zur Pr\u00e4vention von Hodenkrebs, und helfen Sie, die Nachricht zu verbreiten! Gemeinsam k\u00f6nnen wir viel erreichen und dazu beitragen, dem tragischen Tod meines Sohnes einen Sinn zu geben!<\/p>\n<p>Joseph hat bei so vielen Menschen einen unausl\u00f6schlichen Eindruck hinterlassen! Er wird nie vergessen werden!<\/p>\n<\/div>\n<div>\n<p><span class=\"wixui-rich-text__text\">Annemarie, Joeys Mutter, August 2023<\/span><\/p>\n<\/div>\n<p><!--more--><br \/>\n<!-- {\"type\":\"layout\",\"children\":[{\"type\":\"section\",\"props\":{\"image_position\":\"center-center\",\"padding\":\"xsmall\",\"padding_remove_bottom\":true,\"padding_remove_top\":false,\"style\":\"default\",\"title_breakpoint\":\"xl\",\"title_position\":\"top-left\",\"title_rotation\":\"left\",\"vertical_align\":\"\",\"width\":\"default\"},\"children\":[{\"type\":\"row\",\"children\":[{\"type\":\"column\",\"props\":{\"image_position\":\"center-center\",\"position_sticky_breakpoint\":\"m\"},\"children\":[{\"type\":\"headline\",\"props\":{\"content\":\"Joeys Geschichte\",\"title_element\":\"h1\"}},{\"type\":\"text\",\"props\":{\"column_breakpoint\":\"m\",\"content\":\"\n\n<p>Joey ist in Neuenburg in der Schweiz geboren und aufgewachsen, aber besass nur ein Kanadischen Pass durch seinen Vater, der aus Edmonton, Alberta, stammt. Obwohl er haupts\\u00e4chlich auf Franz\\u00f6sisch erzogen wurde und v\\u00f6llig zweisprachig ist, betrachtet er Englisch als seine erste Sprache.<\\\/p>\\n\n\n<p>Nach einer gl\\u00fccklichen Kindheit und Jugend beschloss Joey, nach seinem Schulabschluss in die Fussstapfen seines Vaters zu treten und Naturwissenschaften zu studieren. Doch weder Physik noch das sp\\u00e4tere Studium der Politik- und Wirtschaftswissenschaften begeisterten ihn ausreichend, um diesen Weg weiterzugehen. Er hatte sich schon immer f\\u00fcr das Kino begeistert, und als er an der Metropolitan Film School in London angenommen wurde, war das wie ein wahr gewordener Traum. Die Jahre, die er dort verbrachte, geh\\u00f6rten zu den gl\\u00fccklichsten seines Erwachsenenlebens.<\\\/p>\\n\n\n<p>Zur\\u00fcck in der Schweiz arbeitete er acht Jahre lang als Radiomoderator und DJ, f\\u00fchrte Hunderte von Interviews und wurde zu einer bekannten Pers\\u00f6nlichkeit in der Region. Er war auch als Synchronsprecher f\\u00fcr verschiedene Superm\\u00e4rkte, IKEA Einrichtungsh\\u00e4user, Uhrenhersteller, Krankenh\\u00e4user usw. t\\u00e4tig. Er hatte eine wunderbare, tiefe und klare Stimme, die er nicht nur beruflich, sondern auch in seiner Freizeit als S\\u00e4nger einer Band einsetzte. Seine Arbeit am Neuch\\u00e2tel International Fantastic Film Festival (NIFFF) wurde ebenfalls sehr gesch\\u00e4tzt. Er war definitiv in seinem Element, als er Zeit mit so bekannten Hollywood-Regisseuren wie David Cronenberg, Kevin Smith, George R.R. Martin, um nur einige zu nennen, verbrachte. Zusammen mit seinem guten Freund Nico schrieb und inszenierte er eine Reihe von Kurzfilmen und drehte eine Dokumentarfilm auf Bali. Er war schon immer ein sehr lustiger Typ und hatte eine treue Fangemeinde f\\u00fcr seine vielen, selbstironischen und cleveren Selfies auf Facebook.<\\\/p>\",\"margin\":\"default\"}}]}]},{\"type\":\"row\",\"children\":[{\"type\":\"column\",\"props\":{\"image_position\":\"center-center\",\"position_sticky_breakpoint\":\"m\"},\"children\":[{\"type\":\"gallery\",\"props\":{\"filter_align\":\"left\",\"filter_all\":true,\"filter_grid_breakpoint\":\"m\",\"filter_grid_width\":\"auto\",\"filter_position\":\"top\",\"filter_style\":\"tab\",\"grid_default\":\"1\",\"grid_medium\":\"3\",\"item_animation\":true,\"link_style\":\"default\",\"link_text\":\"Read more\",\"margin\":\"default\",\"meta_align\":\"below-title\",\"meta_element\":\"div\",\"meta_style\":\"text-meta\",\"overlay_hover\":true,\"overlay_mode\":\"cover\",\"overlay_position\":\"center\",\"overlay_style\":\"overlay-primary\",\"overlay_transition\":\"fade\",\"show_content\":true,\"show_hover_image\":true,\"show_hover_video\":true,\"show_link\":true,\"show_meta\":true,\"show_title\":true,\"text_align\":\"center\",\"text_color\":\"light\",\"title_element\":\"h3\",\"title_hover_style\":\"reset\"},\"children\":[{\"type\":\"gallery_item\",\"props\":{\"image\":\"wp-content\\\/uploads\\\/2024\\\/04\\\/5e4b48_2a9077967de2478fbf55997aa45c1ee9mv2.webp\"}},{\"type\":\"gallery_item\",\"props\":{\"image\":\"wp-content\\\/uploads\\\/2024\\\/04\\\/5e4b48_fef788d550e3409286fccb7e31bcabeemv2.webp\"}},{\"type\":\"gallery_item\",\"props\":{\"image\":\"wp-content\\\/uploads\\\/2024\\\/04\\\/5e4b48_d7a4cdcaf5694e829a4c032205b447f0mv2.webp\"}}]}]}]},{\"type\":\"row\",\"children\":[{\"type\":\"column\",\"props\":{\"image_position\":\"center-center\",\"position_sticky_breakpoint\":\"m\"},\"children\":[{\"type\":\"text\",\"props\":{\"column_breakpoint\":\"m\",\"content\":\"\n\n<p>Wegen Covid hatten wir Joey weniger gesehen als sonst, obwohl wir in derselben Gegend wohnten. Er war sehr streng gewesen, weil er seinen Vater und mich nicht versehentlich anstecken wollte. In den ersten Monaten des Jahres 2021 schien er ein wenig m\\u00fcde zu sein und klagte hin und wieder \\u00fcber R\\u00fcckenschmerzen, aber er meinte, das l\\u00e4ge nur daran, dass er sich nicht genug bewegte.<\\\/p>\\n\n\n<p>Dann, eines Tages, \\u00e4nderte sich unsere Welt, wie wir sie kannten, in einer Sekunde: Am 26. Juni 2021 kam Joey zum Kaffee nach Hause und \\u00fcberbrachte uns die niederschmetternde Nachricht, dass bei ihm gerade Krebs diagnostiziert worden war! Der Diagnoseprozess war sehr schnell verlaufen: Er war schliesslich wegen seiner R\\u00fcckenschmerzen in die Notaufnahme gegangen und wurde sofort zu einer Untersuchung geschickt, nachdem er einen Knoten erw\\u00e4hnt hatte, den er einige Monate zuvor in einem seiner Hoden bemerkt hatte. Er hatte es vor lauter R\\u00fcckenschmerzen vergessen. Am n\\u00e4chsten Tag teilte ihm sein Urologe die Nachricht mit: Hodenkrebs. Da eine Chemotherapie unfruchtbar machen kann, liess er sein Sperma einfrieren. Obwohl er zu diesem Zeitpunkt alleinstehend war, wollte er die M\\u00f6glichkeit, ein Kind zu zeugen, nicht ausschliessen. Das alles musste schnell gehen, denn eine Woche nach seiner Diagnose wurde bereits die Orchiektomie, die Entfernung des krebsbefallenen Hodens, durchgef\\u00fchrt.<\\\/p>\\n\n\n<p>Zun\\u00e4chst waren wir zuversichtlich, dass er die Krankheit besiegen w\\u00fcrde, auch wenn die Ergebnisse einer Biopsie zeigten, dass der Krebs bereits auf seine Lunge, Leber und Wirbels\\u00e4ule \\u00fcbergegriffen hatte. Metastasierender Hodenkrebs hat immer noch eine ausgezeichnete Heilungsprognose, also bat Joey seine Familie und Freunde, zusammen mit ihm und f\\u00fcr ihn positiv zu bleiben. Wir waren nat\\u00fcrlich ersch\\u00fcttert, aber ich versuchte, nie vor ihm zu weinen.<\\\/p>\\n\n\n<p>Die ersten Monate der Chemotherapie hat er sehr gut verkraftet und ausser M\\u00fcdigkeit und einem metallischen Geschmack im Mund kaum Nebenwirkungen versp\\u00fcrt. Die \\u00dcbelkeit wurde mit Medikamenten in Schach gehalten. Er sch\\u00e4tzte sich gl\\u00fccklich. Als er das erste Protokoll abgeschlossen hatte, waren wir alle \\u00fcbergl\\u00fccklich, als ein neuer PET-Scan zeigte, dass die Tumore stark geschrumpft waren. Der n\\u00e4chste Schritt war die RLA-Operation (retroperitoneale Lymphknotenentfernung), bei der die Lymphknoten in seinem Bauchraum entfernt werden sollten, um eine weitere Ausbreitung des Krebses zu verhindern.<\\\/p>\",\"margin\":\"default\"}}]}]},{\"type\":\"row\",\"children\":[{\"type\":\"column\",\"props\":{\"image_position\":\"center-center\",\"position_sticky_breakpoint\":\"m\"},\"children\":[{\"type\":\"gallery\",\"props\":{\"filter_align\":\"left\",\"filter_all\":true,\"filter_grid_breakpoint\":\"m\",\"filter_grid_width\":\"auto\",\"filter_position\":\"top\",\"filter_style\":\"tab\",\"grid_default\":\"1\",\"grid_medium\":\"3\",\"item_animation\":true,\"link_style\":\"default\",\"link_text\":\"Read more\",\"margin\":\"default\",\"meta_align\":\"below-title\",\"meta_element\":\"div\",\"meta_style\":\"text-meta\",\"overlay_hover\":true,\"overlay_mode\":\"cover\",\"overlay_position\":\"center\",\"overlay_style\":\"overlay-primary\",\"overlay_transition\":\"fade\",\"show_content\":true,\"show_hover_image\":true,\"show_hover_video\":true,\"show_link\":true,\"show_meta\":true,\"show_title\":true,\"text_align\":\"center\",\"text_color\":\"light\",\"title_element\":\"h3\",\"title_hover_style\":\"reset\"},\"children\":[{\"type\":\"gallery_item\",\"props\":{\"image\":\"wp-content\\\/uploads\\\/2024\\\/04\\\/5e4b48_be646882e1144c918f022795be2162f9mv2.webp\"}},{\"type\":\"gallery_item\",\"props\":{\"image\":\"wp-content\\\/uploads\\\/2024\\\/04\\\/5e4b48_240486913e054256822330f7c407da9emv2.webp\"}}]}]}]},{\"type\":\"row\",\"children\":[{\"type\":\"column\",\"props\":{\"image_position\":\"center-center\",\"position_sticky_breakpoint\":\"m\"},\"children\":[{\"type\":\"text\",\"props\":{\"column_breakpoint\":\"m\",\"content\":\"\n\n<p>Die Wartezeit in jenem Herbst war lang und wurde m\\u00f6glicherweise durch die Covid-Beschr\\u00e4nkungen im Universit\\u00e4tsspital Bern, wo die Operation durchgef\\u00fchrt werden sollte, noch verl\\u00e4ngert. Er wurde schliesslich am 3. Januar eingeliefert, aber in allerletzter Minute wurde die Operation abgesagt, da ein letztes Screening einen grossen Tumor auf seiner Lunge ergab. Ein Teil des Tumors wurde entfernt, ebenso wie ein Teil des linken Lungenfl\\u00fcgels. Daraufhin wurde ein zweiter Zyklus einer neuen Chemotherapie eingeplant.<\\\/p>\\n\n\n<p>Tragischerweise breitete sich der Tumor trotz weiterer Operationen, vier Chemotherapien, einer autologen Stammzellentransplantation, f\\u00fcnf Tagen im k\\u00fcnstlichen Koma und mehr als 100 Tagen in f\\u00fcnf verschiedenen Krankenh\\u00e4usern schliesslich auf sein Gehirn aus.<\\\/p>\\n\n\n<p>Obwohl er wusste, dass sein Krebs unheilbar war, sollte er mit einer Strahlentherapie beginnen, um die Tumore zu ver\\u00f6den. Wir hofften, dadurch etwas Zeit in einem Hospiz zu gewinnen und gleichzeitig seine Schmerzen zu lindern. In der letzten Woche seines Lebens wurde er mit einer hohen Dosis Fentanyl ruhiggestellt und konnte dann t\\u00e4glich mit seiner Familie und seinen Freunden in den Krankenhausgarten gehen. Diese Tage waren ein Geschenk, das keiner von uns je vergessen wird! Traurigerweise hat er es nicht bis zum Hospiz geschafft. Sein Vater, sein Bruder und ich waren im Krankenhaus an seiner Seite, als er am 13. Oktober 2022 in aller Stille verstarb.<\\\/p>\",\"margin\":\"default\"}}]}]},{\"type\":\"row\",\"children\":[{\"type\":\"column\",\"props\":{\"image_position\":\"center-center\",\"position_sticky_breakpoint\":\"m\"},\"children\":[{\"type\":\"gallery\",\"props\":{\"filter_align\":\"left\",\"filter_all\":true,\"filter_grid_breakpoint\":\"m\",\"filter_grid_width\":\"auto\",\"filter_position\":\"top\",\"filter_style\":\"tab\",\"grid_default\":\"1\",\"grid_medium\":\"3\",\"item_animation\":true,\"link_style\":\"default\",\"link_text\":\"Read more\",\"margin\":\"default\",\"meta_align\":\"below-title\",\"meta_element\":\"div\",\"meta_style\":\"text-meta\",\"overlay_hover\":true,\"overlay_mode\":\"cover\",\"overlay_position\":\"center\",\"overlay_style\":\"overlay-primary\",\"overlay_transition\":\"fade\",\"show_content\":true,\"show_hover_image\":true,\"show_hover_video\":true,\"show_link\":true,\"show_meta\":true,\"show_title\":true,\"text_align\":\"center\",\"text_color\":\"light\",\"title_element\":\"h3\",\"title_hover_style\":\"reset\"},\"children\":[{\"type\":\"gallery_item\",\"props\":{\"image\":\"wp-content\\\/uploads\\\/2024\\\/04\\\/5e4b48_2836a8b96b0f49f79f4cb647288d2d2bmv2.webp\"}}]}]}]},{\"type\":\"row\",\"children\":[{\"type\":\"column\",\"props\":{\"image_position\":\"center-center\",\"position_sticky_breakpoint\":\"m\"},\"children\":[{\"type\":\"text\",\"props\":{\"column_breakpoint\":\"m\",\"content\":\"\n\n<p>Joeys St\\u00e4rke w\\u00e4hrend eines Grossteils seines Kampfes war einfach erstaunlich. Nat\\u00fcrlich gab es in den 16 Monaten seiner Krankheit auch dunkle Tage, da er aufgrund seines geschw\\u00e4chten Immunsystems so viele schmerzhafte Eingriffe hatte und st\\u00e4ndig von Infektionen geplagt wurde. Aber am Ende des Tages war Joey ein positiver Mensch. Abgesehen davon, dass sein Vater, sein \\u00e4lterer Bruder Kevin und ich nat\\u00fcrlich immer f\\u00fcr ihn da waren, war er immer von seinen Freunden umgeben.<\\\/p>\\n\n\n<p>Was ihm aber auch viel Kraft gegeben hat, waren die Podcasts, die er mit seinem sehr engen Freund Andreas erstellt hat, um seine Krebserkrankung zu dokumentieren. Joeys brillanter Sinn f\\u00fcr Humor, der sein ganzes Leben lang Teil seines Charakters war, hat ihm sehr geholfen. Die Podcasts inspirierten Menschen auf der ganzen Welt mit ihren informativen und mutigen Inhalten und ihren urkomischen Anspielungen auf Filme, Musik und Popkultur. F\\u00fcr alle, die sie gesehen haben, ist die enge Beziehung zwischen den beiden M\\u00e4nnern kristallklar. Andreas reiste in diesem Jahr mehrmals von Norwegen in die Schweiz, um bei seinem Freund zu sein.<\\\/p>\\n\n\n<p>Da Joey selbst beim Radio gewesen war und daher \\u00fcber viele Verbindungen zu den Medien verf\\u00fcgte, aber auch aufgrund seines grossen Freundeskreises, wurde seine Geschichte bald von Radio, Nachrichtenmagazinen, Fernsehen und Zeitungen in der Schweiz ausf\\u00fchrlich behandelt. Einer der Hauptgr\\u00fcnde daf\\u00fcr war seine F\\u00e4higkeit, trotz des schlechten Blattes, das er gerade erhalten hatte, \\u00fcber sich selbst zu lachen und sich vom grossen K (f\\u00fcr Krebs) nicht unterkriegen zu lassen.<\\\/p>\\n\n\n<p>Die letzte Folge von Having a Ball wurde nur 6 Tage vor Joeys Tod im Krankenhaus aufgenommen. Darin sagte er, wenn er nur einen einzigen anderen jungen Mann davor bewahren k\\u00f6nnte, das Gleiche durchzumachen wie er, dann h\\u00e4tte sein Tod vielleicht einen Sinn. Als seine Familie hatten wir das Gef\\u00fchl, dass wir einfach fortsetzen m\\u00fcssen, was er begonnen hat. Wir wissen, dass er stolz auf uns w\\u00e4re.<\\\/p>\\n\n\n<p>W\\u00e4re Joey fr\\u00fcher diagnostiziert worden, wer weiss, vielleicht h\\u00e4tte er den Krebs besiegt.<\\\/p>\\n\n\n<p>Wenn Sie also selbst ein junger Mann sind - oder wenn Sie einen Freund, Ehemann, Sohn oder Bruder haben, oder wenn Sie sich einfach nur engagieren m\\u00f6chten - dann werden Sie bitte Mitglied bei Having a Ball, die Joseph-Barnes-Vereinigung zur Pr\\u00e4vention von Hodenkrebs, und helfen Sie, die Nachricht zu verbreiten! Gemeinsam k\\u00f6nnen wir viel erreichen und dazu beitragen, dem tragischen Tod meines Sohnes einen Sinn zu geben!<\\\/p>\\n\n\n<p>Joseph hat bei so vielen Menschen einen unausl\\u00f6schlichen Eindruck hinterlassen! Er wird nie vergessen werden!<\\\/p>\",\"margin\":\"default\"}}]}]},{\"type\":\"row\",\"children\":[{\"type\":\"column\",\"props\":{\"image_position\":\"center-center\",\"position_sticky_breakpoint\":\"m\"},\"children\":[{\"type\":\"text\",\"props\":{\"column_breakpoint\":\"m\",\"content\":\"\n\n<p><span class=\\\"wixui-rich-text__text\\\">Annemarie, Joeys Mutter, August 2023<\\\/span><\\\/p>\",\"margin\":\"default\",\"text_align\":\"right\"}}]}]}]}],\"version\":\"4.4.7\"} --><\/p>\n","protected":false},"excerpt":{"rendered":"<p>Joeys Geschichte Joey ist in Neuenburg in der Schweiz geboren und aufgewachsen, aber besass nur ein Kanadischen Pass durch seinen Vater, der aus Edmonton, Alberta, stammt. Obwohl er haupts\u00e4chlich auf Franz\u00f6sisch erzogen wurde und v\u00f6llig zweisprachig ist, betrachtet er Englisch als seine erste Sprache. Nach einer gl\u00fccklichen Kindheit und Jugend beschloss Joey, nach seinem Schulabschluss [&hellip;]<\/p>\n","protected":false},"author":3,"featured_media":0,"parent":0,"menu_order":0,"comment_status":"closed","ping_status":"closed","template":"","meta":{"footnotes":""},"class_list":["post-519","page","type-page","status-publish","hentry"],"_links":{"self":[{"href":"https:\/\/having1ball.ch\/index.php\/wp-json\/wp\/v2\/pages\/519","targetHints":{"allow":["GET"]}}],"collection":[{"href":"https:\/\/having1ball.ch\/index.php\/wp-json\/wp\/v2\/pages"}],"about":[{"href":"https:\/\/having1ball.ch\/index.php\/wp-json\/wp\/v2\/types\/page"}],"author":[{"embeddable":true,"href":"https:\/\/having1ball.ch\/index.php\/wp-json\/wp\/v2\/users\/3"}],"replies":[{"embeddable":true,"href":"https:\/\/having1ball.ch\/index.php\/wp-json\/wp\/v2\/comments?post=519"}],"version-history":[{"count":10,"href":"https:\/\/having1ball.ch\/index.php\/wp-json\/wp\/v2\/pages\/519\/revisions"}],"predecessor-version":[{"id":929,"href":"https:\/\/having1ball.ch\/index.php\/wp-json\/wp\/v2\/pages\/519\/revisions\/929"}],"wp:attachment":[{"href":"https:\/\/having1ball.ch\/index.php\/wp-json\/wp\/v2\/media?parent=519"}],"curies":[{"name":"wp","href":"https:\/\/api.w.org\/{rel}","templated":true}]}}