{"id":43,"date":"2024-04-17T12:52:00","date_gmt":"2024-04-17T12:52:00","guid":{"rendered":"https:\/\/new.having1ball.ch\/?page_id=43"},"modified":"2024-07-23T07:28:45","modified_gmt":"2024-07-23T07:28:45","slug":"membres-dhonneur","status":"publish","type":"page","link":"https:\/\/having1ball.ch\/index.php\/membres-dhonneur\/","title":{"rendered":"Membres d&rsquo;honneur &#8211; FR"},"content":{"rendered":"<p><img decoding=\"async\" src=\"\/wp-content\/uploads\/2024\/04\/5e4b48_7319ddef95464220ac8f63af0f1ce853mv2.webp\" alt=\"\"><\/p>\n<div>\n<h5 class=\"font_0 wixui-rich-text__text\"><span class=\"color_45 wixui-rich-text__text\"><span class=\"wixui-rich-text__text\">Dr<\/span><span class=\"wixui-rich-text__text\"> Dominik Berthold\u00a0<\/span><\/span><\/h5>\n<p class=\"font_8 wixui-rich-text__text\"><span class=\"wixui-rich-text__text\">M\u00e9decin associ\u00e9, responsable de la Consultation sp\u00e9cialis\u00e9e des cancers urologiques\u2028<br \/>Service d&rsquo;oncologie m\u00e9dicale\u2028. D\u00e9partement d&rsquo;oncologie UNILausanne CHUV<\/span><\/p>\n<\/div>\n<hr>\n<p><img decoding=\"async\" src=\"\/wp-content\/uploads\/2024\/04\/5e4b48_1ba96167034d4b19813954d4d30a69b6mv2.webp\" alt=\"\"><\/p>\n<div>\n<h5 class=\"font_8 wixui-rich-text__text\"><span class=\"wixui-rich-text__text\"><span class=\"color_37 wixui-rich-text__text\">Prof. Dr Berardino De Bari<\/span><\/span><\/h5>\n<p class=\"font_8 wixui-rich-text__text\"><span class=\"wixui-rich-text__text\"><span class=\"color_37 wixui-rich-text__text\">Chef du service de radio-oncologie, R\u00e9seau hospitalier neuch\u00e2telois<\/span><\/span><\/p>\n<\/div>\n<hr>\n<p><img decoding=\"async\" src=\"\/wp-content\/uploads\/2024\/04\/5e4b48_a293dcee42704b03ba933f84086fd4aamv2.webp\" alt=\"\"><\/p>\n<div>\n<div id=\"comp-lrz8q2gy\" class=\"HcOXKn c9GqVL QxJLC3 ONIxfn comp-lrz8q2gy wixui-rich-text\" data-testid=\"richTextElement\">\n<h5 class=\"font_8 wixui-rich-text__text\"><span class=\"wixui-rich-text__text\"><span class=\"color_37 wixui-rich-text__text\">Dr. Sanjeev Vamadevan<\/span><\/span><\/h5>\n<p class=\"font_8 wixui-rich-text__text\"><span class=\"wixui-rich-text__text\">Sp\u00e9cialiste FMH en Urologie<\/span><\/p>\n<\/div>\n<\/div>\n<hr>\n<p><img decoding=\"async\" src=\"\/wp-content\/uploads\/2024\/04\/5e4b48_9ade311809624c2f80579c7c1e341310mv2.webp\" alt=\"\"><\/p>\n<div>\n<div id=\"comp-lp09txza\" class=\"HcOXKn c9GqVL QxJLC3 ONIxfn comp-lp09txza wixui-rich-text\" data-testid=\"richTextElement\">\n<h5 class=\"font_8 wixui-rich-text__text\"><span class=\"wixui-rich-text__text\"><span class=\"color_37 wixui-rich-text__text\">Me Donika Gn\u00e4gi<\/span><\/span><\/h5>\n<p class=\"font_8 wixui-rich-text__text\"><span class=\"wixui-rich-text__text\">Conseill\u00e8re juridique<\/span><\/p>\n<\/div>\n<\/div>\n<p><!--more--><br \/>\n<!-- {\"type\":\"layout\",\"children\":[{\"type\":\"section\",\"props\":{\"image_position\":\"center-center\",\"style\":\"default\",\"title_breakpoint\":\"xl\",\"title_position\":\"top-left\",\"title_rotation\":\"left\",\"vertical_align\":\"\",\"width\":\"default\"},\"children\":[{\"type\":\"row\",\"props\":{\"layout\":\"1-4,3-4\"},\"children\":[{\"type\":\"column\",\"props\":{\"image_position\":\"center-center\",\"position_sticky_breakpoint\":\"m\",\"width_medium\":\"1-4\"},\"children\":[{\"type\":\"image\",\"props\":{\"image\":\"wp-content\\\/uploads\\\/2024\\\/04\\\/5e4b48_7319ddef95464220ac8f63af0f1ce853mv2.webp\",\"image_svg_color\":\"emphasis\",\"margin\":\"medium\"}}]},{\"type\":\"column\",\"props\":{\"image_position\":\"center-center\",\"position_sticky_breakpoint\":\"m\",\"width_medium\":\"3-4\"},\"children\":[{\"type\":\"text\",\"props\":{\"column_breakpoint\":\"m\",\"content\":\"\n\n<h5 class=\\\"font_0 wixui-rich-text__text\\\"><span class=\\\"color_45 wixui-rich-text__text\\\"><span class=\\\"wixui-rich-text__text\\\">Dr<\\\/span><span class=\\\"wixui-rich-text__text\\\"> Dominik Berthold\\u00a0<\\\/span><\\\/span><\\\/h5>\\n\n\n<p class=\\\"font_8 wixui-rich-text__text\\\"><span class=\\\"wixui-rich-text__text\\\">M\\u00e9decin associ\\u00e9, responsable de la Consultation sp\\u00e9cialis\\u00e9e des cancers urologiques\\u2028<br \\\/>Service d'oncologie m\\u00e9dicale\\u2028. D\\u00e9partement d'oncologie UNILausanne CHUV<\\\/span><\\\/p>\",\"margin\":\"medium\"}}]}]},{\"type\":\"row\",\"children\":[{\"type\":\"column\",\"props\":{\"image_position\":\"center-center\",\"position_sticky_breakpoint\":\"m\"},\"children\":[{\"type\":\"divider\",\"props\":{\"divider_element\":\"hr\"}}]}]},{\"type\":\"row\",\"props\":{\"layout\":\"1-4,3-4\"},\"children\":[{\"type\":\"column\",\"props\":{\"image_position\":\"center-center\",\"position_sticky_breakpoint\":\"m\",\"width_medium\":\"1-4\"},\"children\":[{\"type\":\"image\",\"props\":{\"image\":\"wp-content\\\/uploads\\\/2024\\\/04\\\/5e4b48_1ba96167034d4b19813954d4d30a69b6mv2.webp\",\"image_svg_color\":\"emphasis\",\"margin\":\"medium\"}}]},{\"type\":\"column\",\"props\":{\"image_position\":\"center-center\",\"position_sticky_breakpoint\":\"m\",\"width_medium\":\"3-4\"},\"children\":[{\"type\":\"text\",\"props\":{\"column_breakpoint\":\"m\",\"content\":\"\n\n<h5 class=\\\"font_8 wixui-rich-text__text\\\"><span class=\\\"wixui-rich-text__text\\\"><span class=\\\"color_37 wixui-rich-text__text\\\">Prof. Dr Berardino De Bari<\\\/span><\\\/span><\\\/h5>\\n\n\n<p class=\\\"font_8 wixui-rich-text__text\\\"><span class=\\\"wixui-rich-text__text\\\"><span class=\\\"color_37 wixui-rich-text__text\\\">Chef du service de radio-oncologie, R\\u00e9seau hospitalier neuch\\u00e2telois<\\\/span><\\\/span><\\\/p>\",\"margin\":\"medium\"}}]}]},{\"type\":\"row\",\"children\":[{\"type\":\"column\",\"props\":{\"image_position\":\"center-center\",\"position_sticky_breakpoint\":\"m\"},\"children\":[{\"type\":\"divider\",\"props\":{\"divider_element\":\"hr\"}}]}]},{\"type\":\"row\",\"props\":{\"layout\":\"1-4,3-4\"},\"children\":[{\"type\":\"column\",\"props\":{\"image_position\":\"center-center\",\"position_sticky_breakpoint\":\"m\",\"width_medium\":\"1-4\"},\"children\":[{\"type\":\"image\",\"props\":{\"image\":\"wp-content\\\/uploads\\\/2024\\\/04\\\/5e4b48_a293dcee42704b03ba933f84086fd4aamv2.webp\",\"image_svg_color\":\"emphasis\",\"margin\":\"default\"}}]},{\"type\":\"column\",\"props\":{\"image_position\":\"center-center\",\"position_sticky_breakpoint\":\"m\",\"width_medium\":\"3-4\"},\"children\":[{\"type\":\"text\",\"props\":{\"column_breakpoint\":\"m\",\"content\":\"\n\n<div id=\\\"comp-lrz8q2gy\\\" class=\\\"HcOXKn c9GqVL QxJLC3 ONIxfn comp-lrz8q2gy wixui-rich-text\\\" data-testid=\\\"richTextElement\\\">\\n\n\n<h5 class=\\\"font_8 wixui-rich-text__text\\\"><span class=\\\"wixui-rich-text__text\\\"><span class=\\\"color_37 wixui-rich-text__text\\\">Dr. Sanjeev Vamadevan<\\\/span><\\\/span><\\\/h5>\\n\n\n<p class=\\\"font_8 wixui-rich-text__text\\\"><span class=\\\"wixui-rich-text__text\\\">Sp\\u00e9cialiste FMH en Urologie<\\\/span><\\\/p>\\n<\\\/div>\",\"margin\":\"medium\"}}]}]},{\"type\":\"row\",\"children\":[{\"type\":\"column\",\"props\":{\"image_position\":\"center-center\",\"position_sticky_breakpoint\":\"m\"},\"children\":[{\"type\":\"divider\",\"props\":{\"divider_element\":\"hr\"}}]}]},{\"type\":\"row\",\"props\":{\"layout\":\"1-4,3-4\"},\"children\":[{\"type\":\"column\",\"props\":{\"image_position\":\"center-center\",\"position_sticky_breakpoint\":\"m\",\"width_medium\":\"1-4\"},\"children\":[{\"type\":\"image\",\"props\":{\"image\":\"wp-content\\\/uploads\\\/2024\\\/04\\\/5e4b48_9ade311809624c2f80579c7c1e341310mv2.webp\",\"image_svg_color\":\"emphasis\",\"margin\":\"medium\"}}]},{\"type\":\"column\",\"props\":{\"image_position\":\"center-center\",\"position_sticky_breakpoint\":\"m\",\"width_medium\":\"3-4\"},\"children\":[{\"type\":\"text\",\"props\":{\"column_breakpoint\":\"m\",\"content\":\"\n\n<div id=\\\"comp-lp09txza\\\" class=\\\"HcOXKn c9GqVL QxJLC3 ONIxfn comp-lp09txza wixui-rich-text\\\" data-testid=\\\"richTextElement\\\">\\n\n\n<h5 class=\\\"font_8 wixui-rich-text__text\\\"><span class=\\\"wixui-rich-text__text\\\"><span class=\\\"color_37 wixui-rich-text__text\\\">Me Donika Gn\\u00e4gi<\\\/span><\\\/span><\\\/h5>\\n\n\n<p class=\\\"font_8 wixui-rich-text__text\\\"><span class=\\\"wixui-rich-text__text\\\">Conseill\\u00e8re juridique<\\\/span><\\\/p>\\n<\\\/div>\",\"margin\":\"large\"}}]}]}]}],\"version\":\"4.4.5\"} --><\/p>\n","protected":false},"excerpt":{"rendered":"<p>Dr Dominik Berthold\u00a0 M\u00e9decin associ\u00e9, responsable de la Consultation sp\u00e9cialis\u00e9e des cancers urologiques\u2028Service d&rsquo;oncologie m\u00e9dicale\u2028. D\u00e9partement d&rsquo;oncologie UNILausanne CHUV Prof. Dr Berardino De Bari Chef du service de radio-oncologie, R\u00e9seau hospitalier neuch\u00e2telois Dr. Sanjeev Vamadevan Sp\u00e9cialiste FMH en Urologie Me Donika Gn\u00e4gi Conseill\u00e8re juridique<\/p>\n","protected":false},"author":1,"featured_media":0,"parent":0,"menu_order":0,"comment_status":"closed","ping_status":"closed","template":"","meta":{"footnotes":""},"class_list":["post-43","page","type-page","status-publish","hentry"],"_links":{"self":[{"href":"https:\/\/having1ball.ch\/index.php\/wp-json\/wp\/v2\/pages\/43","targetHints":{"allow":["GET"]}}],"collection":[{"href":"https:\/\/having1ball.ch\/index.php\/wp-json\/wp\/v2\/pages"}],"about":[{"href":"https:\/\/having1ball.ch\/index.php\/wp-json\/wp\/v2\/types\/page"}],"author":[{"embeddable":true,"href":"https:\/\/having1ball.ch\/index.php\/wp-json\/wp\/v2\/users\/1"}],"replies":[{"embeddable":true,"href":"https:\/\/having1ball.ch\/index.php\/wp-json\/wp\/v2\/comments?post=43"}],"version-history":[{"count":22,"href":"https:\/\/having1ball.ch\/index.php\/wp-json\/wp\/v2\/pages\/43\/revisions"}],"predecessor-version":[{"id":788,"href":"https:\/\/having1ball.ch\/index.php\/wp-json\/wp\/v2\/pages\/43\/revisions\/788"}],"wp:attachment":[{"href":"https:\/\/having1ball.ch\/index.php\/wp-json\/wp\/v2\/media?parent=43"}],"curies":[{"name":"wp","href":"https:\/\/api.w.org\/{rel}","templated":true}]}}