{"id":38,"date":"2024-04-17T12:51:26","date_gmt":"2024-04-17T12:51:26","guid":{"rendered":"https:\/\/new.having1ball.ch\/?page_id=38"},"modified":"2024-05-06T13:26:50","modified_gmt":"2024-05-06T13:26:50","slug":"podcast","status":"publish","type":"page","link":"https:\/\/having1ball.ch\/index.php\/podcast\/","title":{"rendered":"Podcast &#8211; FR"},"content":{"rendered":"<p><img decoding=\"async\" src=\"\/wp-content\/uploads\/2024\/04\/image.webp\" alt=\"\"><\/p>\n<h1>\n<h2 class=\"font_2 wixui-rich-text__text\"><span class=\"wixui-rich-text__text\">\u00ab\u00a0HAVING A BALL\u00a0\u00bb<\/span><\/h2>\n<\/h1>\n<div>\n<div id=\"comp-lneu10d01\" class=\"HcOXKn c9GqVL QxJLC3 ONIxfn comp-lneu10d01 wixui-rich-text\" data-testid=\"richTextElement\">\n<p class=\"font_8 wixui-rich-text__text\"><span class=\"wixui-rich-text__text\">\u00ab\u00a0Having A Ball\u00a0\u00bb a d\u00e9but\u00e9 sous la forme d&rsquo;un podcast peu orthodoxe relatant le combat courageux de Joseph Barnes contre un cancer du testicule m\u00e9tastas\u00e9. Aujourd&rsquo;hui, en m\u00e9moire de Joe, Having a Ball lance le mouvement \u00e0 l&rsquo;\u00e9chelle mondiale &#8211; pour sauver d&rsquo;autres personnes.<\/span><\/p>\n<p class=\"font_8 wixui-rich-text__text\"><span class=\"wixui-rich-text__text\">En m\u00e9moire de Joseph Barnes (1981-2022).\u00a0<\/span><\/p>\n<p class=\"font_8 wixui-rich-text__text\"><span class=\"wixui-rich-text__text\">Liens: <a href=\"https:\/\/www.youtube.com\/c\/HavingaBall\" target=\"_blank\" rel=\"noreferrer noopener\" class=\"wixui-rich-text__text\">https:\/\/www.youtube.com\/c\/HavingaBall<\/a><\/span><\/p>\n<\/div>\n<\/div>\n<p><!--more--><br \/>\n<!-- {\"type\":\"layout\",\"children\":[{\"type\":\"section\",\"props\":{\"image_position\":\"center-center\",\"padding\":\"xsmall\",\"style\":\"default\",\"title_breakpoint\":\"xl\",\"title_position\":\"top-left\",\"title_rotation\":\"left\",\"vertical_align\":\"middle\",\"width\":\"default\"},\"children\":[{\"type\":\"row\",\"props\":{\"layout\":\"1-2,1-2\"},\"children\":[{\"type\":\"column\",\"props\":{\"image_position\":\"center-center\",\"position_sticky_breakpoint\":\"m\",\"width_medium\":\"1-2\"},\"children\":[{\"type\":\"image\",\"props\":{\"image\":\"wp-content\\\/uploads\\\/2024\\\/04\\\/image.webp\",\"image_svg_color\":\"emphasis\",\"margin\":\"default\",\"text_align\":\"left\"}}]},{\"type\":\"column\",\"props\":{\"image_position\":\"center-center\",\"position_sticky_breakpoint\":\"m\",\"width_medium\":\"1-2\"},\"children\":[{\"type\":\"headline\",\"props\":{\"content\":\"\n\n<h2 class=\\\"font_2 wixui-rich-text__text\\\"><span class=\\\"wixui-rich-text__text\\\">\\\"HAVING A BALL\\\"<\\\/span><\\\/h2>\",\"margin\":\"small\",\"text_align\":\"left\",\"title_element\":\"h1\"}},{\"type\":\"text\",\"props\":{\"column_breakpoint\":\"m\",\"content\":\"\n\n<div id=\\\"comp-lneu10d01\\\" class=\\\"HcOXKn c9GqVL QxJLC3 ONIxfn comp-lneu10d01 wixui-rich-text\\\" data-testid=\\\"richTextElement\\\">\\n\n\n<p class=\\\"font_8 wixui-rich-text__text\\\"><span class=\\\"wixui-rich-text__text\\\">\\\"Having A Ball\\\" a d\\u00e9but\\u00e9 sous la forme d'un podcast peu orthodoxe relatant le combat courageux de Joseph Barnes contre un cancer du testicule m\\u00e9tastas\\u00e9. Aujourd'hui, en m\\u00e9moire de Joe, Having a Ball lance le mouvement \\u00e0 l'\\u00e9chelle mondiale - pour sauver d'autres personnes.<\\\/span><\\\/p>\\n\n\n<p class=\\\"font_8 wixui-rich-text__text\\\"><span class=\\\"wixui-rich-text__text\\\">En m\\u00e9moire de Joseph Barnes (1981-2022).\\u00a0<\\\/span><\\\/p>\\n\n\n<p class=\\\"font_8 wixui-rich-text__text\\\"><span class=\\\"wixui-rich-text__text\\\">Liens: <a href=\\\"https:\\\/\\\/www.youtube.com\\\/c\\\/HavingaBall\\\" target=\\\"_blank\\\" rel=\\\"noreferrer noopener\\\" class=\\\"wixui-rich-text__text\\\">https:\\\/\\\/www.youtube.com\\\/c\\\/HavingaBall<\\\/a><\\\/span><\\\/p>\\n<\\\/div>\",\"margin\":\"default\"}}]}]}]},{\"type\":\"section\",\"props\":{\"image_position\":\"center-center\",\"style\":\"default\",\"title_breakpoint\":\"xl\",\"title_position\":\"top-left\",\"title_rotation\":\"left\",\"vertical_align\":\"middle\",\"width\":\"default\"},\"children\":[{\"type\":\"row\",\"children\":[{\"type\":\"column\",\"props\":{\"image_position\":\"center-center\",\"position_sticky_breakpoint\":\"m\"}}]}]},{\"type\":\"section\",\"props\":{\"image_position\":\"center-center\",\"style\":\"default\",\"title_breakpoint\":\"xl\",\"title_position\":\"top-left\",\"title_rotation\":\"left\",\"vertical_align\":\"middle\",\"width\":\"default\"},\"children\":[{\"type\":\"row\",\"children\":[{\"type\":\"column\",\"props\":{\"image_position\":\"center-center\",\"position_sticky_breakpoint\":\"m\"}}]}]},{\"type\":\"section\",\"props\":{\"image_position\":\"center-center\",\"style\":\"default\",\"title_breakpoint\":\"xl\",\"title_position\":\"top-left\",\"title_rotation\":\"left\",\"vertical_align\":\"middle\",\"width\":\"default\"},\"children\":[{\"type\":\"row\",\"children\":[{\"type\":\"column\",\"props\":{\"image_position\":\"center-center\",\"position_sticky_breakpoint\":\"m\"}}]}]}],\"version\":\"4.3.11\"} --><\/p>\n","protected":false},"excerpt":{"rendered":"<p>\u00ab\u00a0HAVING A BALL\u00a0\u00bb \u00ab\u00a0Having A Ball\u00a0\u00bb a d\u00e9but\u00e9 sous la forme d&rsquo;un podcast peu orthodoxe relatant le combat courageux de Joseph Barnes contre un cancer du testicule m\u00e9tastas\u00e9. Aujourd&rsquo;hui, en m\u00e9moire de Joe, Having a Ball lance le mouvement \u00e0 l&rsquo;\u00e9chelle mondiale &#8211; pour sauver d&rsquo;autres personnes. En m\u00e9moire de Joseph Barnes (1981-2022).\u00a0 Liens: https:\/\/www.youtube.com\/c\/HavingaBall<\/p>\n","protected":false},"author":1,"featured_media":0,"parent":0,"menu_order":0,"comment_status":"closed","ping_status":"closed","template":"","meta":{"footnotes":""},"class_list":["post-38","page","type-page","status-publish","hentry"],"_links":{"self":[{"href":"https:\/\/having1ball.ch\/index.php\/wp-json\/wp\/v2\/pages\/38","targetHints":{"allow":["GET"]}}],"collection":[{"href":"https:\/\/having1ball.ch\/index.php\/wp-json\/wp\/v2\/pages"}],"about":[{"href":"https:\/\/having1ball.ch\/index.php\/wp-json\/wp\/v2\/types\/page"}],"author":[{"embeddable":true,"href":"https:\/\/having1ball.ch\/index.php\/wp-json\/wp\/v2\/users\/1"}],"replies":[{"embeddable":true,"href":"https:\/\/having1ball.ch\/index.php\/wp-json\/wp\/v2\/comments?post=38"}],"version-history":[{"count":10,"href":"https:\/\/having1ball.ch\/index.php\/wp-json\/wp\/v2\/pages\/38\/revisions"}],"predecessor-version":[{"id":574,"href":"https:\/\/having1ball.ch\/index.php\/wp-json\/wp\/v2\/pages\/38\/revisions\/574"}],"wp:attachment":[{"href":"https:\/\/having1ball.ch\/index.php\/wp-json\/wp\/v2\/media?parent=38"}],"curies":[{"name":"wp","href":"https:\/\/api.w.org\/{rel}","templated":true}]}}