{"id":31,"date":"2024-04-17T12:50:40","date_gmt":"2024-04-17T12:50:40","guid":{"rendered":"https:\/\/new.having1ball.ch\/?page_id=31"},"modified":"2024-05-03T15:37:53","modified_gmt":"2024-05-03T15:37:53","slug":"ou-va-votre-don","status":"publish","type":"page","link":"https:\/\/having1ball.ch\/index.php\/ou-va-votre-don\/","title":{"rendered":"O\u00f9 va votre don ? &#8211; FR"},"content":{"rendered":"<h1>\n<h2 class=\"font_2 wixui-rich-text__text\">O\u00f9 va votre don?<\/h2>\n<\/h1>\n<div>\n<div id=\"comp-lnfuc5hg\" class=\"HcOXKn c9GqVL QxJLC3 ONIxfn comp-lnfuc5hg wixui-rich-text\" data-testid=\"richTextElement\">\n<p class=\"font_8 wixui-rich-text__text\"><span class=\"wixui-rich-text__text\">Votre don nous aidera \u00e0 organiser les aspects pratiques de nos campagnes de sensibilisation, notamment la location de tentes, l&rsquo;\u00e9lectricit\u00e9, l&rsquo;assurance, l&rsquo;impression de d\u00e9pliants et d&rsquo;affiches, etc. La publicit\u00e9, la promotion et les m\u00e9dias sociaux sont \u00e9videmment aussi des domaines prioritaires pour diffuser le message.<\/span><\/p>\n<p class=\"font_8 wixui-rich-text__text\"><span class=\"wixui-rich-text__text\">Outre les \u00e9v\u00e9nements sp\u00e9ciaux, nous distribuerons des affiches et des d\u00e9pliants dans les \u00e9coles, les clubs sportifs, lors des journ\u00e9es de la sant\u00e9 en entreprise et dans tout autre endroit o\u00f9 les jeunes hommes se rassemblent, pour diffuser notre message sur l\u2019importance de l&rsquo;auto-examen et le diagnostic pr\u00e9coce.<\/span><\/p>\n<p class=\"font_8 wixui-rich-text__text\"><span class=\"wixui-rich-text__text\">Nous voulons aussi aider moralement ou financi\u00e8rement les personnes touch\u00e9es par le cancer du testicule. Par la suite, contribuer \u00e0 la recherche sur le cancer du testicule est \u00e9galement notre objectif.<\/span><\/p>\n<p class=\"font_8 wixui-rich-text__text\"><span class=\"wixui-rich-text__text\">La transparence nous tient \u00e0 c\u0153ur. Les membres de notre comit\u00e9 ne sont pas r\u00e9mun\u00e9r\u00e9s pour leur travail. Conform\u00e9ment \u00e0 nos statuts et \u00e0 la loi suisse, nos comptes seront v\u00e9rifi\u00e9s chaque ann\u00e9e par des auditeurs externes et pr\u00e9sent\u00e9s \u00e0 nos membres lors de notre assembl\u00e9e g\u00e9n\u00e9rale annuelle.<\/span><\/p>\n<\/div>\n<\/div>\n<p><img decoding=\"async\" src=\"\/wp-content\/uploads\/2024\/04\/Poster1.webp\" alt=\"\"><\/p>\n<p><!--more--><br \/>\n<!-- {\"type\":\"layout\",\"children\":[{\"type\":\"section\",\"props\":{\"image_position\":\"center-center\",\"padding\":\"xsmall\",\"padding_remove_bottom\":true,\"padding_remove_top\":true,\"style\":\"default\",\"title_breakpoint\":\"xl\",\"title_position\":\"top-left\",\"title_rotation\":\"left\",\"vertical_align\":\"middle\",\"width\":\"default\"},\"children\":[{\"type\":\"row\",\"children\":[{\"type\":\"column\",\"props\":{\"image_position\":\"center-center\",\"position_sticky_breakpoint\":\"m\"},\"children\":[{\"type\":\"headline\",\"props\":{\"content\":\"\n\n<h2 class=\\\"font_2 wixui-rich-text__text\\\">O\\u00f9 va votre don?<\\\/h2>\",\"title_element\":\"h1\"}},{\"type\":\"text\",\"props\":{\"column_breakpoint\":\"m\",\"content\":\"\n\n<div id=\\\"comp-lnfuc5hg\\\" class=\\\"HcOXKn c9GqVL QxJLC3 ONIxfn comp-lnfuc5hg wixui-rich-text\\\" data-testid=\\\"richTextElement\\\">\\n\n\n<p class=\\\"font_8 wixui-rich-text__text\\\"><span class=\\\"wixui-rich-text__text\\\">Votre don nous aidera \\u00e0 organiser les aspects pratiques de nos campagnes de sensibilisation, notamment la location de tentes, l'\\u00e9lectricit\\u00e9, l'assurance, l'impression de d\\u00e9pliants et d'affiches, etc. La publicit\\u00e9, la promotion et les m\\u00e9dias sociaux sont \\u00e9videmment aussi des domaines prioritaires pour diffuser le message.<\\\/span><\\\/p>\\n\n\n<p class=\\\"font_8 wixui-rich-text__text\\\"><span class=\\\"wixui-rich-text__text\\\">Outre les \\u00e9v\\u00e9nements sp\\u00e9ciaux, nous distribuerons des affiches et des d\\u00e9pliants dans les \\u00e9coles, les clubs sportifs, lors des journ\\u00e9es de la sant\\u00e9 en entreprise et dans tout autre endroit o\\u00f9 les jeunes hommes se rassemblent, pour diffuser notre message sur l\\u2019importance de l'auto-examen et le diagnostic pr\\u00e9coce.<\\\/span><\\\/p>\\n\n\n<p class=\\\"font_8 wixui-rich-text__text\\\"><span class=\\\"wixui-rich-text__text\\\">Nous voulons aussi aider moralement ou financi\\u00e8rement les personnes touch\\u00e9es par le cancer du testicule. Par la suite, contribuer \\u00e0 la recherche sur le cancer du testicule est \\u00e9galement notre objectif.<\\\/span><\\\/p>\\n\n\n<p class=\\\"font_8 wixui-rich-text__text\\\"><span class=\\\"wixui-rich-text__text\\\">La transparence nous tient \\u00e0 c\\u0153ur. Les membres de notre comit\\u00e9 ne sont pas r\\u00e9mun\\u00e9r\\u00e9s pour leur travail. Conform\\u00e9ment \\u00e0 nos statuts et \\u00e0 la loi suisse, nos comptes seront v\\u00e9rifi\\u00e9s chaque ann\\u00e9e par des auditeurs externes et pr\\u00e9sent\\u00e9s \\u00e0 nos membres lors de notre assembl\\u00e9e g\\u00e9n\\u00e9rale annuelle.<\\\/span><\\\/p>\\n<\\\/div>\",\"margin\":\"default\"}}]}]},{\"type\":\"row\",\"children\":[{\"type\":\"column\",\"props\":{\"image_position\":\"center-center\",\"position_sticky_breakpoint\":\"m\"},\"children\":[{\"type\":\"image\",\"props\":{\"image\":\"wp-content\\\/uploads\\\/2024\\\/04\\\/Poster1.webp\",\"image_svg_color\":\"emphasis\",\"image_width\":1200,\"margin\":\"small\",\"margin_remove_top\":false}}]}]}]}],\"version\":\"4.3.13\"} --><\/p>\n","protected":false},"excerpt":{"rendered":"<p>O\u00f9 va votre don? Votre don nous aidera \u00e0 organiser les aspects pratiques de nos campagnes de sensibilisation, notamment la location de tentes, l&rsquo;\u00e9lectricit\u00e9, l&rsquo;assurance, l&rsquo;impression de d\u00e9pliants et d&rsquo;affiches, etc. La publicit\u00e9, la promotion et les m\u00e9dias sociaux sont \u00e9videmment aussi des domaines prioritaires pour diffuser le message. Outre les \u00e9v\u00e9nements sp\u00e9ciaux, nous distribuerons [&hellip;]<\/p>\n","protected":false},"author":1,"featured_media":0,"parent":0,"menu_order":0,"comment_status":"closed","ping_status":"closed","template":"","meta":{"footnotes":""},"class_list":["post-31","page","type-page","status-publish","hentry"],"_links":{"self":[{"href":"https:\/\/having1ball.ch\/index.php\/wp-json\/wp\/v2\/pages\/31","targetHints":{"allow":["GET"]}}],"collection":[{"href":"https:\/\/having1ball.ch\/index.php\/wp-json\/wp\/v2\/pages"}],"about":[{"href":"https:\/\/having1ball.ch\/index.php\/wp-json\/wp\/v2\/types\/page"}],"author":[{"embeddable":true,"href":"https:\/\/having1ball.ch\/index.php\/wp-json\/wp\/v2\/users\/1"}],"replies":[{"embeddable":true,"href":"https:\/\/having1ball.ch\/index.php\/wp-json\/wp\/v2\/comments?post=31"}],"version-history":[{"count":13,"href":"https:\/\/having1ball.ch\/index.php\/wp-json\/wp\/v2\/pages\/31\/revisions"}],"predecessor-version":[{"id":536,"href":"https:\/\/having1ball.ch\/index.php\/wp-json\/wp\/v2\/pages\/31\/revisions\/536"}],"wp:attachment":[{"href":"https:\/\/having1ball.ch\/index.php\/wp-json\/wp\/v2\/media?parent=31"}],"curies":[{"name":"wp","href":"https:\/\/api.w.org\/{rel}","templated":true}]}}