{"id":250,"date":"2024-08-04T13:30:18","date_gmt":"2024-08-04T13:30:18","guid":{"rendered":"https:\/\/new.having1ball.ch\/index.php\/accueil-deutsch\/"},"modified":"2026-04-26T22:17:54","modified_gmt":"2026-04-26T21:17:54","slug":"wilkommen","status":"publish","type":"page","link":"https:\/\/having1ball.ch\/index.php\/de\/","title":{"rendered":"Accueil &#8211; DE"},"content":{"rendered":"<h1>\n<h1 class=\"font_3 wixui-rich-text__text\"><span class=\"wixui-rich-text__text\"><span class=\"color_37 wixui-rich-text__text\"><strong>JOSEPH-BARNES-VEREIN ZUR VORBEUGUNG VON HODENKREBS<\/strong><\/span><\/span><\/h1>\n<\/h1>\n<p><iframe src=\"https:\/\/www.youtube.com\/watch?v=MBT-lVZsnDQ\"><\/iframe><\/p>\n<div>\n<hr \/>\n<h3><strong>save the date!<\/strong><\/h3>\n<p>29. August: P\u00e9tanque Turnier<\/p>\n<\/div>\n<ul>\n<li>\n<p>\n        <a href=\"\/index.php\/mitglied-werden\/\">Heute Mitglied werden<\/a>\n    <\/p>\n<\/li>\n<li>\n<\/li>\n<\/ul>\n<p><p>\n        <a href=\"\/index.php\/eine-spende-machen\/\">Spenden<\/a>\n    <\/p>\n<\/p>\n<hr>\n<h1>\n<h3 class=\"font_0 wixui-rich-text__text\"><span class=\"wixui-rich-text__text\">DIE JOSEPH BARNES VEREINIGUNG F\u00dcR DIE PR\u00c4VENTION VON HODENKREBS<\/span><\/h3>\n<\/h1>\n<div>\n<div id=\"comp-lozlh19y1\" class=\"HcOXKn c9GqVL QxJLC3 ONIxfn comp-lozlh19y1 wixui-rich-text\" data-testid=\"richTextElement\">\n<p>Having a Ball ist eine gemeinn\u00fctzige Organisation, die es sich zur Aufgabe gemacht hat, die \u00d6ffentlichkeit \u00fcber die h\u00e4ufigste Krebserkrankung bei M\u00e4nnern im Alter von 15 bis 44 Jahren aufzukl\u00e4ren und zu informieren. Ausserdem wollen wir Patienten und \u00dcberlebenden wertvolle Unterst\u00fctzung bieten, damit sie ihr Leben retten oder verbessern k\u00f6nnen.<\/p>\n<p>Having a Ball will die Fr\u00fcherkennung durch monatliche Selbstuntersuchungen f\u00f6rdern und gleichzeitig das Stigma und das Tabu, das mit Hodenkrebs verbunden ist, bek\u00e4mpfen. Unsere Aufgabe ist es, die \u00d6ffentlichkeit \u00fcber Hodenkrebs, Behandlungsm\u00f6glichkeiten und soziale Unterst\u00fctzung aufzukl\u00e4ren.<\/p>\n<\/div>\n<\/div>\n<hr>\n<h1><a href=\"\/index.php\/joeys-geschichte\/\">Joeys Geschichte <img decoding=\"async\" src=\"data:image\/png;base64,iVBORw0KGgoAAAANSUhEUgAAABYAAAAVCAIAAADNQonCAAAAAXNSR0IArs4c6QAAAARnQU1BAACxjwv8YQUAAAAJcEhZcwAAEnQAABJ0Ad5mH3gAAAASdEVYdFNvZnR3YXJlAEdyZWVuc2hvdF5VCAUAAAFySURBVDhPY\/hPMRjMRrzYPbGhoaEkztPBwcEzrgTInrj7BVQOA+A0Ys2M\/u\/LJkLQmxktJBtxuTOopb4dbsSz+qCgzstQOQxATSNeHZrT2dZUluTv6uLkaG2gWljcDDficbGVqoG1o5OLq39SWVNb55xDr6C6QABuBND7zWfm939cMvHbsolfl04AIrgR38BcoPi3Jf3v53euRA0YuBFX+yLD9s2C6sGHZhW2R\/ZdheoCAbgRT7d21Z5bgKEBEy1oW9619SlUFwgge6RhelvllOSw3riwriCnafVtcG3P6wNqg4KA4r3JmXPbGntxeOTP90\/vXj65f\/va5fOnTqwodG+oQRjxtMbHvXDFiVPnL1+7ff\/Jy3efvv+B6gIBuBEogArp4tbs9P6WDrgRz1sS0mffgsphAOxGAANm0YSue7M6Xs3tfDar68qEJpIT+IfL25bMnthamhobF5ta2jpx9pJtlz9A5TAAdiNIAsPEiP\/\/AeV\/xJGzfuE0AAAAAElFTkSuQmCC\" alt=\"\" \/><\/a><\/h1>\n<div>\n<p>Im Juni 2021 wurde bei Joseph Barnes im Alter von 40 Jahren metastasierender Hodenkrebs diagnostiziert. Zun\u00e4chst waren wir zuversichtlich, dass er die Krankheit besiegen w\u00fcrde, da Hodenkrebs, selbst wenn er bereits Metastasen gebildet hat, gut auf die Behandlung anspricht und eine hohe Heilungsrate aufweist.<\/p>\n<\/p>\n<p>Trotz seines tapferen Kampfes, der 16 Monate Chemotherapie, zahlreiche chirurgische Eingriffe, eine autologe Stammzellentransplantation, ein k\u00fcnstliches Koma und \u00fcber 100 Tage Krankenhausaufenthalt umfasste, verstarb Joey am 13. Oktober 2022.<\/p>\n<p>Wenige Monate nach seinem tragischen Tod gr\u00fcndeten wir die gemeinn\u00fctzige Organisation \u00ab\u00a0<em>Having a Ball, die Joseph Barnes Vereinigung f\u00fcr die Pr\u00e4vention von Hodenkrebs<\/em>\u00a0\u00bb dieser wenig bekannten Krebsart aufzukl\u00e4ren und so zu helfen, Leben zu retten.<\/p>\n<\/div>\n<p><img decoding=\"async\" src=\"\/wp-content\/uploads\/2024\/04\/5e4b48_5eb567d400f24aef96f2b6ef0fe312a6mv2.webp\" alt=\"\"><\/p>\n<p><!--more--><br \/>\n<!-- {\"type\":\"layout\",\"children\":[{\"type\":\"section\",\"props\":{\"image_position\":\"center-center\",\"padding_bottom\":\"none\",\"padding_top\":\"none\",\"style\":\"default\",\"title_breakpoint\":\"xl\",\"title_position\":\"top-left\",\"title_rotation\":\"left\",\"vertical_align\":\"\",\"width\":\"default\"},\"children\":[{\"type\":\"row\",\"children\":[{\"type\":\"column\",\"props\":{\"image_position\":\"center-center\",\"position_sticky_breakpoint\":\"m\"},\"children\":[{\"type\":\"headline\",\"props\":{\"content\":\"\n\n<h1 class=\\\"font_3 wixui-rich-text__text\\\"><span class=\\\"wixui-rich-text__text\\\"><span class=\\\"color_37 wixui-rich-text__text\\\"><strong>JOSEPH-BARNES-VEREIN ZUR VORBEUGUNG VON HODENKREBS<\/strong><\/span><\/span><\/h1>\n\n\",\"image_align\":\"left\",\"image_margin\":\"xsmall\",\"title_element\":\"h1\"}}]}],\"props\":{\"width\":\"small\"}},{\"type\":\"row\",\"children\":[{\"type\":\"column\",\"props\":{\"image_position\":\"center-center\",\"position_sticky_breakpoint\":\"m\",\"width_medium\":\"1-2\"},\"children\":[{\"type\":\"video\",\"props\":{\"margin_bottom\":\"default\",\"margin_top\":\"remove\",\"text_align\":\"center\",\"video\":\"https:\/\/www.youtube.com\/watch?v=MBT-lVZsnDQ\",\"video_controls\":true,\"video_loading\":\"lazy\",\"video_width\":\"900\"}}]},{\"type\":\"column\",\"props\":{\"image_position\":\"center-center\",\"position_sticky_breakpoint\":\"m\",\"width_medium\":\"1-2\"},\"children\":[{\"type\":\"text\",\"props\":{\"column_breakpoint\":\"m\",\"content\":\"\n\n<hr \/>\n\n\\n\n\n<h3><strong>save the date!<\/strong><\/h3>\n\n\\n\n\n<p>29. August: P\u00e9tanque Turnier<\/p>\n\n\",\"margin_bottom\":\"default\",\"margin_top\":\"default\",\"text_color\":\"primary\",\"text_style\":\"lead\"}}]}],\"props\":{\"divider\":true,\"layout\":\"1-2,1-2\"}},{\"type\":\"row\",\"children\":[{\"type\":\"column\",\"props\":{\"image_position\":\"center-center\",\"position_sticky_breakpoint\":\"m\",\"width_medium\":\"1-2\"},\"children\":[{\"type\":\"button\",\"props\":{\"button_size\":\"small\",\"grid_column_gap\":\"small\",\"grid_row_gap\":\"small\",\"margin_bottom\":\"remove\",\"margin_top\":\"remove\",\"text_align\":\"center\"},\"children\":[{\"type\":\"button_item\",\"props\":{\"button_style\":\"secondary\",\"content\":\"Heute Mitglied werden\",\"dialog_layout\":\"modal\",\"dialog_offcanvas_flip\":true,\"icon_align\":\"left\",\"link\":\"index.php\/mitglied-werden\/\"}},{\"type\":\"button_item\",\"props\":{\"button_style\":\"default\",\"dialog_layout\":\"modal\",\"dialog_offcanvas_flip\":true,\"icon_align\":\"left\",\"link\":\"https:\/\/having1ball.ch\/wp-admin\/admin-ajax.php?action=yootheme&yootheme=customizer&site=https%3A%2F%2Fhaving1ball.ch%2Findex.php%2Fde%2Fdanke-fur-ihre-unterstutzung%2F&return=https%3A%2F%2Fhaving1ball.ch%2Fwp-admin%2Fpost.php%3Fpost%3D33%26action%3Dedit\"}}]}]},{\"type\":\"column\",\"props\":{\"image_position\":\"center-center\",\"position_sticky_breakpoint\":\"m\",\"width_medium\":\"1-2\"},\"children\":[{\"type\":\"button\",\"props\":{\"button_size\":\"small\",\"grid_column_gap\":\"small\",\"grid_row_gap\":\"small\",\"margin_bottom\":\"remove\",\"margin_top\":\"remove\",\"text_align\":\"center\"},\"children\":[{\"type\":\"button_item\",\"props\":{\"button_style\":\"secondary\",\"content\":\"Spenden\",\"dialog_layout\":\"modal\",\"dialog_offcanvas_flip\":true,\"icon_align\":\"left\",\"link\":\"index.php\/eine-spende-machen\/\"}}]}]}],\"props\":{\"layout\":\"1-2,1-2\"}},{\"type\":\"row\",\"children\":[{\"type\":\"column\",\"props\":{\"image_position\":\"center-center\",\"position_sticky_breakpoint\":\"m\"},\"children\":[{\"type\":\"divider\",\"props\":{\"divider_element\":\"hr\"}},{\"type\":\"headline\",\"props\":{\"content\":\"\n\n<h3 class=\\\"font_0 wixui-rich-text__text\\\"><span class=\\\"wixui-rich-text__text\\\">DIE JOSEPH BARNES VEREINIGUNG F\u00dcR DIE PR\u00c4VENTION VON HODENKREBS<\/span><\/h3>\n\n\",\"image_align\":\"left\",\"image_margin\":\"xsmall\",\"text_align\":\"left\",\"title_element\":\"h1\"}},{\"type\":\"text\",\"props\":{\"block_align\":\"center\",\"column_breakpoint\":\"m\",\"content\":\"\n\n<div id=\\\"comp-lozlh19y1\\\" class=\\\"HcOXKn c9GqVL QxJLC3 ONIxfn comp-lozlh19y1 wixui-rich-text\\\" data-testid=\\\"richTextElement\\\">\\n\n\n<p>Having a Ball ist eine gemeinn\u00fctzige Organisation, die es sich zur Aufgabe gemacht hat, die \u00d6ffentlichkeit \u00fcber die h\u00e4ufigste Krebserkrankung bei M\u00e4nnern im Alter von 15 bis 44 Jahren aufzukl\u00e4ren und zu informieren. Ausserdem wollen wir Patienten und \u00dcberlebenden wertvolle Unterst\u00fctzung bieten, damit sie ihr Leben retten oder verbessern k\u00f6nnen.<\/p>\n\n\\n\n\n<p>Having a Ball will die Fr\u00fcherkennung durch monatliche Selbstuntersuchungen f\u00f6rdern und gleichzeitig das Stigma und das Tabu, das mit Hodenkrebs verbunden ist, bek\u00e4mpfen. Unsere Aufgabe ist es, die \u00d6ffentlichkeit \u00fcber Hodenkrebs, Behandlungsm\u00f6glichkeiten und soziale Unterst\u00fctzung aufzukl\u00e4ren.<\/p>\n\n\\n<\/div>\n\n\",\"margin_bottom\":\"\",\"margin_top\":\"\",\"maxwidth\":\"2xlarge\",\"text_align\":\"left\"}},{\"type\":\"divider\",\"props\":{\"divider_element\":\"hr\"}}]}]},{\"type\":\"row\",\"props\":{\"layout\":\"1-5,3-5,1-5\"},\"children\":[{\"type\":\"column\",\"props\":{\"image_position\":\"center-center\",\"position_sticky_breakpoint\":\"m\",\"width_medium\":\"1-4\"},\"children\":[{\"type\":\"headline\",\"props\":{\"content\":\"Joeys Geschichte <img src=\\\"data:image\/png;base64,iVBORw0KGgoAAAANSUhEUgAAABYAAAAVCAIAAADNQonCAAAAAXNSR0IArs4c6QAAAARnQU1BAACxjwv8YQUAAAAJcEhZcwAAEnQAABJ0Ad5mH3gAAAASdEVYdFNvZnR3YXJlAEdyZWVuc2hvdF5VCAUAAAFySURBVDhPY\/hPMRjMRrzYPbGhoaEkztPBwcEzrgTInrj7BVQOA+A0Ys2M\/u\/LJkLQmxktJBtxuTOopb4dbsSz+qCgzstQOQxATSNeHZrT2dZUluTv6uLkaG2gWljcDDficbGVqoG1o5OLq39SWVNb55xDr6C6QABuBND7zWfm939cMvHbsolfl04AIrgR38BcoPi3Jf3v53euRA0YuBFX+yLD9s2C6sGHZhW2R\/ZdheoCAbgRT7d21Z5bgKEBEy1oW9619SlUFwgge6RhelvllOSw3riwriCnafVtcG3P6wNqg4KA4r3JmXPbGntxeOTP90\/vXj65f\/va5fOnTqwodG+oQRjxtMbHvXDFiVPnL1+7ff\/Jy3efvv+B6gIBuBEogArp4tbs9P6WDrgRz1sS0mffgsphAOxGAANm0YSue7M6Xs3tfDar68qEJpIT+IfL25bMnthamhobF5ta2jpx9pJtlz9A5TAAdiNIAsPEiP\/\/AeV\/xJGzfuE0AAAAAElFTkSuQmCC\\\" alt=\\\"\\\" \/>\",\"image_align\":\"left\",\"image_margin\":\"xsmall\",\"link\":\"index.php\/joeys-geschichte\/\",\"margin_bottom\":\"small\",\"margin_top\":\"small\",\"text_align\":\"left\",\"title_element\":\"h1\"}}]},{\"type\":\"column\",\"props\":{\"image_position\":\"center-center\",\"position_sticky_breakpoint\":\"m\",\"width_medium\":\"1-2\"},\"children\":[{\"type\":\"text\",\"props\":{\"column_breakpoint\":\"m\",\"content\":\"\n\n<p>Im Juni 2021 wurde bei Joseph Barnes im Alter von 40 Jahren metastasierender Hodenkrebs diagnostiziert. Zun\u00e4chst waren wir zuversichtlich, dass er die Krankheit besiegen w\u00fcrde, da Hodenkrebs, selbst wenn er bereits Metastasen gebildet hat, gut auf die Behandlung anspricht und eine hohe Heilungsrate aufweist.<\/p>\n\n\\n\n\n\n\n\\n\n\n<p>Trotz seines tapferen Kampfes, der 16 Monate Chemotherapie, zahlreiche chirurgische Eingriffe, eine autologe Stammzellentransplantation, ein k\u00fcnstliches Koma und \u00fcber 100 Tage Krankenhausaufenthalt umfasste, verstarb Joey am 13. Oktober 2022.<\/p>\n\n\\n\n\n<p>Wenige Monate nach seinem tragischen Tod gr\u00fcndeten wir die gemeinn\u00fctzige Organisation \\\"<em>Having a Ball, die Joseph Barnes Vereinigung f\u00fcr die Pr\u00e4vention von Hodenkrebs<\/em>\\\" dieser wenig bekannten Krebsart aufzukl\u00e4ren und so zu helfen, Leben zu retten.<\/p>\n\n\",\"margin_bottom\":\"default\",\"margin_top\":\"default\",\"text_align\":\"left\"}}]},{\"type\":\"column\",\"props\":{\"image_position\":\"center-center\",\"position_sticky_breakpoint\":\"m\",\"width_medium\":\"1-4\"},\"children\":[{\"type\":\"image\",\"props\":{\"image\":\"wp-content\/uploads\/2024\/04\/5e4b48_5eb567d400f24aef96f2b6ef0fe312a6mv2.webp\",\"image_svg_color\":\"emphasis\",\"margin_bottom\":\"default\",\"margin_top\":\"default\"}}]}]}]}],\"version\":\"5.0.29\"} --><\/p>\n","protected":false},"excerpt":{"rendered":"<p>JOSEPH-BARNES-VEREIN ZUR VORBEUGUNG VON HODENKREBS save the date! 29. August: P\u00e9tanque Turnier Heute Mitglied werden Spenden DIE JOSEPH BARNES VEREINIGUNG F\u00dcR DIE PR\u00c4VENTION VON HODENKREBS Having a Ball ist eine gemeinn\u00fctzige Organisation, die es sich zur Aufgabe gemacht hat, die \u00d6ffentlichkeit \u00fcber die h\u00e4ufigste Krebserkrankung bei M\u00e4nnern im Alter von 15 bis 44 Jahren aufzukl\u00e4ren [&hellip;]<\/p>\n","protected":false},"author":2,"featured_media":0,"parent":0,"menu_order":0,"comment_status":"closed","ping_status":"closed","template":"","meta":{"footnotes":""},"class_list":["post-250","page","type-page","status-publish","hentry"],"_links":{"self":[{"href":"https:\/\/having1ball.ch\/index.php\/wp-json\/wp\/v2\/pages\/250","targetHints":{"allow":["GET"]}}],"collection":[{"href":"https:\/\/having1ball.ch\/index.php\/wp-json\/wp\/v2\/pages"}],"about":[{"href":"https:\/\/having1ball.ch\/index.php\/wp-json\/wp\/v2\/types\/page"}],"author":[{"embeddable":true,"href":"https:\/\/having1ball.ch\/index.php\/wp-json\/wp\/v2\/users\/2"}],"replies":[{"embeddable":true,"href":"https:\/\/having1ball.ch\/index.php\/wp-json\/wp\/v2\/comments?post=250"}],"version-history":[{"count":41,"href":"https:\/\/having1ball.ch\/index.php\/wp-json\/wp\/v2\/pages\/250\/revisions"}],"predecessor-version":[{"id":2518,"href":"https:\/\/having1ball.ch\/index.php\/wp-json\/wp\/v2\/pages\/250\/revisions\/2518"}],"wp:attachment":[{"href":"https:\/\/having1ball.ch\/index.php\/wp-json\/wp\/v2\/media?parent=250"}],"curies":[{"name":"wp","href":"https:\/\/api.w.org\/{rel}","templated":true}]}}