{"id":2495,"date":"2026-03-26T22:13:28","date_gmt":"2026-03-26T21:13:28","guid":{"rendered":"https:\/\/having1ball.ch\/?page_id=2495"},"modified":"2026-03-26T22:13:29","modified_gmt":"2026-03-26T21:13:29","slug":"aktuelles","status":"publish","type":"page","link":"https:\/\/having1ball.ch\/index.php\/de\/aktuelles\/","title":{"rendered":"Aktuelles"},"content":{"rendered":"\n<figure class=\"wp-block-image size-large is-resized\"><img loading=\"lazy\" decoding=\"async\" width=\"1024\" height=\"411\" src=\"https:\/\/having1ball.ch\/wp-content\/uploads\/2026\/03\/UICC_Member_RGB_Navy_Horizontal_Solid-2-1024x411.png\" alt=\"\" class=\"wp-image-2496\" style=\"aspect-ratio:2.49154191963665;width:392px;height:auto\" srcset=\"https:\/\/having1ball.ch\/wp-content\/uploads\/2026\/03\/UICC_Member_RGB_Navy_Horizontal_Solid-2-1024x411.png 1024w, https:\/\/having1ball.ch\/wp-content\/uploads\/2026\/03\/UICC_Member_RGB_Navy_Horizontal_Solid-2-300x121.png 300w, https:\/\/having1ball.ch\/wp-content\/uploads\/2026\/03\/UICC_Member_RGB_Navy_Horizontal_Solid-2-768x309.png 768w, https:\/\/having1ball.ch\/wp-content\/uploads\/2026\/03\/UICC_Member_RGB_Navy_Horizontal_Solid-2.png 1379w\" sizes=\"(max-width: 1024px) 100vw, 1024px\" \/><\/figure>\n\n\n\n<p>Having a Ball ist stolz darauf, assoziiertes Mitglied der Union for International Cancer Control (UICC) zu sein. Diese Mitgliedschaft verbindet uns mit einem globalen Netzwerk, das sich der Verringerung der weltweiten Krebsbelastung widmet, und st\u00e4rkt unsere Mission, die Fr\u00fcherkennung und das Bewusstsein f\u00fcr Hodenkrebs zu f\u00f6rdern.<\/p>\n","protected":false},"excerpt":{"rendered":"<p>Having a Ball ist stolz darauf, assoziiertes Mitglied der Union for International Cancer Control (UICC) zu sein. Diese Mitgliedschaft verbindet uns mit einem globalen Netzwerk, das sich der Verringerung der weltweiten Krebsbelastung widmet, und st\u00e4rkt unsere Mission, die Fr\u00fcherkennung und das Bewusstsein f\u00fcr Hodenkrebs zu f\u00f6rdern.<\/p>\n","protected":false},"author":6,"featured_media":0,"parent":0,"menu_order":0,"comment_status":"closed","ping_status":"closed","template":"","meta":{"footnotes":""},"class_list":["post-2495","page","type-page","status-publish","hentry"],"_links":{"self":[{"href":"https:\/\/having1ball.ch\/index.php\/wp-json\/wp\/v2\/pages\/2495","targetHints":{"allow":["GET"]}}],"collection":[{"href":"https:\/\/having1ball.ch\/index.php\/wp-json\/wp\/v2\/pages"}],"about":[{"href":"https:\/\/having1ball.ch\/index.php\/wp-json\/wp\/v2\/types\/page"}],"author":[{"embeddable":true,"href":"https:\/\/having1ball.ch\/index.php\/wp-json\/wp\/v2\/users\/6"}],"replies":[{"embeddable":true,"href":"https:\/\/having1ball.ch\/index.php\/wp-json\/wp\/v2\/comments?post=2495"}],"version-history":[{"count":1,"href":"https:\/\/having1ball.ch\/index.php\/wp-json\/wp\/v2\/pages\/2495\/revisions"}],"predecessor-version":[{"id":2497,"href":"https:\/\/having1ball.ch\/index.php\/wp-json\/wp\/v2\/pages\/2495\/revisions\/2497"}],"wp:attachment":[{"href":"https:\/\/having1ball.ch\/index.php\/wp-json\/wp\/v2\/media?parent=2495"}],"curies":[{"name":"wp","href":"https:\/\/api.w.org\/{rel}","templated":true}]}}