{"id":2485,"date":"2026-03-26T21:48:07","date_gmt":"2026-03-26T20:48:07","guid":{"rendered":"https:\/\/having1ball.ch\/?page_id=2485"},"modified":"2026-03-26T21:48:08","modified_gmt":"2026-03-26T20:48:08","slug":"actualites","status":"publish","type":"page","link":"https:\/\/having1ball.ch\/index.php\/actualites\/","title":{"rendered":"Actualit\u00e9s"},"content":{"rendered":"\n<figure class=\"wp-block-image size-large is-resized\"><img loading=\"lazy\" decoding=\"async\" width=\"1024\" height=\"411\" src=\"https:\/\/having1ball.ch\/wp-content\/uploads\/2026\/03\/UICC_Member_RGB_Navy_Horizontal_Solid-1024x411.png\" alt=\"\" class=\"wp-image-2486\" style=\"aspect-ratio:2.49154191963665;width:362px;height:auto\" srcset=\"https:\/\/having1ball.ch\/wp-content\/uploads\/2026\/03\/UICC_Member_RGB_Navy_Horizontal_Solid-1024x411.png 1024w, https:\/\/having1ball.ch\/wp-content\/uploads\/2026\/03\/UICC_Member_RGB_Navy_Horizontal_Solid-300x121.png 300w, https:\/\/having1ball.ch\/wp-content\/uploads\/2026\/03\/UICC_Member_RGB_Navy_Horizontal_Solid-768x309.png 768w, https:\/\/having1ball.ch\/wp-content\/uploads\/2026\/03\/UICC_Member_RGB_Navy_Horizontal_Solid.png 1379w\" sizes=\"(max-width: 1024px) 100vw, 1024px\" \/><\/figure>\n\n\n\n<p>Having a Ball est fi\u00e8re d\u2019\u00eatre membre associ\u00e9 de l\u2019Union for International Cancer Control (UICC). Cette adh\u00e9sion nous relie \u00e0 un r\u00e9seau mondial engag\u00e9 dans la r\u00e9duction du fardeau du cancer \u00e0 l\u2019\u00e9chelle internationale. Elle renforce notre mission de promotion du d\u00e9pistage pr\u00e9coce et de la sensibilisation au cancer des testicules.<\/p>\n","protected":false},"excerpt":{"rendered":"<p>Having a Ball est fi\u00e8re d\u2019\u00eatre membre associ\u00e9 de l\u2019Union for International Cancer Control (UICC). Cette adh\u00e9sion nous relie \u00e0 un r\u00e9seau mondial engag\u00e9 dans la r\u00e9duction du fardeau du cancer \u00e0 l\u2019\u00e9chelle internationale. Elle renforce notre mission de promotion du d\u00e9pistage pr\u00e9coce et de la sensibilisation au cancer des testicules.<\/p>\n","protected":false},"author":6,"featured_media":0,"parent":0,"menu_order":0,"comment_status":"closed","ping_status":"closed","template":"","meta":{"footnotes":""},"class_list":["post-2485","page","type-page","status-publish","hentry"],"_links":{"self":[{"href":"https:\/\/having1ball.ch\/index.php\/wp-json\/wp\/v2\/pages\/2485","targetHints":{"allow":["GET"]}}],"collection":[{"href":"https:\/\/having1ball.ch\/index.php\/wp-json\/wp\/v2\/pages"}],"about":[{"href":"https:\/\/having1ball.ch\/index.php\/wp-json\/wp\/v2\/types\/page"}],"author":[{"embeddable":true,"href":"https:\/\/having1ball.ch\/index.php\/wp-json\/wp\/v2\/users\/6"}],"replies":[{"embeddable":true,"href":"https:\/\/having1ball.ch\/index.php\/wp-json\/wp\/v2\/comments?post=2485"}],"version-history":[{"count":1,"href":"https:\/\/having1ball.ch\/index.php\/wp-json\/wp\/v2\/pages\/2485\/revisions"}],"predecessor-version":[{"id":2488,"href":"https:\/\/having1ball.ch\/index.php\/wp-json\/wp\/v2\/pages\/2485\/revisions\/2488"}],"wp:attachment":[{"href":"https:\/\/having1ball.ch\/index.php\/wp-json\/wp\/v2\/media?parent=2485"}],"curies":[{"name":"wp","href":"https:\/\/api.w.org\/{rel}","templated":true}]}}