{"id":1929,"date":"2026-01-18T10:38:36","date_gmt":"2026-01-18T09:38:36","guid":{"rendered":"https:\/\/having1ball.ch\/?page_id=1929"},"modified":"2026-01-18T11:24:00","modified_gmt":"2026-01-18T10:24:00","slug":"membri-onorari","status":"publish","type":"page","link":"https:\/\/having1ball.ch\/index.php\/it\/membri-onorari\/","title":{"rendered":"Membres d&rsquo;honneur &#8211; IT"},"content":{"rendered":"<p><img decoding=\"async\" src=\"\/wp-content\/uploads\/2024\/04\/5e4b48_7319ddef95464220ac8f63af0f1ce853mv2.webp\" alt=\"\"><\/p>\n<div>\n<h5 class=\"font_0 wixui-rich-text__text\"><span class=\"color_45 wixui-rich-text__text\"><span class=\"wixui-rich-text__text\">Dr<\/span><span class=\"wixui-rich-text__text\"> Dominik Berthold\u00a0<\/span><\/span><\/h5>\n<p class=\"font_8 wixui-rich-text__text\"><span class=\"wixui-rich-text__text\">Medico associato, responsabile della consultazione specializzata dei cancri urolocici<br \/><\/span>Servizio d\u2019oncologia mediacale. Dipartimento d\u2019oncologia CHUV Losanna<\/p>\n<\/div>\n<hr>\n<p><img decoding=\"async\" src=\"\/wp-content\/uploads\/2024\/04\/5e4b48_1ba96167034d4b19813954d4d30a69b6mv2.webp\" alt=\"\"><\/p>\n<div>\n<h5 class=\"font_8 wixui-rich-text__text\"><span class=\"wixui-rich-text__text\"><span class=\"color_37 wixui-rich-text__text\">Prof. Dr Berardino De Bari<\/span><\/span><\/h5>\n<p class=\"font_8 wixui-rich-text__text\">Capo servizio del reparto di radio-oncologia. R\u00e9seau hospitalier neuch\u00e2telois<\/p>\n<\/div>\n<hr>\n<p><img decoding=\"async\" src=\"\/wp-content\/uploads\/2024\/04\/5e4b48_a293dcee42704b03ba933f84086fd4aamv2.webp\" alt=\"\"><\/p>\n<div>\n<div id=\"comp-lrz8q2gy\" class=\"HcOXKn c9GqVL QxJLC3 ONIxfn comp-lrz8q2gy wixui-rich-text\" data-testid=\"richTextElement\">\n<h5 class=\"font_8 wixui-rich-text__text\"><span class=\"wixui-rich-text__text\"><span class=\"color_37 wixui-rich-text__text\">Dr. Sanjeev Vamadevan<\/span><\/span><\/h5>\n<p class=\"font_8 wixui-rich-text__text\">Urologo<\/p>\n<\/div>\n<\/div>\n<hr>\n<p><img decoding=\"async\" src=\"\/wp-content\/uploads\/2024\/04\/5e4b48_9ade311809624c2f80579c7c1e341310mv2.webp\" alt=\"\"><\/p>\n<div>\n<div id=\"comp-lp09txza\" class=\"HcOXKn c9GqVL QxJLC3 ONIxfn comp-lp09txza wixui-rich-text\" data-testid=\"richTextElement\">\n<h5 class=\"font_8 wixui-rich-text__text\"><span class=\"wixui-rich-text__text\"><span class=\"color_37 wixui-rich-text__text\">Donika Gn\u00e4gi<\/span><\/span><\/h5>\n<p class=\"font_8 wixui-rich-text__text\">Consulente legale<\/p>\n<\/div>\n<\/div>\n<p><!--more--><br \/>\n<!-- {\"type\":\"layout\",\"children\":[{\"type\":\"section\",\"props\":{\"image_position\":\"center-center\",\"style\":\"default\",\"title_breakpoint\":\"xl\",\"title_position\":\"top-left\",\"title_rotation\":\"left\",\"vertical_align\":\"\",\"width\":\"default\"},\"children\":[{\"type\":\"row\",\"props\":{\"layout\":\"1-4,3-4\"},\"children\":[{\"type\":\"column\",\"props\":{\"image_position\":\"center-center\",\"position_sticky_breakpoint\":\"m\",\"width_medium\":\"1-4\"},\"children\":[{\"type\":\"image\",\"props\":{\"image\":\"wp-content\/uploads\/2024\/04\/5e4b48_7319ddef95464220ac8f63af0f1ce853mv2.webp\",\"image_svg_color\":\"emphasis\",\"margin_bottom\":\"medium\",\"margin_top\":\"medium\"}}]},{\"type\":\"column\",\"props\":{\"image_position\":\"center-center\",\"position_sticky_breakpoint\":\"m\",\"width_medium\":\"3-4\"},\"children\":[{\"type\":\"text\",\"props\":{\"column_breakpoint\":\"m\",\"content\":\"\n\n<h5 class=\\\"font_0 wixui-rich-text__text\\\"><span class=\\\"color_45 wixui-rich-text__text\\\"><span class=\\\"wixui-rich-text__text\\\">Dr<\/span><span class=\\\"wixui-rich-text__text\\\"> Dominik Berthold\u00a0<\/span><\/span><\/h5>\n\n\\n\n\n<p class=\\\"font_8 wixui-rich-text__text\\\"><span class=\\\"wixui-rich-text__text\\\">Medico associato, responsabile della consultazione specializzata dei cancri urolocici<br \/><\/span>Servizio d\u2019oncologia mediacale. Dipartimento d\u2019oncologia CHUV Losanna<\/p>\n\n\",\"margin_bottom\":\"medium\",\"margin_top\":\"medium\"}}]}]},{\"type\":\"row\",\"children\":[{\"type\":\"column\",\"props\":{\"image_position\":\"center-center\",\"position_sticky_breakpoint\":\"m\"},\"children\":[{\"type\":\"divider\",\"props\":{\"divider_element\":\"hr\"}}]}]},{\"type\":\"row\",\"props\":{\"layout\":\"1-4,3-4\"},\"children\":[{\"type\":\"column\",\"props\":{\"image_position\":\"center-center\",\"position_sticky_breakpoint\":\"m\",\"width_medium\":\"1-4\"},\"children\":[{\"type\":\"image\",\"props\":{\"image\":\"wp-content\/uploads\/2024\/04\/5e4b48_1ba96167034d4b19813954d4d30a69b6mv2.webp\",\"image_svg_color\":\"emphasis\",\"margin_bottom\":\"medium\",\"margin_top\":\"medium\"}}]},{\"type\":\"column\",\"props\":{\"image_position\":\"center-center\",\"position_sticky_breakpoint\":\"m\",\"width_medium\":\"3-4\"},\"children\":[{\"type\":\"text\",\"props\":{\"column_breakpoint\":\"m\",\"content\":\"\n\n<h5 class=\\\"font_8 wixui-rich-text__text\\\"><span class=\\\"wixui-rich-text__text\\\"><span class=\\\"color_37 wixui-rich-text__text\\\">Prof. Dr Berardino De Bari<\/span><\/span><\/h5>\n\n\\n\n\n<p class=\\\"font_8 wixui-rich-text__text\\\">Capo servizio del reparto di radio-oncologia. R\u00e9seau hospitalier neuch\u00e2telois<\/p>\n\n\",\"margin_bottom\":\"medium\",\"margin_top\":\"medium\"}}]}]},{\"type\":\"row\",\"children\":[{\"type\":\"column\",\"props\":{\"image_position\":\"center-center\",\"position_sticky_breakpoint\":\"m\"},\"children\":[{\"type\":\"divider\",\"props\":{\"divider_element\":\"hr\"}}]}]},{\"type\":\"row\",\"props\":{\"layout\":\"1-4,3-4\"},\"children\":[{\"type\":\"column\",\"props\":{\"image_position\":\"center-center\",\"position_sticky_breakpoint\":\"m\",\"width_medium\":\"1-4\"},\"children\":[{\"type\":\"image\",\"props\":{\"image\":\"wp-content\/uploads\/2024\/04\/5e4b48_a293dcee42704b03ba933f84086fd4aamv2.webp\",\"image_svg_color\":\"emphasis\",\"margin_bottom\":\"default\",\"margin_top\":\"default\"}}]},{\"type\":\"column\",\"props\":{\"image_position\":\"center-center\",\"position_sticky_breakpoint\":\"m\",\"width_medium\":\"3-4\"},\"children\":[{\"type\":\"text\",\"props\":{\"column_breakpoint\":\"m\",\"content\":\"\n\n<div id=\\\"comp-lrz8q2gy\\\" class=\\\"HcOXKn c9GqVL QxJLC3 ONIxfn comp-lrz8q2gy wixui-rich-text\\\" data-testid=\\\"richTextElement\\\">\\n\n\n<h5 class=\\\"font_8 wixui-rich-text__text\\\"><span class=\\\"wixui-rich-text__text\\\"><span class=\\\"color_37 wixui-rich-text__text\\\">Dr. Sanjeev Vamadevan<\/span><\/span><\/h5>\n\n\\n\n\n<p class=\\\"font_8 wixui-rich-text__text\\\">Urologo<\/p>\n\n\\n<\/div>\n\n\",\"margin_bottom\":\"medium\",\"margin_top\":\"medium\"}}]}]},{\"type\":\"row\",\"children\":[{\"type\":\"column\",\"props\":{\"image_position\":\"center-center\",\"position_sticky_breakpoint\":\"m\"},\"children\":[{\"type\":\"divider\",\"props\":{\"divider_element\":\"hr\"}}]}]},{\"type\":\"row\",\"props\":{\"layout\":\"1-4,3-4\"},\"children\":[{\"type\":\"column\",\"props\":{\"image_position\":\"center-center\",\"position_sticky_breakpoint\":\"m\",\"width_medium\":\"1-4\"},\"children\":[{\"type\":\"image\",\"props\":{\"image\":\"wp-content\/uploads\/2024\/04\/5e4b48_9ade311809624c2f80579c7c1e341310mv2.webp\",\"image_svg_color\":\"emphasis\",\"margin_bottom\":\"medium\",\"margin_top\":\"medium\"}}]},{\"type\":\"column\",\"props\":{\"image_position\":\"center-center\",\"position_sticky_breakpoint\":\"m\",\"width_medium\":\"3-4\"},\"children\":[{\"type\":\"text\",\"props\":{\"column_breakpoint\":\"m\",\"content\":\"\n\n<div id=\\\"comp-lp09txza\\\" class=\\\"HcOXKn c9GqVL QxJLC3 ONIxfn comp-lp09txza wixui-rich-text\\\" data-testid=\\\"richTextElement\\\">\\n\n\n<h5 class=\\\"font_8 wixui-rich-text__text\\\"><span class=\\\"wixui-rich-text__text\\\"><span class=\\\"color_37 wixui-rich-text__text\\\">Donika Gn\u00e4gi<\/span><\/span><\/h5>\n\n\\n\n\n<p class=\\\"font_8 wixui-rich-text__text\\\">Consulente legale<\/p>\n\n\\n<\/div>\n\n\",\"margin_bottom\":\"large\",\"margin_top\":\"large\"}}]}]}],\"name\":\"Membre d'honneur\"}],\"version\":\"5.0.3\"} --><\/p>\n","protected":false},"excerpt":{"rendered":"<p>Dr Dominik Berthold\u00a0 Medico associato, responsabile della consultazione specializzata dei cancri urolociciServizio d\u2019oncologia mediacale. Dipartimento d\u2019oncologia CHUV Losanna Prof. Dr Berardino De Bari Capo servizio del reparto di radio-oncologia. R\u00e9seau hospitalier neuch\u00e2telois Dr. Sanjeev Vamadevan Urologo Donika Gn\u00e4gi Consulente legale<\/p>\n","protected":false},"author":3,"featured_media":0,"parent":0,"menu_order":0,"comment_status":"closed","ping_status":"closed","template":"","meta":{"footnotes":""},"class_list":["post-1929","page","type-page","status-publish","hentry"],"_links":{"self":[{"href":"https:\/\/having1ball.ch\/index.php\/wp-json\/wp\/v2\/pages\/1929","targetHints":{"allow":["GET"]}}],"collection":[{"href":"https:\/\/having1ball.ch\/index.php\/wp-json\/wp\/v2\/pages"}],"about":[{"href":"https:\/\/having1ball.ch\/index.php\/wp-json\/wp\/v2\/types\/page"}],"author":[{"embeddable":true,"href":"https:\/\/having1ball.ch\/index.php\/wp-json\/wp\/v2\/users\/3"}],"replies":[{"embeddable":true,"href":"https:\/\/having1ball.ch\/index.php\/wp-json\/wp\/v2\/comments?post=1929"}],"version-history":[{"count":4,"href":"https:\/\/having1ball.ch\/index.php\/wp-json\/wp\/v2\/pages\/1929\/revisions"}],"predecessor-version":[{"id":1974,"href":"https:\/\/having1ball.ch\/index.php\/wp-json\/wp\/v2\/pages\/1929\/revisions\/1974"}],"wp:attachment":[{"href":"https:\/\/having1ball.ch\/index.php\/wp-json\/wp\/v2\/media?parent=1929"}],"curies":[{"name":"wp","href":"https:\/\/api.w.org\/{rel}","templated":true}]}}