{"id":18,"date":"2024-04-17T12:48:41","date_gmt":"2024-04-17T12:48:41","guid":{"rendered":"https:\/\/new.having1ball.ch\/?page_id=18"},"modified":"2024-05-06T13:21:48","modified_gmt":"2024-05-06T13:21:48","slug":"liens","status":"publish","type":"page","link":"https:\/\/having1ball.ch\/index.php\/liens\/","title":{"rendered":"Liens &#8211; FR"},"content":{"rendered":"<h1>Liens<\/h1>\n<h1>\n<h5 class=\"font_5 wixui-rich-text__text\"><span class=\"wixui-rich-text__text\">En Suisse:<\/span><\/h5>\n<\/h1>\n<ul>\n<li>\n<div>\n<p class=\"font_8 wixui-rich-text__text\"><span class=\"wixui-rich-text__text\">La Ligue neuch\u00e2teloise contre le cancer<br \/><\/span><span class=\"wixui-rich-text__text\"><a href=\"http:\/\/www.liguecancer-ne.ch\" target=\"_blank\" rel=\"noreferrer noopener\" class=\"wixui-rich-text__text\">www.liguecancer-ne.ch<\/a><\/span><\/p>\n<\/div>\n<\/li>\n<li>\n<div>\n<p class=\"font_8 wixui-rich-text__text\"><span class=\"wixui-rich-text__text\">Brochure sp\u00e9cifique sur le cancer du testicule \u00e9dit\u00e9e par la Ligue contre le cancer<br \/><\/span><span class=\"wixui-rich-text__text\"><a href=\"https:\/\/boutique.liguecancer.ch\/brochures-materiel-dinformation\/vivre-avec-le-cancer\/types-de-cancer\/le-cancer-du-testicule\" target=\"_blank\" rel=\"noreferrer noopener\" class=\"wixui-rich-text__text\">https:\/\/boutique.liguecancer.ch\/brochures-materiel-dinformation\/vivre-avec-le-cancer\/types-de-cancer\/le-cancer-du-testicule<\/a><\/span><\/p>\n<\/div>\n<\/li>\n<li>\n<div>\n<p class=\"font_8 wixui-rich-text__text\"><span class=\"wixui-rich-text__text\">La plateforme d\u2019\u00e9changes sur le cancer avec intervention de sp\u00e9cialistes sur divers th\u00e8mes<br \/><\/span><span class=\"wixui-rich-text__text\"><a href=\"https:\/\/www.forumcancer.ch\/\" target=\"_blank\" rel=\"noreferrer noopener\" class=\"wixui-rich-text__text\">https:\/\/www.forumcancer.ch\/<\/a><\/span><\/p>\n<\/div>\n<\/li>\n<li>\n<div>\n<p class=\"font_8 wixui-rich-text__text\"><span class=\"wixui-rich-text__text\">Le r\u00e9seau social s\u00e9curis\u00e9 et plateforme sant\u00e9 propos\u00e9 par la Ligue vaudoise<br \/><\/span><span class=\"wixui-rich-text__text\"><a href=\"https:\/\/www.parlonscancer.ch\" target=\"_blank\" rel=\"noreferrer noopener\" class=\"wixui-rich-text__text\">https:\/\/www.parlonscancer.ch\/<\/a><\/span><\/p>\n<\/div>\n<\/li>\n<li>\n<div>\n<p class=\"font_8 wixui-rich-text__text\"><span class=\"wixui-rich-text__text\">Soutien aux adolescents et jeunes adultes atteints de cancer<br \/><\/span><span class=\"wixui-rich-text__text\"><a href=\"https:\/\/ayacancersupport.ch\/\" target=\"_blank\" rel=\"noreferrer noopener\" class=\"wixui-rich-text__text\">https:\/\/ayacancersupport.ch\/<\/a><\/span><\/p>\n<\/div>\n<\/li>\n<li>\n<div>\n<p class=\"font_8 wixui-rich-text__text\"><span class=\"wixui-rich-text__text\">CHUV, Lausanne<br \/><\/span><span class=\"wixui-rich-text__text\"><a href=\"https:\/\/www.chuv.ch\/fr\/urologie\/uro-home\/patients-et-familles\/maladies-et-affections\/cancers-de-lappareil-genito-urinaire\/cancer-du-testicule\" target=\"_blank\" rel=\"noreferrer noopener\" class=\"wixui-rich-text__text\">https:\/\/www.chuv.ch\/fr\/urologie\/uro-home\/patients-et-familles\/maladies-et-affections\/cancers-de-lappareil-genito-urinaire\/cancer-du-testicule<\/a><\/span><\/p>\n<\/div>\n<\/li>\n<li>\n<div>\n<p class=\"font_8 wixui-rich-text__text\"><span class=\"wixui-rich-text__text\">INSELSPITAL, Bern<br \/><\/span><span class=\"wixui-rich-text__text\"><a href=\"https:\/\/www.insel.ch\/de\/aktuell\/aktuelles\/details\/news\/hodenkrebs-verbesserte-behandlung-und-prognose\" target=\"_blank\" rel=\"noreferrer noopener\" class=\"wixui-rich-text__text\">https:\/\/www.insel.ch\/de\/aktuell\/aktuelles\/details\/news\/hodenkrebs-verbesserte-behandlung-und-prognose<\/a><\/span><\/p>\n<\/div>\n<\/li>\n<\/ul>\n<h1>\n<h5 class=\"font_5 wixui-rich-text__text\"><span class=\"wixui-rich-text__text\">Ailleurs :<br \/><\/span><\/h5>\n<\/h1>\n<div>\n<div>\n<div id=\"comp-lmatfdn11\" class=\"HcOXKn c9GqVL QxJLC3 ONIxfn comp-lmatfdn11 wixui-rich-text\" data-testid=\"richTextElement\">\n<p class=\"font_8 wixui-rich-text__text\"><span class=\"wixui-rich-text__text\">MAYOCLINIC, USA<br \/><\/span><span class=\"wixui-rich-text__text\"><a href=\"https:\/\/www.mayoclinic.org\/diseases-conditions\/testicular-cancer-care\/symptoms-causes\/syc-20352986\" target=\"_blank\" rel=\"noreferrer noopener\" class=\"wixui-rich-text__text\">https:\/\/www.mayoclinic.org\/diseases-conditions\/testicular-cancer-care\/symptoms-causes\/syc-20352986<\/a><\/span><\/p>\n<\/div>\n<p class=\"font_8 wixui-rich-text__text\"><span class=\"wixui-rich-text__text\"><a href=\"https:\/\/www.chuv.ch\/fr\/urologie\/uro-home\/patients-et-familles\/maladies-et-affections\/cancers-de-lappareil-genito-urinaire\/cancer-du-testicule\" target=\"_blank\" rel=\"noreferrer noopener\" class=\"wixui-rich-text__text\"><\/a><\/span><\/p>\n<\/div>\n<\/div>\n<p><!--more--><br \/>\n<!-- {\"type\":\"layout\",\"children\":[{\"type\":\"section\",\"props\":{\"image_position\":\"center-center\",\"padding\":\"xsmall\",\"padding_remove_bottom\":true,\"style\":\"default\",\"title_breakpoint\":\"xl\",\"title_position\":\"top-left\",\"title_rotation\":\"left\",\"vertical_align\":\"middle\",\"width\":\"default\"},\"children\":[{\"type\":\"row\",\"children\":[{\"type\":\"column\",\"props\":{\"image_position\":\"center-center\",\"position_sticky_breakpoint\":\"m\"},\"children\":[{\"type\":\"headline\",\"props\":{\"content\":\"Liens\",\"title_element\":\"h1\"}}]}]},{\"type\":\"row\",\"children\":[{\"type\":\"column\",\"props\":{\"image_position\":\"center-center\",\"position_sticky_breakpoint\":\"m\"},\"children\":[{\"type\":\"headline\",\"props\":{\"content\":\"\n\n<h5 class=\\\"font_5 wixui-rich-text__text\\\"><span class=\\\"wixui-rich-text__text\\\">En Suisse:<\\\/span><\\\/h5>\",\"title_element\":\"h1\"}},{\"type\":\"list\",\"props\":{\"column_breakpoint\":\"m\",\"image_align\":\"left\",\"image_svg_color\":\"emphasis\",\"image_vertical_align\":true,\"list_element\":\"ul\",\"list_horizontal_separator\":\", \",\"list_type\":\"vertical\",\"show_image\":true,\"show_link\":true},\"children\":[{\"type\":\"list_item\",\"props\":{\"content\":\"\n\n<p class=\\\"font_8 wixui-rich-text__text\\\"><span class=\\\"wixui-rich-text__text\\\">La Ligue neuch\\u00e2teloise contre le cancer<br \\\/><\\\/span><span class=\\\"wixui-rich-text__text\\\"><a href=\\\"http:\\\/\\\/www.liguecancer-ne.ch\\\" target=\\\"_blank\\\" rel=\\\"noreferrer noopener\\\" class=\\\"wixui-rich-text__text\\\">www.liguecancer-ne.ch<\\\/a><\\\/span><\\\/p>\"}},{\"type\":\"list_item\",\"props\":{\"content\":\"\n\n<p class=\\\"font_8 wixui-rich-text__text\\\"><span class=\\\"wixui-rich-text__text\\\">Brochure sp\\u00e9cifique sur le cancer du testicule \\u00e9dit\\u00e9e par la Ligue contre le cancer<br \\\/><\\\/span><span class=\\\"wixui-rich-text__text\\\"><a href=\\\"https:\\\/\\\/boutique.liguecancer.ch\\\/brochures-materiel-dinformation\\\/vivre-avec-le-cancer\\\/types-de-cancer\\\/le-cancer-du-testicule\\\" target=\\\"_blank\\\" rel=\\\"noreferrer noopener\\\" class=\\\"wixui-rich-text__text\\\">https:\\\/\\\/boutique.liguecancer.ch\\\/brochures-materiel-dinformation\\\/vivre-avec-le-cancer\\\/types-de-cancer\\\/le-cancer-du-testicule<\\\/a><\\\/span><\\\/p>\"}},{\"type\":\"list_item\",\"props\":{\"content\":\"\n\n<p class=\\\"font_8 wixui-rich-text__text\\\"><span class=\\\"wixui-rich-text__text\\\">La plateforme d\\u2019\\u00e9changes sur le cancer avec intervention de sp\\u00e9cialistes sur divers th\\u00e8mes<br \\\/><\\\/span><span class=\\\"wixui-rich-text__text\\\"><a href=\\\"https:\\\/\\\/www.forumcancer.ch\\\/\\\" target=\\\"_blank\\\" rel=\\\"noreferrer noopener\\\" class=\\\"wixui-rich-text__text\\\">https:\\\/\\\/www.forumcancer.ch\\\/<\\\/a><\\\/span><\\\/p>\"}},{\"type\":\"list_item\",\"props\":{\"content\":\"\n\n<p class=\\\"font_8 wixui-rich-text__text\\\"><span class=\\\"wixui-rich-text__text\\\">Le r\\u00e9seau social s\\u00e9curis\\u00e9 et plateforme sant\\u00e9 propos\\u00e9 par la Ligue vaudoise<br \\\/><\\\/span><span class=\\\"wixui-rich-text__text\\\"><a href=\\\"https:\\\/\\\/www.parlonscancer.ch\\\" target=\\\"_blank\\\" rel=\\\"noreferrer noopener\\\" class=\\\"wixui-rich-text__text\\\">https:\\\/\\\/www.parlonscancer.ch\\\/<\\\/a><\\\/span><\\\/p>\"}},{\"type\":\"list_item\",\"props\":{\"content\":\"\n\n<p class=\\\"font_8 wixui-rich-text__text\\\"><span class=\\\"wixui-rich-text__text\\\">Soutien aux adolescents et jeunes adultes atteints de cancer<br \\\/><\\\/span><span class=\\\"wixui-rich-text__text\\\"><a href=\\\"https:\\\/\\\/ayacancersupport.ch\\\/\\\" target=\\\"_blank\\\" rel=\\\"noreferrer noopener\\\" class=\\\"wixui-rich-text__text\\\">https:\\\/\\\/ayacancersupport.ch\\\/<\\\/a><\\\/span><\\\/p>\"}},{\"type\":\"list_item\",\"props\":{\"content\":\"\n\n<p class=\\\"font_8 wixui-rich-text__text\\\"><span class=\\\"wixui-rich-text__text\\\">CHUV, Lausanne<br \\\/><\\\/span><span class=\\\"wixui-rich-text__text\\\"><a href=\\\"https:\\\/\\\/www.chuv.ch\\\/fr\\\/urologie\\\/uro-home\\\/patients-et-familles\\\/maladies-et-affections\\\/cancers-de-lappareil-genito-urinaire\\\/cancer-du-testicule\\\" target=\\\"_blank\\\" rel=\\\"noreferrer noopener\\\" class=\\\"wixui-rich-text__text\\\">https:\\\/\\\/www.chuv.ch\\\/fr\\\/urologie\\\/uro-home\\\/patients-et-familles\\\/maladies-et-affections\\\/cancers-de-lappareil-genito-urinaire\\\/cancer-du-testicule<\\\/a><\\\/span><\\\/p>\"}},{\"type\":\"list_item\",\"props\":{\"content\":\"\n\n<p class=\\\"font_8 wixui-rich-text__text\\\"><span class=\\\"wixui-rich-text__text\\\">INSELSPITAL, Bern<br \\\/><\\\/span><span class=\\\"wixui-rich-text__text\\\"><a href=\\\"https:\\\/\\\/www.insel.ch\\\/de\\\/aktuell\\\/aktuelles\\\/details\\\/news\\\/hodenkrebs-verbesserte-behandlung-und-prognose\\\" target=\\\"_blank\\\" rel=\\\"noreferrer noopener\\\" class=\\\"wixui-rich-text__text\\\">https:\\\/\\\/www.insel.ch\\\/de\\\/aktuell\\\/aktuelles\\\/details\\\/news\\\/hodenkrebs-verbesserte-behandlung-und-prognose<\\\/a><\\\/span><\\\/p>\"}}]}]}]},{\"type\":\"row\",\"children\":[{\"type\":\"column\",\"props\":{\"image_position\":\"center-center\",\"position_sticky_breakpoint\":\"m\"},\"children\":[{\"type\":\"headline\",\"props\":{\"content\":\"\n\n<h5 class=\\\"font_5 wixui-rich-text__text\\\"><span class=\\\"wixui-rich-text__text\\\">Ailleurs :<br \\\/><\\\/span><\\\/h5>\",\"title_element\":\"h1\"}},{\"type\":\"list\",\"props\":{\"column_breakpoint\":\"m\",\"image_align\":\"left\",\"image_svg_color\":\"emphasis\",\"image_vertical_align\":true,\"list_element\":\"ul\",\"list_horizontal_separator\":\", \",\"list_type\":\"vertical\",\"show_image\":true,\"show_link\":true},\"children\":[{\"type\":\"list_item\",\"props\":{\"content\":\"\n\n<div id=\\\"comp-lmatfdn11\\\" class=\\\"HcOXKn c9GqVL QxJLC3 ONIxfn comp-lmatfdn11 wixui-rich-text\\\" data-testid=\\\"richTextElement\\\">\\n\n\n<p class=\\\"font_8 wixui-rich-text__text\\\"><span class=\\\"wixui-rich-text__text\\\">MAYOCLINIC, USA<br \\\/><\\\/span><span class=\\\"wixui-rich-text__text\\\"><a href=\\\"https:\\\/\\\/www.mayoclinic.org\\\/diseases-conditions\\\/testicular-cancer-care\\\/symptoms-causes\\\/syc-20352986\\\" target=\\\"_blank\\\" rel=\\\"noreferrer noopener\\\" class=\\\"wixui-rich-text__text\\\">https:\\\/\\\/www.mayoclinic.org\\\/diseases-conditions\\\/testicular-cancer-care\\\/symptoms-causes\\\/syc-20352986<\\\/a><\\\/span><\\\/p>\\n<\\\/div>\\n\n\n<p class=\\\"font_8 wixui-rich-text__text\\\"><span class=\\\"wixui-rich-text__text\\\"><a href=\\\"https:\\\/\\\/www.chuv.ch\\\/fr\\\/urologie\\\/uro-home\\\/patients-et-familles\\\/maladies-et-affections\\\/cancers-de-lappareil-genito-urinaire\\\/cancer-du-testicule\\\" target=\\\"_blank\\\" rel=\\\"noreferrer noopener\\\" class=\\\"wixui-rich-text__text\\\"><\\\/a><\\\/span><\\\/p>\"}}]}]}]}]}],\"version\":\"4.3.13\"} --><\/p>\n","protected":false},"excerpt":{"rendered":"<p>Liens En Suisse: La Ligue neuch\u00e2teloise contre le cancerwww.liguecancer-ne.ch Brochure sp\u00e9cifique sur le cancer du testicule \u00e9dit\u00e9e par la Ligue contre le cancerhttps:\/\/boutique.liguecancer.ch\/brochures-materiel-dinformation\/vivre-avec-le-cancer\/types-de-cancer\/le-cancer-du-testicule La plateforme d\u2019\u00e9changes sur le cancer avec intervention de sp\u00e9cialistes sur divers th\u00e8meshttps:\/\/www.forumcancer.ch\/ Le r\u00e9seau social s\u00e9curis\u00e9 et plateforme sant\u00e9 propos\u00e9 par la Ligue vaudoisehttps:\/\/www.parlonscancer.ch\/ Soutien aux adolescents et jeunes adultes atteints [&hellip;]<\/p>\n","protected":false},"author":1,"featured_media":0,"parent":0,"menu_order":0,"comment_status":"closed","ping_status":"closed","template":"","meta":{"footnotes":""},"class_list":["post-18","page","type-page","status-publish","hentry"],"_links":{"self":[{"href":"https:\/\/having1ball.ch\/index.php\/wp-json\/wp\/v2\/pages\/18","targetHints":{"allow":["GET"]}}],"collection":[{"href":"https:\/\/having1ball.ch\/index.php\/wp-json\/wp\/v2\/pages"}],"about":[{"href":"https:\/\/having1ball.ch\/index.php\/wp-json\/wp\/v2\/types\/page"}],"author":[{"embeddable":true,"href":"https:\/\/having1ball.ch\/index.php\/wp-json\/wp\/v2\/users\/1"}],"replies":[{"embeddable":true,"href":"https:\/\/having1ball.ch\/index.php\/wp-json\/wp\/v2\/comments?post=18"}],"version-history":[{"count":21,"href":"https:\/\/having1ball.ch\/index.php\/wp-json\/wp\/v2\/pages\/18\/revisions"}],"predecessor-version":[{"id":567,"href":"https:\/\/having1ball.ch\/index.php\/wp-json\/wp\/v2\/pages\/18\/revisions\/567"}],"wp:attachment":[{"href":"https:\/\/having1ball.ch\/index.php\/wp-json\/wp\/v2\/media?parent=18"}],"curies":[{"name":"wp","href":"https:\/\/api.w.org\/{rel}","templated":true}]}}