{"id":15,"date":"2024-04-17T12:48:25","date_gmt":"2024-04-17T12:48:25","guid":{"rendered":"https:\/\/new.having1ball.ch\/?page_id=15"},"modified":"2025-08-20T09:58:07","modified_gmt":"2025-08-20T08:58:07","slug":"cancer-du-testicule","status":"publish","type":"page","link":"https:\/\/having1ball.ch\/index.php\/cancer-du-testicule\/","title":{"rendered":"Cancer du testicule &#8211; FR"},"content":{"rendered":"<h1>\n<h1 class=\"font_0 wixui-rich-text__text\">LE CANCER DU TESTICULE<\/h1>\n<\/h1>\n<div>\n<h3>QU&rsquo;EST CE QUE LE CANCER DU TESTICULE? <\/h3>\n<div>\n<p class=\"mKHBQH wixui-collapsible-text__text Bl38S6 ZHh7xa\">Le cancer du testicule est une maladie dans laquelle un cancer se d\u00e9veloppe dans l&rsquo;un ou les deux testicules. Il survient lorsque les cellules germinales connaissent une croissance anormale, formant une masse de cellules appel\u00e9es tumeurs qui commencent \u00e0 envahir les tissus normaux. Le cancer du testicule n&rsquo;est pas un type de cancer courant. Il peut survenir \u00e0 tout \u00e2ge, mais le plus souvent entre 15 et 44 ans.\u00a0 Le cancer du testicule peut m\u00e9tastaser, c&rsquo;est-\u00e0-dire qu&rsquo;il peut se propager \u00e0 d&rsquo;autres parties du corps par les vaisseaux sanguins et lymphatiques, formant ainsi de nouvelles tumeurs. Le cancer du testicule se propage le plus souvent \u00e0 l&rsquo;abdomen, au foie, aux poumons, aux os et au cerveau. S&rsquo;il n&rsquo;est pas d\u00e9tect\u00e9 \u00e0 temps, les tumeurs canc\u00e9reuses peuvent se d\u00e9velopper rapidement et doubler de volume en l&rsquo;espace de 10 \u00e0 30 jours. Il est mortel s&rsquo;il n&rsquo;est pas trait\u00e9.\u00a0 Toutefois, m\u00eame lorsqu&rsquo;il se propage \u00e0 d&rsquo;autres parties du corps, le cancer du testicule se traite g\u00e9n\u00e9ralement tr\u00e8s bien. Les traitements d\u00e9pendent du type de cancer du testicule dont vous souffrez et de son degr\u00e9 de propagation. Les traitements courants comprennent la chirurgie, la chimioth\u00e9rapie et la radioth\u00e9rapie. Le cancer du testicule est en augmentation. Chaque ann\u00e9e en Suisse, on d\u00e9nombre environ 470 nouveaux cas de cancer du testicule<\/p>\n<\/div>\n<\/div>\n<hr>\n<h1>\n<h5>Facteurs de risques<\/h5>\n<\/h1>\n<div>\n<p><span class=\"wixui-rich-text__text\"><span class=\"color_37 wixui-rich-text__text\">Les facteurs suivants peuvent augmenter le risque de cancer du testicule :<br \/><\/span><\/span><span class=\"wixui-rich-text__text\"><span class=\"color_37 wixui-rich-text__text\">\u2022 un testicule non descendu dans le scrotum (malposition des testicules) <br \/>\u2022 des ant\u00e9c\u00e9dents de cancer du testicule<br \/>\u2022 des facteurs h\u00e9r\u00e9ditaires.<\/span><\/span><span class=\"wixui-rich-text__text\"><span class=\"color_37 wixui-rich-text__text\"><\/span><\/span><\/p>\n<\/div>\n<hr>\n<div>\n<h3>SYMPT\u00d4MES<\/h3>\n<div>\n<p>Sympt\u00f4mes sp\u00e9cifiques possibles : <br \/>\u2022 un testicule enfl\u00e9 ou plus volumineux (g\u00e9n\u00e9ralement indolore) <br \/>\u2022 une zone plus dure ou un nodule dans un testicule (g\u00e9n\u00e9ralement indolore) ;<br \/>une sensation de tiraillement, de tension ou de lourdeur dans le testicule ou dans la r\u00e9gion de l\u2019aine<br \/>\u2022 une zone sensible au toucher dans la r\u00e9gion du testicule<br \/>\u2022 un gonflement des glandes mammaires (certains cancers du testicule s\u00e9cr\u00e8tent des hormones f\u00e9minines).<br \/>Sympt\u00f4mes g\u00e9n\u00e9raux possibles :<br \/>\u2022 de la fatigue, une baisse de vitalit\u00e9 <br \/>\u2022 un manque d\u2019app\u00e9tit, des naus\u00e9es <br \/>\u2022 une perte de poids <br \/>\u2022 des maux de dos <br \/>\u2022 des troubles respiratoires<\/p>\n<p>SI VOUS PRESENTEZ DES SIGNES ET DES SYMPTOMES DE CANCER DU TESTICULE, CONSULTEZ IMMEDIATEMENT UN MEDECIN.<\/p>\n<\/div>\n<\/div>\n<hr>\n<p><img decoding=\"async\" src=\"\/wp-content\/uploads\/2024\/07\/AutoCheck.webp\" alt=\"\"><\/p>\n<div>\n<p><a href=\"https:\/\/www.youtube.com\/watch?v=PphL6YLTD3U&amp;t=29s\">Auto-Examen<\/a> regarder sur YouTube<\/p>\n<\/div>\n<ul>\n<li>\n<h3>DIAGNOSTIC<\/h3>\n<div>\n<p>Comment le cancer du testicule est-il diagnostiqu\u00e9 ?<\/p>\n<p>ANTECEDENTS ET EXAMEN PHYSIQUE<\/p>\n<p>La premi\u00e8re \u00e9tape consiste pour le m\u00e9decin \u00e0 prendre connaissance de l&rsquo;ensemble des ant\u00e9c\u00e9dents m\u00e9dicaux et \u00e0 v\u00e9rifier les facteurs de risque et les sympt\u00f4mes. Lors de l&rsquo;examen physique, le m\u00e9decin palpera les testicules pour d\u00e9tecter tout signe de gonflement ou de sensibilit\u00e9, ainsi que la taille et l&#8217;emplacement d&rsquo;\u00e9ventuelles grosseurs. Le m\u00e9decin examinera \u00e9galement l&rsquo;abdomen \u00e0 la recherche de ganglions lymphatiques hypertrophi\u00e9s, signe que le cancer s&rsquo;est propag\u00e9 aux ganglions lymphatiques r\u00e9trop\u00e9riton\u00e9aux.<\/p>\n<p>\u00c9CHOGRAPHIE<\/p>\n<p>En pr\u00e9sence d&rsquo;une masse ou d&rsquo;un nodule, le m\u00e9decin voudra probablement proc\u00e9der \u00e0 une \u00e9chographie du testicule pour d\u00e9terminer si la masse est canc\u00e9reuse ou non. Les ultrasons utilisent des ondes sonores pour cr\u00e9er des \u00ab\u00a0\u00e9chos\u00a0\u00bb des organes internes. La forme des \u00e9chos r\u00e9fl\u00e9chis permet de distinguer une hydroc\u00e8le d&rsquo;autres masses b\u00e9nignes. Si la tumeur est solide, il s&rsquo;agit tr\u00e8s probablement d&rsquo;un cancer.<\/p>\n<p>ANALYSES SANGUINES<\/p>\n<p>Les analyses de sang sont souvent utiles pour diagnostiquer les tumeurs testiculaires. Certains cancers du testicule s\u00e9cr\u00e8tent des niveaux \u00e9lev\u00e9s de certaines prot\u00e9ines, appel\u00e9es marqueurs tumoraux<\/p>\n<\/div>\n<\/li>\n<li>\n<h3>TRAITEMENT<\/h3>\n<div>\n<p>Le cancer du testicule offre de bonnes chances de gu\u00e9rison au stade pr\u00e9coce comme au stade avanc\u00e9, lorsqu\u2019il a d\u00e9j\u00e0 form\u00e9 des m\u00e9tastases.<\/p>\n<p>CHIRURGIE<\/p>\n<p>Une fois le diagnostic de cancer confirm\u00e9, le testicule atteint est tout d\u2019abord enlev\u00e9 lors d\u2019une intervention chirurgicale (l\u2019ablation du testicule canc\u00e9reux = orchidectomie).<\/p>\n<p>La tumeur enlev\u00e9e sera ensuite envoy\u00e9e dans un laboratoire pour analyse.<\/p>\n<p>CHIMIOTHERAPIE<\/p>\n<p>Le traitement par chimioth\u00e9rapie utilise des m\u00e9dicaments puissants pour tuer les cellules canc\u00e9reuses, souvent apr\u00e8s la chirurgie. La chimioth\u00e9rapie se propage dans tout le corps et peut d\u00e9truire les cellules canc\u00e9reuses qui se sont diss\u00e9min\u00e9es au-del\u00e0 du testicule.<\/p>\n<p>La chimioth\u00e9rapie peut avoir pour cons\u00e9quence l&rsquo;arr\u00eat de la production de sperme par votre organisme. Mais, plus fr\u00e9quemment, la production de spermatozo\u00efdes reprend lorsque vous vous r\u00e9tablissez apr\u00e8s vos traitements. Lorsque la perte de production de sperme est permanente, le pr\u00e9l\u00e8vement ainsi que la pr\u00e9servation de votre sperme avant la chimioth\u00e9rapie doivent \u00eatre envisag\u00e9s.<\/p>\n<\/div>\n<\/li>\n<\/ul>\n<p><!--more--><br \/>\n<!-- {\"type\":\"layout\",\"children\":[{\"type\":\"section\",\"props\":{\"image_position\":\"center-center\",\"padding\":\"xsmall\",\"padding_remove_top\":false,\"style\":\"default\",\"title_breakpoint\":\"xl\",\"title_position\":\"top-left\",\"title_rotation\":\"left\",\"vertical_align\":\"\",\"width\":\"default\"},\"children\":[{\"type\":\"row\",\"children\":[{\"type\":\"column\",\"props\":{\"image_position\":\"center-center\",\"position_sticky_breakpoint\":\"m\"},\"children\":[{\"type\":\"headline\",\"props\":{\"content\":\"\n\n<h1 class=\\\"font_0 wixui-rich-text__text\\\">LE CANCER DU TESTICULE<\\\/h1>\",\"title_element\":\"h1\"}}]}]},{\"type\":\"row\",\"children\":[{\"type\":\"column\",\"props\":{\"image_position\":\"center-center\",\"position_sticky_breakpoint\":\"m\"},\"children\":[{\"type\":\"accordion\",\"props\":{\"collapsible\":true,\"content_column_breakpoint\":\"m\",\"content_dropcap\":false,\"image_align\":\"top\",\"image_grid_breakpoint\":\"m\",\"image_grid_width\":\"1-2\",\"image_svg_color\":\"emphasis\",\"link_style\":\"default\",\"link_text\":\"Lire plus\",\"multiple\":false,\"show_image\":true,\"show_link\":true},\"children\":[{\"type\":\"accordion_item\",\"props\":{\"content\":\"\n\n<p class=\\\"mKHBQH wixui-collapsible-text__text Bl38S6 ZHh7xa\\\">Le cancer du testicule est une maladie dans laquelle un cancer se d\\u00e9veloppe dans l'un ou les deux testicules. Il survient lorsque les cellules germinales connaissent une croissance anormale, formant une masse de cellules appel\\u00e9es tumeurs qui commencent \\u00e0 envahir les tissus normaux. Le cancer du testicule n'est pas un type de cancer courant. Il peut survenir \\u00e0 tout \\u00e2ge, mais le plus souvent entre 15 et 44 ans.\\u00a0 Le cancer du testicule peut m\\u00e9tastaser, c'est-\\u00e0-dire qu'il peut se propager \\u00e0 d'autres parties du corps par les vaisseaux sanguins et lymphatiques, formant ainsi de nouvelles tumeurs. Le cancer du testicule se propage le plus souvent \\u00e0 l'abdomen, au foie, aux poumons, aux os et au cerveau. S'il n'est pas d\\u00e9tect\\u00e9 \\u00e0 temps, les tumeurs canc\\u00e9reuses peuvent se d\\u00e9velopper rapidement et doubler de volume en l'espace de 10 \\u00e0 30 jours. Il est mortel s'il n'est pas trait\\u00e9.\\u00a0 Toutefois, m\\u00eame lorsqu'il se propage \\u00e0 d'autres parties du corps, le cancer du testicule se traite g\\u00e9n\\u00e9ralement tr\\u00e8s bien. Les traitements d\\u00e9pendent du type de cancer du testicule dont vous souffrez et de son degr\\u00e9 de propagation. Les traitements courants comprennent la chirurgie, la chimioth\\u00e9rapie et la radioth\\u00e9rapie. Le cancer du testicule est en augmentation. Chaque ann\\u00e9e en Suisse, on d\\u00e9nombre environ 470 nouveaux cas de cancer du testicule<\\\/p>\",\"title\":\"QU'EST CE QUE LE CANCER DU TESTICULE? \"}}]},{\"type\":\"divider\",\"props\":{\"divider_element\":\"hr\"}},{\"type\":\"headline\",\"props\":{\"content\":\"\n\n<h5>Facteurs de risques<\\\/h5>\",\"title_element\":\"h1\"}},{\"type\":\"text\",\"props\":{\"column_breakpoint\":\"m\",\"content\":\"\n\n<p><span class=\\\"wixui-rich-text__text\\\"><span class=\\\"color_37 wixui-rich-text__text\\\">Les facteurs suivants peuvent augmenter le risque de cancer du testicule :<br \\\/><\\\/span><\\\/span><span class=\\\"wixui-rich-text__text\\\"><span class=\\\"color_37 wixui-rich-text__text\\\">\\u2022 un testicule non descendu dans le scrotum (malposition des testicules) <br \\\/>\\u2022 des ant\\u00e9c\\u00e9dents de cancer du testicule<br \\\/>\\u2022 des facteurs h\\u00e9r\\u00e9ditaires.<\\\/span><\\\/span><span class=\\\"wixui-rich-text__text\\\"><span class=\\\"color_37 wixui-rich-text__text\\\"><\\\/span><\\\/span><\\\/p>\",\"margin\":\"default\",\"margin_remove_bottom\":true}},{\"type\":\"divider\",\"props\":{\"divider_element\":\"hr\"}},{\"type\":\"accordion\",\"props\":{\"collapsible\":true,\"content_column_breakpoint\":\"m\",\"content_dropcap\":false,\"image_align\":\"top\",\"image_grid_breakpoint\":\"m\",\"image_grid_width\":\"1-2\",\"image_svg_color\":\"emphasis\",\"link_style\":\"default\",\"link_text\":\"Lire plus\",\"multiple\":false,\"show_image\":true,\"show_link\":true},\"children\":[{\"type\":\"accordion_item\",\"props\":{\"content\":\"\n\n<p>Sympt\\u00f4mes sp\\u00e9cifiques possibles : <br \\\/>\\u2022 un testicule enfl\\u00e9 ou plus volumineux (g\\u00e9n\\u00e9ralement indolore) <br \\\/>\\u2022 une zone plus dure ou un nodule dans un testicule (g\\u00e9n\\u00e9ralement indolore) ;<br \\\/>une sensation de tiraillement, de tension ou de lourdeur dans le testicule ou dans la r\\u00e9gion de l\\u2019aine<br \\\/>\\u2022 une zone sensible au toucher dans la r\\u00e9gion du testicule<br \\\/>\\u2022 un gonflement des glandes mammaires (certains cancers du testicule s\\u00e9cr\\u00e8tent des hormones f\\u00e9minines).<br \\\/>Sympt\\u00f4mes g\\u00e9n\\u00e9raux possibles :<br \\\/>\\u2022 de la fatigue, une baisse de vitalit\\u00e9 <br \\\/>\\u2022 un manque d\\u2019app\\u00e9tit, des naus\\u00e9es <br \\\/>\\u2022 une perte de poids <br \\\/>\\u2022 des maux de dos <br \\\/>\\u2022 des troubles respiratoires<\\\/p>\\n\n\n<p>SI VOUS PRESENTEZ DES SIGNES ET DES SYMPTOMES DE CANCER DU TESTICULE, CONSULTEZ IMMEDIATEMENT UN MEDECIN.<\\\/p>\",\"title\":\"SYMPT\\u00d4MES\"}}]},{\"type\":\"divider\",\"props\":{\"divider_element\":\"hr\"}},{\"type\":\"image\",\"props\":{\"image\":\"wp-content\\\/uploads\\\/2024\\\/07\\\/AutoCheck.webp\",\"image_svg_color\":\"emphasis\",\"margin\":\"default\",\"text_align\":\"center\"}},{\"type\":\"text\",\"props\":{\"column_breakpoint\":\"m\",\"content\":\"\n\n<p><a href=\\\"https:\\\/\\\/www.youtube.com\\\/watch?v=PphL6YLTD3U&amp;t=29s\\\">Auto-Examen<\\\/a> regarder sur YouTube<\\\/p>\",\"margin\":\"default\"}},{\"type\":\"accordion\",\"props\":{\"collapsible\":true,\"content_column_breakpoint\":\"m\",\"image_align\":\"top\",\"image_grid_breakpoint\":\"m\",\"image_grid_width\":\"1-2\",\"image_svg_color\":\"emphasis\",\"link_style\":\"default\",\"link_text\":\"Read more\",\"show_image\":true,\"show_link\":true},\"children\":[{\"type\":\"accordion_item\",\"props\":{\"content\":\"\n\n<p><\\\/p>\\n\n\n<p>Comment le cancer du testicule est-il diagnostiqu\\u00e9 ?<br \\\/><br \\\/>ANTECEDENTS ET EXAMEN PHYSIQUE<\\\/p>\\n\n\n<p>La premi\\u00e8re \\u00e9tape consiste pour le m\\u00e9decin \\u00e0 prendre connaissance de l'ensemble des ant\\u00e9c\\u00e9dents m\\u00e9dicaux et \\u00e0 v\\u00e9rifier les facteurs de risque et les sympt\\u00f4mes. Lors de l'examen physique, le m\\u00e9decin palpera les testicules pour d\\u00e9tecter tout signe de gonflement ou de sensibilit\\u00e9, ainsi que la taille et l'emplacement d'\\u00e9ventuelles grosseurs. Le m\\u00e9decin examinera \\u00e9galement l'abdomen \\u00e0 la recherche de ganglions lymphatiques hypertrophi\\u00e9s, signe que le cancer s'est propag\\u00e9 aux ganglions lymphatiques r\\u00e9trop\\u00e9riton\\u00e9aux.<\\\/p>\\n\n\n<p>\\u00c9CHOGRAPHIE<\\\/p>\\n\n\n<p>En pr\\u00e9sence d'une masse ou d'un nodule, le m\\u00e9decin voudra probablement proc\\u00e9der \\u00e0 une \\u00e9chographie du testicule pour d\\u00e9terminer si la masse est canc\\u00e9reuse ou non. Les ultrasons utilisent des ondes sonores pour cr\\u00e9er des \\\"\\u00e9chos\\\" des organes internes. La forme des \\u00e9chos r\\u00e9fl\\u00e9chis permet de distinguer une hydroc\\u00e8le d'autres masses b\\u00e9nignes. Si la tumeur est solide, il s'agit tr\\u00e8s probablement d'un cancer.<\\\/p>\\n\n\n<p>ANALYSES SANGUINES<\\\/p>\\n\n\n<p>Les analyses de sang sont souvent utiles pour diagnostiquer les tumeurs testiculaires. Certains cancers du testicule s\\u00e9cr\\u00e8tent des niveaux \\u00e9lev\\u00e9s de certaines prot\\u00e9ines, appel\\u00e9es marqueurs tumoraux<\\\/p>\",\"title\":\"DIAGNOSTIC\"}},{\"type\":\"accordion_item\",\"props\":{\"content\":\"\n\n<p>Le cancer du testicule offre de bonnes chances de gu\\u00e9rison au stade pr\\u00e9coce comme au stade avanc\\u00e9, lorsqu\\u2019il a d\\u00e9j\\u00e0 form\\u00e9 des m\\u00e9tastases.<\\\/p>\\n\n\n<p>CHIRURGIE<\\\/p>\\n\n\n<p>Une fois le diagnostic de cancer confirm\\u00e9, le testicule atteint est tout d\\u2019abord enlev\\u00e9 lors d\\u2019une intervention chirurgicale (l\\u2019ablation du testicule canc\\u00e9reux = orchidectomie).<\\\/p>\\n\n\n<p>La tumeur enlev\\u00e9e sera ensuite envoy\\u00e9e dans un laboratoire pour analyse.<\\\/p>\\n\n\n<p>CHIMIOTHERAPIE<\\\/p>\\n\n\n<p>Le traitement par chimioth\\u00e9rapie utilise des m\\u00e9dicaments puissants pour tuer les cellules canc\\u00e9reuses, souvent apr\\u00e8s la chirurgie. La chimioth\\u00e9rapie se propage dans tout le corps et peut d\\u00e9truire les cellules canc\\u00e9reuses qui se sont diss\\u00e9min\\u00e9es au-del\\u00e0 du testicule.<\\\/p>\\n\n\n<p>La chimioth\\u00e9rapie peut avoir pour cons\\u00e9quence l'arr\\u00eat de la production de sperme par votre organisme. Mais, plus fr\\u00e9quemment, la production de spermatozo\\u00efdes reprend lorsque vous vous r\\u00e9tablissez apr\\u00e8s vos traitements. Lorsque la perte de production de sperme est permanente, le pr\\u00e9l\\u00e8vement ainsi que la pr\\u00e9servation de votre sperme avant la chimioth\\u00e9rapie doivent \\u00eatre envisag\\u00e9s.<\\\/p>\",\"title\":\"TRAITEMENT\"}}]}]}]}]}],\"version\":\"4.5.24\"} --><\/p>\n","protected":false},"excerpt":{"rendered":"<p>LE CANCER DU TESTICULE QU&rsquo;EST CE QUE LE CANCER DU TESTICULE? Le cancer du testicule est une maladie dans laquelle un cancer se d\u00e9veloppe dans l&rsquo;un ou les deux testicules. Il survient lorsque les cellules germinales connaissent une croissance anormale, formant une masse de cellules appel\u00e9es tumeurs qui commencent \u00e0 envahir les tissus normaux. Le [&hellip;]<\/p>\n","protected":false},"author":1,"featured_media":0,"parent":0,"menu_order":0,"comment_status":"closed","ping_status":"closed","template":"","meta":{"footnotes":""},"class_list":["post-15","page","type-page","status-publish","hentry"],"_links":{"self":[{"href":"https:\/\/having1ball.ch\/index.php\/wp-json\/wp\/v2\/pages\/15","targetHints":{"allow":["GET"]}}],"collection":[{"href":"https:\/\/having1ball.ch\/index.php\/wp-json\/wp\/v2\/pages"}],"about":[{"href":"https:\/\/having1ball.ch\/index.php\/wp-json\/wp\/v2\/types\/page"}],"author":[{"embeddable":true,"href":"https:\/\/having1ball.ch\/index.php\/wp-json\/wp\/v2\/users\/1"}],"replies":[{"embeddable":true,"href":"https:\/\/having1ball.ch\/index.php\/wp-json\/wp\/v2\/comments?post=15"}],"version-history":[{"count":31,"href":"https:\/\/having1ball.ch\/index.php\/wp-json\/wp\/v2\/pages\/15\/revisions"}],"predecessor-version":[{"id":1811,"href":"https:\/\/having1ball.ch\/index.php\/wp-json\/wp\/v2\/pages\/15\/revisions\/1811"}],"wp:attachment":[{"href":"https:\/\/having1ball.ch\/index.php\/wp-json\/wp\/v2\/media?parent=15"}],"curies":[{"name":"wp","href":"https:\/\/api.w.org\/{rel}","templated":true}]}}