{"id":11,"date":"2024-04-17T12:47:50","date_gmt":"2024-04-17T12:47:50","guid":{"rendered":"https:\/\/new.having1ball.ch\/?page_id=11"},"modified":"2026-03-26T22:35:04","modified_gmt":"2026-03-26T21:35:04","slug":"accueil","status":"publish","type":"page","link":"https:\/\/having1ball.ch\/","title":{"rendered":"Accueil &#8211; FR"},"content":{"rendered":"<h1>\n<h1 class=\"font_3 wixui-rich-text__text\"><span class=\"wixui-rich-text__text\"><span class=\"color_37 wixui-rich-text__text\">ASSOCIATION JOSEPH BARNES POUR LA PR\u00c9VENTION DU CANCER DU TESTICULE<\/span><\/span><\/h1>\n<\/h1>\n<p><iframe src=\"https:\/\/youtu.be\/DOV9K1cLQ1I?si=msPnA-sC9vmg8Aby\"><\/iframe><br \/>\n<img decoding=\"async\" src=\"\/wp-content\/uploads\/2026\/03\/Capture-decran-2026-03-26-a-22.33.53.png\" alt=\"\"><\/p>\n<ul>\n<li>\n<p>\n        <a href=\"\/index.php\/devenir_membre\/\">Deviens membre aujourd&rsquo;hui<\/a>\n    <\/p>\n<\/li>\n<li>\n<\/li>\n<\/ul>\n<p><p>\n        <a href=\"\/index.php\/faire-un-don\/\">Dons<\/a>\n    <\/p>\n<\/p>\n<hr>\n<h1>\n<h3 class=\"font_0 wixui-rich-text__text\"><span class=\"wixui-rich-text__text\">ASSOCIATION JOSEPH BARNES POUR LA <br class=\"wixui-rich-text__text\" \/>PR\u00c9VENTION DU CANCER DU TESTICULE <\/span><\/h3>\n<\/h1>\n<div>\n<div id=\"comp-lozlh19y1\" class=\"HcOXKn c9GqVL QxJLC3 ONIxfn comp-lozlh19y1 wixui-rich-text\" data-testid=\"richTextElement\">\n<p class=\"font_8 wixui-rich-text__text\"><span class=\"wixui-rich-text__text\">Having a Ball est une association \u00e0 but non lucratif d\u00e9di\u00e9e \u00e0 la sensibilisation du grand public sur le cancer le plus courant atteignant les hommes \u00e2g\u00e9s de 15 \u00e0 44 ans. Nous souhaitons \u00e9galement offrir un soutien pr\u00e9cieux aux patients survivants pour les permettre d&rsquo;en gu\u00e9rir.<\/span><\/p>\n<p class=\"font_8 wixui-rich-text__text\"><span class=\"wixui-rich-text__text\">Having a Ball s&rsquo;efforce de promouvoir le d\u00e9pistage pr\u00e9coce par la pratique d&rsquo;auto-examens mensuels, tout en luttant contre la stigmatisation et le tabou associ\u00e9s au cancer du testicule. Notre mission consiste \u00e0 informer le public sur les traitements et le soutien social disponibles.<\/span><\/p>\n<\/div>\n<\/div>\n<hr>\n<h1><a href=\"\/index.php\/lhistoire-de-joey\/\">L&rsquo;histoire de Joey <img decoding=\"async\" src=\"data:image\/png;base64,iVBORw0KGgoAAAANSUhEUgAAABYAAAAVCAIAAADNQonCAAAAAXNSR0IArs4c6QAAAARnQU1BAACxjwv8YQUAAAAJcEhZcwAAEnQAABJ0Ad5mH3gAAAASdEVYdFNvZnR3YXJlAEdyZWVuc2hvdF5VCAUAAAFySURBVDhPY\/hPMRjMRrzYPbGhoaEkztPBwcEzrgTInrj7BVQOA+A0Ys2M\/u\/LJkLQmxktJBtxuTOopb4dbsSz+qCgzstQOQxATSNeHZrT2dZUluTv6uLkaG2gWljcDDficbGVqoG1o5OLq39SWVNb55xDr6C6QABuBND7zWfm939cMvHbsolfl04AIrgR38BcoPi3Jf3v53euRA0YuBFX+yLD9s2C6sGHZhW2R\/ZdheoCAbgRT7d21Z5bgKEBEy1oW9619SlUFwgge6RhelvllOSw3riwriCnafVtcG3P6wNqg4KA4r3JmXPbGntxeOTP90\/vXj65f\/va5fOnTqwodG+oQRjxtMbHvXDFiVPnL1+7ff\/Jy3efvv+B6gIBuBEogArp4tbs9P6WDrgRz1sS0mffgsphAOxGAANm0YSue7M6Xs3tfDar68qEJpIT+IfL25bMnthamhobF5ta2jpx9pJtlz9A5TAAdiNIAsPEiP\/\/AeV\/xJGzfuE0AAAAAElFTkSuQmCC\" alt=\"\" \/><\/a><\/h1>\n<div>\n<div id=\"comp-ll9zhf3q\" class=\"HcOXKn c9GqVL QxJLC3 ONIxfn comp-ll9zhf3q wixui-rich-text\" data-testid=\"richTextElement\">\n<p class=\"font_8 wixui-rich-text__text\"><span class=\"wixui-rich-text__text\">En juin 2021, \u00e0 l&rsquo;\u00e2ge de 40 ans, un cancer du testicule m\u00e9tastatique a \u00e9t\u00e9 diagnostiqu\u00e9 chez Joseph Barnes. Au d\u00e9but, nous esp\u00e9rions qu&rsquo;il pourrait vaincre la maladie, car m\u00eame apr\u00e8s la formation de m\u00e9tastases, le cancer du testicule r\u00e9agit bien au traitement et a un taux de gu\u00e9rison \u00e9lev\u00e9.\u00a0<\/span><\/p>\n<p class=\"font_8 wixui-rich-text__text\">\n<p class=\"font_8 wixui-rich-text__text\"><span class=\"wixui-rich-text__text\"><span class=\"color_40 wixui-rich-text__text\">Nous plongeant dans un d\u00e9sarroi profond, malgr\u00e9 sa lutte courageuse pendant 16 mois de chimioth\u00e9rapie, de nombreuses interventions chirurgicales, une greffe de cellules souches autologues, un coma artificiel et plus de 100 jours d&rsquo;hospitalisation, Joey est d\u00e9c\u00e9d\u00e9 le 13 octobre 2022.\u00a0<\/span><\/span><\/p>\n<p class=\"font_8 wixui-rich-text__text\">\n<p class=\"font_8 wixui-rich-text__text\"><span class=\"wixui-rich-text__text\">Quelques mois apr\u00e8s sa mort tragique, nous avons fond\u00e9 l&rsquo;association \u00e0 but non lucratif \u00ab\u00a0Having a Ball, Association Joseph Barnes pour la pr\u00e9vention du cancer du testicule\u00a0\u00bb afin d&rsquo;informer les autres sur l&rsquo;importance de l&rsquo;auto-examen et de la d\u00e9tection pr\u00e9coce de cette forme peu connue de cancer, et d&rsquo;aider ainsi \u00e0 sauver des vies.<\/span><\/p>\n<\/div>\n<\/div>\n<p><img decoding=\"async\" src=\"\/wp-content\/uploads\/2024\/04\/5e4b48_5eb567d400f24aef96f2b6ef0fe312a6mv2.webp\" alt=\"\"><\/p>\n<p><!--more--><br \/>\n<!-- {\"type\":\"layout\",\"children\":[{\"type\":\"section\",\"props\":{\"image_position\":\"center-center\",\"padding_bottom\":\"none\",\"padding_top\":\"none\",\"style\":\"default\",\"title_breakpoint\":\"xl\",\"title_position\":\"top-left\",\"title_rotation\":\"left\",\"vertical_align\":\"\",\"width\":\"default\"},\"children\":[{\"type\":\"row\",\"children\":[{\"type\":\"column\",\"props\":{\"image_position\":\"center-center\",\"position_sticky_breakpoint\":\"m\"},\"children\":[{\"type\":\"headline\",\"props\":{\"content\":\"\n\n<h1 class=\\\"font_3 wixui-rich-text__text\\\"><span class=\\\"wixui-rich-text__text\\\"><span class=\\\"color_37 wixui-rich-text__text\\\">ASSOCIATION JOSEPH BARNES POUR LA PR\u00c9VENTION DU CANCER DU TESTICULE<\/span><\/span><\/h1>\n\n\",\"image_align\":\"left\",\"image_margin\":\"xsmall\",\"title_element\":\"h1\"}}]}],\"props\":{\"width\":\"small\"}},{\"type\":\"row\",\"children\":[{\"type\":\"column\",\"props\":{\"image_position\":\"center-center\",\"position_sticky_breakpoint\":\"m\",\"width_medium\":\"1-2\"},\"children\":[{\"type\":\"video\",\"props\":{\"margin_bottom\":\"default\",\"margin_top\":\"remove\",\"text_align\":\"center\",\"video\":\"https:\/\/youtu.be\/DOV9K1cLQ1I?si=msPnA-sC9vmg8Aby\",\"video_controls\":true,\"video_loading\":\"lazy\",\"video_width\":\"900\"}}]},{\"type\":\"column\",\"props\":{\"image_position\":\"center-center\",\"position_sticky_breakpoint\":\"m\",\"width_medium\":\"1-2\"},\"children\":[{\"type\":\"image\",\"props\":{\"image\":\"wp-content\/uploads\/2026\/03\/Capture-decran-2026-03-26-a-22.33.53.png\",\"image_svg_color\":\"emphasis\",\"margin_bottom\":\"default\",\"margin_top\":\"default\"}}]}],\"props\":{\"divider\":true,\"layout\":\"1-2,1-2\"}},{\"type\":\"row\",\"children\":[{\"type\":\"column\",\"props\":{\"image_position\":\"center-center\",\"position_sticky_breakpoint\":\"m\",\"width_medium\":\"1-2\"},\"children\":[{\"type\":\"button\",\"props\":{\"button_size\":\"small\",\"fullwidth\":false,\"grid_column_gap\":\"small\",\"grid_row_gap\":\"small\",\"margin_bottom\":\"remove\",\"margin_top\":\"remove\",\"position_left\":\"-160\",\"position_top\":\"-13\",\"text_align\":\"center\"},\"children\":[{\"type\":\"button_item\",\"props\":{\"button_style\":\"secondary\",\"content\":\"Deviens membre aujourd'hui\",\"dialog_layout\":\"modal\",\"dialog_offcanvas_flip\":true,\"icon_align\":\"left\",\"link\":\"index.php\/devenir_membre\/\"}},{\"type\":\"button_item\",\"props\":{\"button_style\":\"default\",\"dialog_layout\":\"modal\",\"dialog_offcanvas_flip\":true,\"icon_align\":\"left\",\"link\":\"https:\/\/having1ball.ch\/wp-admin\/admin-ajax.php?action=yootheme&yootheme=customizer&site=https%3A%2F%2Fhaving1ball.ch%2Findex.php%2Fmerci-de-votre-soutien%2F&return=https%3A%2F%2Fhaving1ball.ch%2Fwp-admin%2Fpost.php%3Fpost%3D33%26action%3Dedit\"}}]}]},{\"type\":\"column\",\"props\":{\"image_position\":\"center-center\",\"position_sticky_breakpoint\":\"m\",\"width_medium\":\"1-2\"},\"children\":[{\"type\":\"button\",\"props\":{\"button_size\":\"small\",\"grid_column_gap\":\"small\",\"grid_row_gap\":\"small\",\"margin_bottom\":\"remove\",\"margin_top\":\"remove\",\"position\":\"absolute\",\"position_left\":\"100\",\"position_top\":\"-12\",\"text_align\":\"center\"},\"children\":[{\"type\":\"button_item\",\"props\":{\"button_style\":\"secondary\",\"content\":\"Dons\",\"dialog_layout\":\"modal\",\"dialog_offcanvas_flip\":true,\"icon_align\":\"left\",\"link\":\"index.php\/faire-un-don\/\"}}]}]}],\"props\":{\"layout\":\"1-2,1-2\"}},{\"type\":\"row\",\"children\":[{\"type\":\"column\",\"props\":{\"image_position\":\"center-center\",\"position_sticky_breakpoint\":\"m\"},\"children\":[{\"type\":\"divider\",\"props\":{\"divider_element\":\"hr\"}},{\"type\":\"headline\",\"props\":{\"content\":\"\n\n<h3 class=\\\"font_0 wixui-rich-text__text\\\"><span class=\\\"wixui-rich-text__text\\\">ASSOCIATION JOSEPH BARNES POUR LA <br class=\\\"wixui-rich-text__text\\\" \/>PR\u00c9VENTION DU CANCER DU TESTICULE <\/span><\/h3>\n\n\",\"image_align\":\"left\",\"image_margin\":\"xsmall\",\"text_align\":\"left\",\"title_element\":\"h1\"}},{\"type\":\"text\",\"props\":{\"block_align\":\"center\",\"column_breakpoint\":\"m\",\"content\":\"\n\n<div id=\\\"comp-lozlh19y1\\\" class=\\\"HcOXKn c9GqVL QxJLC3 ONIxfn comp-lozlh19y1 wixui-rich-text\\\" data-testid=\\\"richTextElement\\\">\\n\n\n<p class=\\\"font_8 wixui-rich-text__text\\\"><span class=\\\"wixui-rich-text__text\\\">Having a Ball est une association \u00e0 but non lucratif d\u00e9di\u00e9e \u00e0 la sensibilisation du grand public sur le cancer le plus courant atteignant les hommes \u00e2g\u00e9s de 15 \u00e0 44 ans. Nous souhaitons \u00e9galement offrir un soutien pr\u00e9cieux aux patients survivants pour les permettre d'en gu\u00e9rir.<\/span><\/p>\n\n\\n\n\n<p class=\\\"font_8 wixui-rich-text__text\\\"><span class=\\\"wixui-rich-text__text\\\">Having a Ball s'efforce de promouvoir le d\u00e9pistage pr\u00e9coce par la pratique d'auto-examens mensuels, tout en luttant contre la stigmatisation et le tabou associ\u00e9s au cancer du testicule. Notre mission consiste \u00e0 informer le public sur les traitements et le soutien social disponibles.<\/span><\/p>\n\n\\n<\/div>\n\n\",\"margin_bottom\":\"\",\"margin_top\":\"\",\"maxwidth\":\"2xlarge\",\"text_align\":\"left\"}},{\"type\":\"divider\",\"props\":{\"divider_element\":\"hr\"}}]}]},{\"type\":\"row\",\"props\":{\"layout\":\"1-5,3-5,1-5\"},\"children\":[{\"type\":\"column\",\"props\":{\"image_position\":\"center-center\",\"position_sticky_breakpoint\":\"m\",\"width_medium\":\"1-5\"},\"children\":[{\"type\":\"headline\",\"props\":{\"content\":\"L'histoire de Joey <img src=\\\"data:image\/png;base64,iVBORw0KGgoAAAANSUhEUgAAABYAAAAVCAIAAADNQonCAAAAAXNSR0IArs4c6QAAAARnQU1BAACxjwv8YQUAAAAJcEhZcwAAEnQAABJ0Ad5mH3gAAAASdEVYdFNvZnR3YXJlAEdyZWVuc2hvdF5VCAUAAAFySURBVDhPY\/hPMRjMRrzYPbGhoaEkztPBwcEzrgTInrj7BVQOA+A0Ys2M\/u\/LJkLQmxktJBtxuTOopb4dbsSz+qCgzstQOQxATSNeHZrT2dZUluTv6uLkaG2gWljcDDficbGVqoG1o5OLq39SWVNb55xDr6C6QABuBND7zWfm939cMvHbsolfl04AIrgR38BcoPi3Jf3v53euRA0YuBFX+yLD9s2C6sGHZhW2R\/ZdheoCAbgRT7d21Z5bgKEBEy1oW9619SlUFwgge6RhelvllOSw3riwriCnafVtcG3P6wNqg4KA4r3JmXPbGntxeOTP90\/vXj65f\/va5fOnTqwodG+oQRjxtMbHvXDFiVPnL1+7ff\/Jy3efvv+B6gIBuBEogArp4tbs9P6WDrgRz1sS0mffgsphAOxGAANm0YSue7M6Xs3tfDar68qEJpIT+IfL25bMnthamhobF5ta2jpx9pJtlz9A5TAAdiNIAsPEiP\/\/AeV\/xJGzfuE0AAAAAElFTkSuQmCC\\\" alt=\\\"\\\" \/>\",\"image_align\":\"left\",\"image_margin\":\"xsmall\",\"link\":\"index.php\/lhistoire-de-joey\/\",\"margin_bottom\":\"small\",\"margin_top\":\"small\",\"text_align\":\"left\",\"title_element\":\"h1\"}}]},{\"type\":\"column\",\"props\":{\"image_position\":\"center-center\",\"position_sticky_breakpoint\":\"m\",\"width_medium\":\"3-5\"},\"children\":[{\"type\":\"text\",\"props\":{\"column_breakpoint\":\"m\",\"content\":\"\n\n<div id=\\\"comp-ll9zhf3q\\\" class=\\\"HcOXKn c9GqVL QxJLC3 ONIxfn comp-ll9zhf3q wixui-rich-text\\\" data-testid=\\\"richTextElement\\\">\\n\n\n<p class=\\\"font_8 wixui-rich-text__text\\\"><span class=\\\"wixui-rich-text__text\\\">En juin 2021, \u00e0 l'\u00e2ge de 40 ans, un cancer du testicule m\u00e9tastatique a \u00e9t\u00e9 diagnostiqu\u00e9 chez Joseph Barnes. Au d\u00e9but, nous esp\u00e9rions qu'il pourrait vaincre la maladie, car m\u00eame apr\u00e8s la formation de m\u00e9tastases, le cancer du testicule r\u00e9agit bien au traitement et a un taux de gu\u00e9rison \u00e9lev\u00e9.\u00a0<\/span><\/p>\n\n\\n\n\n<p class=\\\"font_8 wixui-rich-text__text\\\">\n\n\\n\n\n<p class=\\\"font_8 wixui-rich-text__text\\\"><span class=\\\"wixui-rich-text__text\\\"><span class=\\\"color_40 wixui-rich-text__text\\\">Nous plongeant dans un d\u00e9sarroi profond, malgr\u00e9 sa lutte courageuse pendant 16 mois de chimioth\u00e9rapie, de nombreuses interventions chirurgicales, une greffe de cellules souches autologues, un coma artificiel et plus de 100 jours d'hospitalisation, Joey est d\u00e9c\u00e9d\u00e9 le 13 octobre 2022.\u00a0<\/span><\/span><\/p>\n\n\\n\n\n<p class=\\\"font_8 wixui-rich-text__text\\\">\n\n\\n\n\n<p class=\\\"font_8 wixui-rich-text__text\\\"><span class=\\\"wixui-rich-text__text\\\">Quelques mois apr\u00e8s sa mort tragique, nous avons fond\u00e9 l'association \u00e0 but non lucratif \\\"Having a Ball, Association Joseph Barnes pour la pr\u00e9vention du cancer du testicule\\\" afin d'informer les autres sur l'importance de l'auto-examen et de la d\u00e9tection pr\u00e9coce de cette forme peu connue de cancer, et d'aider ainsi \u00e0 sauver des vies.<\/span><\/p>\n\n\\n<\/div>\n\n\",\"margin_bottom\":\"default\",\"margin_top\":\"default\",\"text_align\":\"left\"}}]},{\"type\":\"column\",\"props\":{\"image_position\":\"center-center\",\"position_sticky_breakpoint\":\"m\",\"width_medium\":\"1-5\"},\"children\":[{\"type\":\"image\",\"props\":{\"image\":\"wp-content\/uploads\/2024\/04\/5e4b48_5eb567d400f24aef96f2b6ef0fe312a6mv2.webp\",\"image_svg_color\":\"emphasis\",\"margin_bottom\":\"default\",\"margin_top\":\"default\"}}]}]}]}],\"version\":\"5.0.25\"} --><\/p>\n","protected":false},"excerpt":{"rendered":"<p>ASSOCIATION JOSEPH BARNES POUR LA PR\u00c9VENTION DU CANCER DU TESTICULE Deviens membre aujourd&rsquo;hui Dons ASSOCIATION JOSEPH BARNES POUR LA PR\u00c9VENTION DU CANCER DU TESTICULE Having a Ball est une association \u00e0 but non lucratif d\u00e9di\u00e9e \u00e0 la sensibilisation du grand public sur le cancer le plus courant atteignant les hommes \u00e2g\u00e9s de 15 \u00e0 44 [&hellip;]<\/p>\n","protected":false},"author":1,"featured_media":0,"parent":0,"menu_order":0,"comment_status":"closed","ping_status":"closed","template":"","meta":{"footnotes":""},"class_list":["post-11","page","type-page","status-publish","hentry"],"_links":{"self":[{"href":"https:\/\/having1ball.ch\/index.php\/wp-json\/wp\/v2\/pages\/11","targetHints":{"allow":["GET"]}}],"collection":[{"href":"https:\/\/having1ball.ch\/index.php\/wp-json\/wp\/v2\/pages"}],"about":[{"href":"https:\/\/having1ball.ch\/index.php\/wp-json\/wp\/v2\/types\/page"}],"author":[{"embeddable":true,"href":"https:\/\/having1ball.ch\/index.php\/wp-json\/wp\/v2\/users\/1"}],"replies":[{"embeddable":true,"href":"https:\/\/having1ball.ch\/index.php\/wp-json\/wp\/v2\/comments?post=11"}],"version-history":[{"count":122,"href":"https:\/\/having1ball.ch\/index.php\/wp-json\/wp\/v2\/pages\/11\/revisions"}],"predecessor-version":[{"id":2508,"href":"https:\/\/having1ball.ch\/index.php\/wp-json\/wp\/v2\/pages\/11\/revisions\/2508"}],"wp:attachment":[{"href":"https:\/\/having1ball.ch\/index.php\/wp-json\/wp\/v2\/media?parent=11"}],"curies":[{"name":"wp","href":"https:\/\/api.w.org\/{rel}","templated":true}]}}